{"id":1684,"date":"2017-11-23T13:56:17","date_gmt":"2017-11-23T11:56:17","guid":{"rendered":"https:\/\/leipyoli.com\/geschichte\/"},"modified":"2025-02-20T19:57:17","modified_gmt":"2025-02-20T17:57:17","slug":"geschichte","status":"publish","type":"page","link":"https:\/\/leipyoli.com\/de\/der-bauernhof\/geschichte\/","title":{"rendered":"Geschichte"},"content":{"rendered":"\t\t<div data-elementor-type=\"wp-post\" data-elementor-id=\"1684\" class=\"elementor elementor-1684 elementor-591 elementor-bc-flex-widget\" data-elementor-post-type=\"page\">\n\t\t\t\t\t\t<section class=\"elementor-section elementor-top-section elementor-element elementor-element-31292c5 elementor-section-height-min-height elementor-section-boxed elementor-section-height-default elementor-section-items-middle\" data-id=\"31292c5\" data-element_type=\"section\" data-e-type=\"section\" data-settings=\"{&quot;background_background&quot;:&quot;classic&quot;}\">\n\t\t\t\t\t\t\t<div class=\"elementor-background-overlay\"><\/div>\n\t\t\t\t\t\t\t<div class=\"elementor-container elementor-column-gap-default\">\n\t\t\t\t\t<div class=\"elementor-column elementor-col-100 elementor-top-column elementor-element elementor-element-4ae5e5a1\" data-id=\"4ae5e5a1\" data-element_type=\"column\" data-e-type=\"column\">\n\t\t\t<div class=\"elementor-widget-wrap elementor-element-populated\">\n\t\t\t\t\t\t<div class=\"elementor-element elementor-element-40a9e5fc elementor-widget elementor-widget-heading\" data-id=\"40a9e5fc\" data-element_type=\"widget\" data-e-type=\"widget\" data-widget_type=\"heading.default\">\n\t\t\t\t<div class=\"elementor-widget-container\">\n\t\t\t\t\t<h1 class=\"elementor-heading-title elementor-size-default\">St\u00fccke aus der Geschichte von Leipy\u00f6li<\/h1>\t\t\t\t<\/div>\n\t\t\t\t<\/div>\n\t\t\t\t\t<\/div>\n\t\t<\/div>\n\t\t\t\t\t<\/div>\n\t\t<\/section>\n\t\t\t\t<section class=\"elementor-section elementor-top-section elementor-element elementor-element-22e13a81 elementor-section-boxed elementor-section-height-default elementor-section-height-default\" data-id=\"22e13a81\" data-element_type=\"section\" data-e-type=\"section\">\n\t\t\t\t\t\t<div class=\"elementor-container elementor-column-gap-default\">\n\t\t\t\t\t<div class=\"elementor-column elementor-col-100 elementor-top-column elementor-element elementor-element-424be22\" data-id=\"424be22\" data-element_type=\"column\" data-e-type=\"column\">\n\t\t\t<div class=\"elementor-widget-wrap elementor-element-populated\">\n\t\t\t\t\t\t<div class=\"elementor-element elementor-element-188cd438 elementor-widget elementor-widget-spacer\" data-id=\"188cd438\" data-element_type=\"widget\" data-e-type=\"widget\" data-widget_type=\"spacer.default\">\n\t\t\t\t<div class=\"elementor-widget-container\">\n\t\t\t\t\t\t\t<div class=\"elementor-spacer\">\n\t\t\t<div class=\"elementor-spacer-inner\"><\/div>\n\t\t<\/div>\n\t\t\t\t\t\t<\/div>\n\t\t\t\t<\/div>\n\t\t\t\t<div class=\"elementor-element elementor-element-7cfb1c5 elementor-widget elementor-widget-spacer\" data-id=\"7cfb1c5\" data-element_type=\"widget\" data-e-type=\"widget\" data-widget_type=\"spacer.default\">\n\t\t\t\t<div class=\"elementor-widget-container\">\n\t\t\t\t\t\t\t<div class=\"elementor-spacer\">\n\t\t\t<div class=\"elementor-spacer-inner\"><\/div>\n\t\t<\/div>\n\t\t\t\t\t\t<\/div>\n\t\t\t\t<\/div>\n\t\t\t\t<div class=\"elementor-element elementor-element-4faa2f4d elementor-widget elementor-widget-heading\" data-id=\"4faa2f4d\" data-element_type=\"widget\" data-e-type=\"widget\" data-widget_type=\"heading.default\">\n\t\t\t\t<div class=\"elementor-widget-container\">\n\t\t\t\t\t<h2 class=\"elementor-heading-title elementor-size-default\">Fr\u00fche Erw\u00e4hnungen der Besitzer von Leipy\u00f6li<\/h2>\t\t\t\t<\/div>\n\t\t\t\t<\/div>\n\t\t\t\t<div class=\"elementor-element elementor-element-7fc13231 elementor-widget elementor-widget-text-editor\" data-id=\"7fc13231\" data-element_type=\"widget\" data-e-type=\"widget\" data-widget_type=\"text-editor.default\">\n\t\t\t\t<div class=\"elementor-widget-container\">\n\t\t\t\t\t\t\t\t\t<p><span style=\"font-weight: 400;\">Die fr\u00fchesten Aufzeichnungen \u00fcber die Besitzer von Leipy\u00f6li stammen aus dem Jahr 1426, als Nils Person und seine Mutter Margit das Gut kauften. Die Verk\u00e4uferin war die Ehefrau von Nils Karvala, die sich im Kaufvertrag eine lebenslange Rente sicherte. Es ist wahrscheinlich, dass es sich um Adelsfamilien handelte, da der Adel sp\u00e4ter auf Leipy\u00f6li verzichtete.   <\/span><\/p><p><span style=\"font-weight: 400;\">Etwa 130 Jahre sp\u00e4ter, im Jahr 1559, tauschte Herzog Johann (sp\u00e4ter K\u00f6nig Johann III. von Schweden) die G\u00fcter Huhti und Lemu gegen die G\u00fcter Pyh\u00e4joki und Leipy\u00f6li in einem Vertrag mit M\u00e4rta Gregersdotter, der Witwe von Olof J\u00f6ransson Sv\u00e4rd. M\u00e4rta geh\u00f6rte zur Adelsfamilie Horn af Kanckas. Durch diesen Tausch wurde Leipy\u00f6li zu einem Krongut.   <\/span><\/p><p><span style=\"font-weight: 400;\">Das Gut wurde von P\u00e4chtern, den sogenannten Lampuodit, bewirtschaftet. Die &#8222;alte finnische Hauptstra\u00dfe Nr. 1&#8220;, auch bekannt als K\u00f6nigsstra\u00dfe, f\u00fchrte \u00fcber das Land von Leipy\u00f6li und weiter \u00fcber den Fluss zum Marktplatz von N\u00e4si Muntolanniemi, wo Ende des 16. Jahrhunderts ein k\u00f6nigliches Gutshaus errichtet wurde. F\u00fcr eine gewisse Zeit diente das Gut Leipy\u00f6li sogar als Wohnsitz des k\u00f6niglichen Verwalters.  <\/span><\/p><p><span style=\"font-weight: 400;\">Leipy\u00f6li blieb bis 1741 ein Krongut, bis I. Ulner das Erweiterungsgut L\u00f6fb\u00f6le als Erbgut erwarb. Die Ulner-Familie war eine wohlhabende Familie von Staatsm\u00e4nnern und Geistlichen. Sp\u00e4ter im Jahrhundert wurde das Gut von Jakob Hjort verwaltet, der als Rusthalter (Gro\u00dfbauer, der milit\u00e4rische Dienste leistete) erw\u00e4hnt wird und mit der Verwaltung kirchlicher Angelegenheiten verbunden war. Auch in den 1850er Jahren spielte die Hjort-Familie in Perni\u00f6 eine bedeutende Rolle, insbesondere Pfarrer K.A. Hjort. Zu Beginn des 19. Jahrhunderts wurde das Gut von P\u00e4chter Juho bewirtschaftet, und in den Steuerunterlagen wurde das steuerpflichtige Verm\u00f6gen des Gutes mit 666 Reichstalern angegeben.      <\/span><\/p>\t\t\t\t\t\t\t\t<\/div>\n\t\t\t\t<\/div>\n\t\t\t\t\t<\/div>\n\t\t<\/div>\n\t\t\t\t\t<\/div>\n\t\t<\/section>\n\t\t\t\t<section class=\"elementor-section elementor-top-section elementor-element elementor-element-1f05133f elementor-section-boxed elementor-section-height-default elementor-section-height-default\" data-id=\"1f05133f\" data-element_type=\"section\" data-e-type=\"section\" data-settings=\"{&quot;background_background&quot;:&quot;classic&quot;}\">\n\t\t\t\t\t\t<div class=\"elementor-container elementor-column-gap-default\">\n\t\t\t\t\t<div class=\"elementor-column elementor-col-100 elementor-top-column elementor-element elementor-element-5ae61137\" data-id=\"5ae61137\" data-element_type=\"column\" data-e-type=\"column\" data-settings=\"{&quot;background_background&quot;:&quot;classic&quot;}\">\n\t\t\t<div class=\"elementor-widget-wrap elementor-element-populated\">\n\t\t\t\t\t<div class=\"elementor-background-overlay\"><\/div>\n\t\t\t\t\t\t<div class=\"elementor-element elementor-element-56b988d1 elementor-view-stacked elementor-shape-circle elementor-widget elementor-widget-icon\" data-id=\"56b988d1\" data-element_type=\"widget\" data-e-type=\"widget\" data-widget_type=\"icon.default\">\n\t\t\t\t<div class=\"elementor-widget-container\">\n\t\t\t\t\t\t\t<div class=\"elementor-icon-wrapper\">\n\t\t\t<div class=\"elementor-icon\">\n\t\t\t\t\t\t\t<i class=\"fa fa-info\" aria-hidden=\"true\"><\/i>\n\t\t\t\t\t\t<\/div>\n\t\t<\/div>\n\t\t\t\t\t\t<\/div>\n\t\t\t\t<\/div>\n\t\t\t\t<div class=\"elementor-element elementor-element-4d71eac8 elementor-widget elementor-widget-heading\" data-id=\"4d71eac8\" data-element_type=\"widget\" data-e-type=\"widget\" data-widget_type=\"heading.default\">\n\t\t\t\t<div class=\"elementor-widget-container\">\n\t\t\t\t\t<h2 class=\"elementor-heading-title elementor-size-default\">Sommerliche Feierlichkeiten<\/h2>\t\t\t\t<\/div>\n\t\t\t\t<\/div>\n\t\t\t\t<div class=\"elementor-element elementor-element-31954a39 elementor-widget elementor-widget-text-editor\" data-id=\"31954a39\" data-element_type=\"widget\" data-e-type=\"widget\" data-widget_type=\"text-editor.default\">\n\t\t\t\t<div class=\"elementor-widget-container\">\n\t\t\t\t\t\t\t\t\t<p><span style=\"font-weight: 400;\">W\u00e4hrend dieser Zeit organisierte Landvogt Moberg im Garten von Leipy\u00f6li prunkvolle Sommerfeste, zu denen hochrangige G\u00e4ste aus Turku und Helsinki eingeladen wurden. Am Bahnhof wurden die G\u00e4ste von einer Pferdekutsche empfangen, die sie nach Leipy\u00f6li brachte. <\/span><\/p>\t\t\t\t\t\t\t\t<\/div>\n\t\t\t\t<\/div>\n\t\t\t\t\t<\/div>\n\t\t<\/div>\n\t\t\t\t\t<\/div>\n\t\t<\/section>\n\t\t\t\t<section class=\"elementor-section elementor-top-section elementor-element elementor-element-65e511e4 elementor-section-boxed elementor-section-height-default elementor-section-height-default\" data-id=\"65e511e4\" data-element_type=\"section\" data-e-type=\"section\">\n\t\t\t\t\t\t<div class=\"elementor-container elementor-column-gap-default\">\n\t\t\t\t\t<div class=\"elementor-column elementor-col-100 elementor-top-column elementor-element elementor-element-2173407e\" data-id=\"2173407e\" data-element_type=\"column\" data-e-type=\"column\">\n\t\t\t<div class=\"elementor-widget-wrap elementor-element-populated\">\n\t\t\t\t\t\t<div class=\"elementor-element elementor-element-425e7840 elementor-widget elementor-widget-spacer\" data-id=\"425e7840\" data-element_type=\"widget\" data-e-type=\"widget\" data-widget_type=\"spacer.default\">\n\t\t\t\t<div class=\"elementor-widget-container\">\n\t\t\t\t\t\t\t<div class=\"elementor-spacer\">\n\t\t\t<div class=\"elementor-spacer-inner\"><\/div>\n\t\t<\/div>\n\t\t\t\t\t\t<\/div>\n\t\t\t\t<\/div>\n\t\t\t\t<div class=\"elementor-element elementor-element-3b1e1000 elementor-widget elementor-widget-heading\" data-id=\"3b1e1000\" data-element_type=\"widget\" data-e-type=\"widget\" data-widget_type=\"heading.default\">\n\t\t\t\t<div class=\"elementor-widget-container\">\n\t\t\t\t\t<h2 class=\"elementor-heading-title elementor-size-default\">Das 19. Jahrhundert <\/h2>\t\t\t\t<\/div>\n\t\t\t\t<\/div>\n\t\t\t\t<div class=\"elementor-element elementor-element-3cec824a elementor-widget elementor-widget-text-editor\" data-id=\"3cec824a\" data-element_type=\"widget\" data-e-type=\"widget\" data-widget_type=\"text-editor.default\">\n\t\t\t\t<div class=\"elementor-widget-container\">\n\t\t\t\t\t\t\t\t\t<p><span style=\"font-weight: 400;\">Im 19. Jahrhundert wurde Leipy\u00f6li von der Familie Martin bewirtschaftet. Durch eine Heirat ging es in den Besitz von Johan Bostr\u00f6m aus Koski, Perni\u00f6 \u00fcber. Mitte des Jahrhunderts wurde das Gut durch Eheschlie\u00dfungen an die Familie Lagerstr\u00f6m weitergegeben. Sp\u00e4ter wurde das Gut eine Zeit lang als Handelsgut genutzt, bis Landvogt Joel Moberg es um die Wende des 20. Jahrhunderts \u00fcbernahm. Moberg lie\u00df einen neuen Fl\u00fcgel am Hauptgeb\u00e4ude errichten, in dem sich unter anderem das B\u00fcro des Bezirksrichters befand.  <\/span><\/p>\t\t\t\t\t\t\t\t<\/div>\n\t\t\t\t<\/div>\n\t\t\t\t\t<\/div>\n\t\t<\/div>\n\t\t\t\t\t<\/div>\n\t\t<\/section>\n\t\t\t\t<section class=\"elementor-section elementor-top-section elementor-element elementor-element-1e003a15 elementor-section-boxed elementor-section-height-default elementor-section-height-default\" data-id=\"1e003a15\" data-element_type=\"section\" data-e-type=\"section\">\n\t\t\t\t\t\t<div class=\"elementor-container elementor-column-gap-default\">\n\t\t\t\t\t<div class=\"elementor-column elementor-col-100 elementor-top-column elementor-element elementor-element-5c42039a\" data-id=\"5c42039a\" data-element_type=\"column\" data-e-type=\"column\">\n\t\t\t<div class=\"elementor-widget-wrap elementor-element-populated\">\n\t\t\t\t\t\t<div class=\"elementor-element elementor-element-1da6df1f elementor-widget-divider--view-line elementor-widget elementor-widget-divider\" data-id=\"1da6df1f\" data-element_type=\"widget\" data-e-type=\"widget\" data-widget_type=\"divider.default\">\n\t\t\t\t<div class=\"elementor-widget-container\">\n\t\t\t\t\t\t\t<div class=\"elementor-divider\">\n\t\t\t<span class=\"elementor-divider-separator\">\n\t\t\t\t\t\t<\/span>\n\t\t<\/div>\n\t\t\t\t\t\t<\/div>\n\t\t\t\t<\/div>\n\t\t\t\t<div class=\"elementor-element elementor-element-7495472b elementor-widget elementor-widget-spacer\" data-id=\"7495472b\" data-element_type=\"widget\" data-e-type=\"widget\" data-widget_type=\"spacer.default\">\n\t\t\t\t<div class=\"elementor-widget-container\">\n\t\t\t\t\t\t\t<div class=\"elementor-spacer\">\n\t\t\t<div class=\"elementor-spacer-inner\"><\/div>\n\t\t<\/div>\n\t\t\t\t\t\t<\/div>\n\t\t\t\t<\/div>\n\t\t\t\t<div class=\"elementor-element elementor-element-6eda35fb elementor-widget elementor-widget-heading\" data-id=\"6eda35fb\" data-element_type=\"widget\" data-e-type=\"widget\" data-widget_type=\"heading.default\">\n\t\t\t\t<div class=\"elementor-widget-container\">\n\t\t\t\t\t<h2 class=\"elementor-heading-title elementor-size-default\">Vom 20. Jahrhundert bis heute<\/h2>\t\t\t\t<\/div>\n\t\t\t\t<\/div>\n\t\t\t\t<div class=\"elementor-element elementor-element-204d6c24 elementor-widget elementor-widget-text-editor\" data-id=\"204d6c24\" data-element_type=\"widget\" data-e-type=\"widget\" data-widget_type=\"text-editor.default\">\n\t\t\t\t<div class=\"elementor-widget-container\">\n\t\t\t\t\t\t\t\t\t<p><span style=\"font-weight: 400;\">Nach Moberg \u00fcbernahm die Familie Flemming das Gut, bis 1922 Lauri und Elvi Pelttari Eigent\u00fcmer wurden. Zehn Jahre sp\u00e4ter kauften Kaarlo und Maire Sarin das Gut. Durch Maire kehrte das Gut in die Familie Bostr\u00f6m-Lagerstr\u00f6m zur\u00fcck. Nach Kaarlo Sarins Tod im Jahr 1962 \u00fcbernahm sein Bruder Oiva den Betrieb. 1989 kauften Leila (Maires Nichte) und Teuvo R\u00e4s\u00e4nen das Gut. 2017 wurde eine Generationen\u00fcbergabe vollzogen, und Antti-Jussi R\u00e4s\u00e4nen (der \u00e4lteste Sohn von Leila und Teuvo) sowie seine Ehefrau Jenni R\u00e4s\u00e4nen f\u00fchren den Betrieb weiter.     <\/span><\/p>\t\t\t\t\t\t\t\t<\/div>\n\t\t\t\t<\/div>\n\t\t\t\t\t<\/div>\n\t\t<\/div>\n\t\t\t\t\t<\/div>\n\t\t<\/section>\n\t\t\t\t<section class=\"elementor-section elementor-top-section elementor-element elementor-element-2112ccda elementor-section-boxed elementor-section-height-default elementor-section-height-default\" data-id=\"2112ccda\" data-element_type=\"section\" data-e-type=\"section\">\n\t\t\t\t\t\t<div class=\"elementor-container elementor-column-gap-default\">\n\t\t\t\t\t<div class=\"elementor-column elementor-col-100 elementor-top-column elementor-element elementor-element-2727e93b\" data-id=\"2727e93b\" data-element_type=\"column\" data-e-type=\"column\">\n\t\t\t<div class=\"elementor-widget-wrap elementor-element-populated\">\n\t\t\t\t\t\t<div class=\"elementor-element elementor-element-60f75220 elementor-widget elementor-widget-spacer\" data-id=\"60f75220\" data-element_type=\"widget\" data-e-type=\"widget\" data-widget_type=\"spacer.default\">\n\t\t\t\t<div class=\"elementor-widget-container\">\n\t\t\t\t\t\t\t<div class=\"elementor-spacer\">\n\t\t\t<div class=\"elementor-spacer-inner\"><\/div>\n\t\t<\/div>\n\t\t\t\t\t\t<\/div>\n\t\t\t\t<\/div>\n\t\t\t\t\t<\/div>\n\t\t<\/div>\n\t\t\t\t\t<\/div>\n\t\t<\/section>\n\t\t\t\t<\/div>\n\t\t","protected":false},"excerpt":{"rendered":"<p>St\u00fccke aus der Geschichte von Leipy\u00f6li Fr\u00fche Erw\u00e4hnungen der Besitzer von Leipy\u00f6li Die fr\u00fchesten Aufzeichnungen \u00fcber die Besitzer von Leipy\u00f6li stammen aus dem Jahr 1426, als Nils Person und seine Mutter Margit das Gut kauften. Die Verk\u00e4uferin war die Ehefrau von Nils Karvala, die sich im Kaufvertrag eine lebenslange Rente sicherte. Es ist wahrscheinlich, dass &#8230; <\/p>\n<p class=\"read-more-container\"><a title=\"Geschichte\" class=\"read-more button\" href=\"https:\/\/leipyoli.com\/de\/der-bauernhof\/geschichte\/#more-1684\" aria-label=\"Mehr Informationen \u00fcber Geschichte\">Lue lis\u00e4\u00e4<\/a><\/p>\n","protected":false},"author":1,"featured_media":0,"parent":1718,"menu_order":0,"comment_status":"closed","ping_status":"closed","template":"","meta":{"inline_featured_image":false,"footnotes":""},"class_list":["post-1684","page","type-page","status-publish"],"yoast_head":"<!-- This site is optimized with the Yoast SEO plugin v27.5 - https:\/\/yoast.com\/product\/yoast-seo-wordpress\/ -->\n<title>Leipy\u00f6lin tila - Geschichte<\/title>\n<meta name=\"description\" content=\"Die fr\u00fchesten Aufzeichnungen \u00fcber die Besitzer von Leipy\u00f6li stammen aus dem Jahr 1426, als Nils Person und seine Mutter Margit das Gut kauften. Die Verk\u00e4uferin war die Ehefrau von Nils Karvala, die sich im Kaufvertrag eine lebenslange Rente sicherte. Es ist wahrscheinlich, dass es sich um Adelsfamilien handelte, da der Adel sp\u00e4ter auf Leipy\u00f6li verzichtete.\" \/>\n<meta name=\"robots\" content=\"index, follow, max-snippet:-1, max-image-preview:large, max-video-preview:-1\" \/>\n<link rel=\"canonical\" href=\"https:\/\/leipyoli.com\/de\/der-bauernhof\/geschichte\/\" \/>\n<meta property=\"og:locale\" content=\"de_DE\" \/>\n<meta property=\"og:type\" content=\"article\" \/>\n<meta property=\"og:title\" content=\"Leipy\u00f6lin tila - Geschichte\" \/>\n<meta property=\"og:description\" content=\"Die fr\u00fchesten Aufzeichnungen \u00fcber die Besitzer von Leipy\u00f6li stammen aus dem Jahr 1426, als Nils Person und seine Mutter Margit das Gut kauften. Die Verk\u00e4uferin war die Ehefrau von Nils Karvala, die sich im Kaufvertrag eine lebenslange Rente sicherte. Es ist wahrscheinlich, dass es sich um Adelsfamilien handelte, da der Adel sp\u00e4ter auf Leipy\u00f6li verzichtete.\" \/>\n<meta property=\"og:url\" content=\"https:\/\/leipyoli.com\/de\/der-bauernhof\/geschichte\/\" \/>\n<meta property=\"og:site_name\" content=\"Leipy\u00f6lin tila\" \/>\n<meta property=\"article:publisher\" content=\"https:\/\/www.facebook.com\/leipyolintila\" \/>\n<meta property=\"article:modified_time\" content=\"2025-02-20T17:57:17+00:00\" \/>\n<meta property=\"og:image\" content=\"https:\/\/leipyoli.com\/wp-content\/uploads\/2018\/03\/leipyolin_tila-FB.jpg\" \/>\n\t<meta property=\"og:image:width\" content=\"1200\" \/>\n\t<meta property=\"og:image:height\" content=\"630\" \/>\n\t<meta property=\"og:image:type\" content=\"image\/jpeg\" \/>\n<meta name=\"twitter:card\" content=\"summary_large_image\" \/>\n<meta name=\"twitter:label1\" content=\"Gesch\u00e4tzte Lesezeit\" \/>\n\t<meta name=\"twitter:data1\" content=\"3\u00a0Minuten\" \/>\n<script type=\"application\/ld+json\" class=\"yoast-schema-graph\">{\"@context\":\"https:\\\/\\\/schema.org\",\"@graph\":[{\"@type\":\"WebPage\",\"@id\":\"https:\\\/\\\/leipyoli.com\\\/de\\\/der-bauernhof\\\/geschichte\\\/\",\"url\":\"https:\\\/\\\/leipyoli.com\\\/de\\\/der-bauernhof\\\/geschichte\\\/\",\"name\":\"Leipy\u00f6lin tila - Geschichte\",\"isPartOf\":{\"@id\":\"https:\\\/\\\/leipyoli.com\\\/de\\\/#website\"},\"datePublished\":\"2017-11-23T11:56:17+00:00\",\"dateModified\":\"2025-02-20T17:57:17+00:00\",\"description\":\"Die fr\u00fchesten Aufzeichnungen \u00fcber die Besitzer von Leipy\u00f6li stammen aus dem Jahr 1426, als Nils Person und seine Mutter Margit das Gut kauften. Die Verk\u00e4uferin war die Ehefrau von Nils Karvala, die sich im Kaufvertrag eine lebenslange Rente sicherte. Es ist wahrscheinlich, dass es sich um Adelsfamilien handelte, da der Adel sp\u00e4ter auf Leipy\u00f6li verzichtete.\",\"breadcrumb\":{\"@id\":\"https:\\\/\\\/leipyoli.com\\\/de\\\/der-bauernhof\\\/geschichte\\\/#breadcrumb\"},\"inLanguage\":\"de\",\"potentialAction\":[{\"@type\":\"ReadAction\",\"target\":[\"https:\\\/\\\/leipyoli.com\\\/de\\\/der-bauernhof\\\/geschichte\\\/\"]}]},{\"@type\":\"BreadcrumbList\",\"@id\":\"https:\\\/\\\/leipyoli.com\\\/de\\\/der-bauernhof\\\/geschichte\\\/#breadcrumb\",\"itemListElement\":[{\"@type\":\"ListItem\",\"position\":1,\"name\":\"Home\",\"item\":\"https:\\\/\\\/leipyoli.com\\\/de\\\/startseite\\\/\"},{\"@type\":\"ListItem\",\"position\":2,\"name\":\"Geschichte\"}]},{\"@type\":\"WebSite\",\"@id\":\"https:\\\/\\\/leipyoli.com\\\/de\\\/#website\",\"url\":\"https:\\\/\\\/leipyoli.com\\\/de\\\/\",\"name\":\"Leipy\u00f6lin tila\",\"description\":\"Maanviljely\u00e4, yl\u00e4maankarjaa ja maatilamatkaulua Salossa!\",\"publisher\":{\"@id\":\"https:\\\/\\\/leipyoli.com\\\/de\\\/#organization\"},\"potentialAction\":[{\"@type\":\"SearchAction\",\"target\":{\"@type\":\"EntryPoint\",\"urlTemplate\":\"https:\\\/\\\/leipyoli.com\\\/de\\\/?s={search_term_string}\"},\"query-input\":{\"@type\":\"PropertyValueSpecification\",\"valueRequired\":true,\"valueName\":\"search_term_string\"}}],\"inLanguage\":\"de\"},{\"@type\":\"Organization\",\"@id\":\"https:\\\/\\\/leipyoli.com\\\/de\\\/#organization\",\"name\":\"Leipy\u00f6lin tila\",\"url\":\"https:\\\/\\\/leipyoli.com\\\/de\\\/\",\"logo\":{\"@type\":\"ImageObject\",\"inLanguage\":\"de\",\"@id\":\"https:\\\/\\\/leipyoli.com\\\/de\\\/#\\\/schema\\\/logo\\\/image\\\/\",\"url\":\"https:\\\/\\\/leipyoli.com\\\/wp-content\\\/uploads\\\/2017\\\/11\\\/leipyoli-logo-nav.svg\",\"contentUrl\":\"https:\\\/\\\/leipyoli.com\\\/wp-content\\\/uploads\\\/2017\\\/11\\\/leipyoli-logo-nav.svg\",\"width\":1,\"height\":1,\"caption\":\"Leipy\u00f6lin tila\"},\"image\":{\"@id\":\"https:\\\/\\\/leipyoli.com\\\/de\\\/#\\\/schema\\\/logo\\\/image\\\/\"},\"sameAs\":[\"https:\\\/\\\/www.facebook.com\\\/leipyolintila\"]}]}<\/script>\n<!-- \/ Yoast SEO plugin. -->","yoast_head_json":{"title":"Leipy\u00f6lin tila - Geschichte","description":"Die fr\u00fchesten Aufzeichnungen \u00fcber die Besitzer von Leipy\u00f6li stammen aus dem Jahr 1426, als Nils Person und seine Mutter Margit das Gut kauften. Die Verk\u00e4uferin war die Ehefrau von Nils Karvala, die sich im Kaufvertrag eine lebenslange Rente sicherte. Es ist wahrscheinlich, dass es sich um Adelsfamilien handelte, da der Adel sp\u00e4ter auf Leipy\u00f6li verzichtete.","robots":{"index":"index","follow":"follow","max-snippet":"max-snippet:-1","max-image-preview":"max-image-preview:large","max-video-preview":"max-video-preview:-1"},"canonical":"https:\/\/leipyoli.com\/de\/der-bauernhof\/geschichte\/","og_locale":"de_DE","og_type":"article","og_title":"Leipy\u00f6lin tila - Geschichte","og_description":"Die fr\u00fchesten Aufzeichnungen \u00fcber die Besitzer von Leipy\u00f6li stammen aus dem Jahr 1426, als Nils Person und seine Mutter Margit das Gut kauften. Die Verk\u00e4uferin war die Ehefrau von Nils Karvala, die sich im Kaufvertrag eine lebenslange Rente sicherte. Es ist wahrscheinlich, dass es sich um Adelsfamilien handelte, da der Adel sp\u00e4ter auf Leipy\u00f6li verzichtete.","og_url":"https:\/\/leipyoli.com\/de\/der-bauernhof\/geschichte\/","og_site_name":"Leipy\u00f6lin tila","article_publisher":"https:\/\/www.facebook.com\/leipyolintila","article_modified_time":"2025-02-20T17:57:17+00:00","og_image":[{"width":1200,"height":630,"url":"https:\/\/leipyoli.com\/wp-content\/uploads\/2018\/03\/leipyolin_tila-FB.jpg","type":"image\/jpeg"}],"twitter_card":"summary_large_image","twitter_misc":{"Gesch\u00e4tzte Lesezeit":"3\u00a0Minuten"},"schema":{"@context":"https:\/\/schema.org","@graph":[{"@type":"WebPage","@id":"https:\/\/leipyoli.com\/de\/der-bauernhof\/geschichte\/","url":"https:\/\/leipyoli.com\/de\/der-bauernhof\/geschichte\/","name":"Leipy\u00f6lin tila - Geschichte","isPartOf":{"@id":"https:\/\/leipyoli.com\/de\/#website"},"datePublished":"2017-11-23T11:56:17+00:00","dateModified":"2025-02-20T17:57:17+00:00","description":"Die fr\u00fchesten Aufzeichnungen \u00fcber die Besitzer von Leipy\u00f6li stammen aus dem Jahr 1426, als Nils Person und seine Mutter Margit das Gut kauften. Die Verk\u00e4uferin war die Ehefrau von Nils Karvala, die sich im Kaufvertrag eine lebenslange Rente sicherte. Es ist wahrscheinlich, dass es sich um Adelsfamilien handelte, da der Adel sp\u00e4ter auf Leipy\u00f6li verzichtete.","breadcrumb":{"@id":"https:\/\/leipyoli.com\/de\/der-bauernhof\/geschichte\/#breadcrumb"},"inLanguage":"de","potentialAction":[{"@type":"ReadAction","target":["https:\/\/leipyoli.com\/de\/der-bauernhof\/geschichte\/"]}]},{"@type":"BreadcrumbList","@id":"https:\/\/leipyoli.com\/de\/der-bauernhof\/geschichte\/#breadcrumb","itemListElement":[{"@type":"ListItem","position":1,"name":"Home","item":"https:\/\/leipyoli.com\/de\/startseite\/"},{"@type":"ListItem","position":2,"name":"Geschichte"}]},{"@type":"WebSite","@id":"https:\/\/leipyoli.com\/de\/#website","url":"https:\/\/leipyoli.com\/de\/","name":"Leipy\u00f6lin tila","description":"Maanviljely\u00e4, yl\u00e4maankarjaa ja maatilamatkaulua Salossa!","publisher":{"@id":"https:\/\/leipyoli.com\/de\/#organization"},"potentialAction":[{"@type":"SearchAction","target":{"@type":"EntryPoint","urlTemplate":"https:\/\/leipyoli.com\/de\/?s={search_term_string}"},"query-input":{"@type":"PropertyValueSpecification","valueRequired":true,"valueName":"search_term_string"}}],"inLanguage":"de"},{"@type":"Organization","@id":"https:\/\/leipyoli.com\/de\/#organization","name":"Leipy\u00f6lin tila","url":"https:\/\/leipyoli.com\/de\/","logo":{"@type":"ImageObject","inLanguage":"de","@id":"https:\/\/leipyoli.com\/de\/#\/schema\/logo\/image\/","url":"https:\/\/leipyoli.com\/wp-content\/uploads\/2017\/11\/leipyoli-logo-nav.svg","contentUrl":"https:\/\/leipyoli.com\/wp-content\/uploads\/2017\/11\/leipyoli-logo-nav.svg","width":1,"height":1,"caption":"Leipy\u00f6lin tila"},"image":{"@id":"https:\/\/leipyoli.com\/de\/#\/schema\/logo\/image\/"},"sameAs":["https:\/\/www.facebook.com\/leipyolintila"]}]}},"_links":{"self":[{"href":"https:\/\/leipyoli.com\/de\/wp-json\/wp\/v2\/pages\/1684","targetHints":{"allow":["GET"]}}],"collection":[{"href":"https:\/\/leipyoli.com\/de\/wp-json\/wp\/v2\/pages"}],"about":[{"href":"https:\/\/leipyoli.com\/de\/wp-json\/wp\/v2\/types\/page"}],"author":[{"embeddable":true,"href":"https:\/\/leipyoli.com\/de\/wp-json\/wp\/v2\/users\/1"}],"replies":[{"embeddable":true,"href":"https:\/\/leipyoli.com\/de\/wp-json\/wp\/v2\/comments?post=1684"}],"version-history":[{"count":1,"href":"https:\/\/leipyoli.com\/de\/wp-json\/wp\/v2\/pages\/1684\/revisions"}],"predecessor-version":[{"id":1686,"href":"https:\/\/leipyoli.com\/de\/wp-json\/wp\/v2\/pages\/1684\/revisions\/1686"}],"up":[{"embeddable":true,"href":"https:\/\/leipyoli.com\/de\/wp-json\/wp\/v2\/pages\/1718"}],"wp:attachment":[{"href":"https:\/\/leipyoli.com\/de\/wp-json\/wp\/v2\/media?parent=1684"}],"curies":[{"name":"wp","href":"https:\/\/api.w.org\/{rel}","templated":true}]}}