{"id":1747,"date":"2017-11-23T13:59:09","date_gmt":"2017-11-23T11:59:09","guid":{"rendered":"https:\/\/leipyoli.com\/der-bauernhof\/pflanzenbau\/"},"modified":"2025-02-20T20:14:30","modified_gmt":"2025-02-20T18:14:30","slug":"pflanzenbau","status":"publish","type":"page","link":"https:\/\/leipyoli.com\/de\/der-bauernhof\/pflanzenbau\/","title":{"rendered":"Pflanzenbau"},"content":{"rendered":"\t\t<div data-elementor-type=\"wp-post\" data-elementor-id=\"1747\" class=\"elementor elementor-1747 elementor-595\" data-elementor-post-type=\"page\">\n\t\t\t\t\t\t<section class=\"elementor-section elementor-top-section elementor-element elementor-element-4284a2f9 elementor-section-height-min-height elementor-section-boxed elementor-section-height-default elementor-section-items-middle\" data-id=\"4284a2f9\" data-element_type=\"section\" data-e-type=\"section\" data-settings=\"{&quot;background_background&quot;:&quot;classic&quot;}\">\n\t\t\t\t\t\t\t<div class=\"elementor-background-overlay\"><\/div>\n\t\t\t\t\t\t\t<div class=\"elementor-container elementor-column-gap-default\">\n\t\t\t\t\t<div class=\"elementor-column elementor-col-100 elementor-top-column elementor-element elementor-element-30dac95\" data-id=\"30dac95\" data-element_type=\"column\" data-e-type=\"column\">\n\t\t\t<div class=\"elementor-widget-wrap elementor-element-populated\">\n\t\t\t\t\t\t<div class=\"elementor-element elementor-element-57143c60 elementor-widget elementor-widget-heading\" data-id=\"57143c60\" data-element_type=\"widget\" data-e-type=\"widget\" data-widget_type=\"heading.default\">\n\t\t\t\t<div class=\"elementor-widget-container\">\n\t\t\t\t\t<h1 class=\"elementor-heading-title elementor-size-default\">Ein Bauernhof im Getreidezentrum S\u00fcdwestfinnlands<\/h1>\t\t\t\t<\/div>\n\t\t\t\t<\/div>\n\t\t\t\t\t<\/div>\n\t\t<\/div>\n\t\t\t\t\t<\/div>\n\t\t<\/section>\n\t\t\t\t<section class=\"elementor-section elementor-top-section elementor-element elementor-element-189fa601 elementor-section-boxed elementor-section-height-default elementor-section-height-default\" data-id=\"189fa601\" data-element_type=\"section\" data-e-type=\"section\">\n\t\t\t\t\t\t<div class=\"elementor-container elementor-column-gap-default\">\n\t\t\t\t\t<div class=\"elementor-column elementor-col-100 elementor-top-column elementor-element elementor-element-4dfa5466\" data-id=\"4dfa5466\" data-element_type=\"column\" data-e-type=\"column\">\n\t\t\t<div class=\"elementor-widget-wrap elementor-element-populated\">\n\t\t\t\t\t\t<div class=\"elementor-element elementor-element-bf1ca66 elementor-widget elementor-widget-spacer\" data-id=\"bf1ca66\" data-element_type=\"widget\" data-e-type=\"widget\" data-widget_type=\"spacer.default\">\n\t\t\t\t<div class=\"elementor-widget-container\">\n\t\t\t\t\t\t\t<div class=\"elementor-spacer\">\n\t\t\t<div class=\"elementor-spacer-inner\"><\/div>\n\t\t<\/div>\n\t\t\t\t\t\t<\/div>\n\t\t\t\t<\/div>\n\t\t\t\t<div class=\"elementor-element elementor-element-5cfa1da0 elementor-widget elementor-widget-heading\" data-id=\"5cfa1da0\" data-element_type=\"widget\" data-e-type=\"widget\" data-widget_type=\"heading.default\">\n\t\t\t\t<div class=\"elementor-widget-container\">\n\t\t\t\t\t<h2 class=\"elementor-heading-title elementor-size-default\">Zuckerr\u00fcben, Getreide und Futterpflanzen<\/h2>\t\t\t\t<\/div>\n\t\t\t\t<\/div>\n\t\t\t\t<div class=\"elementor-element elementor-element-7c6ac047 elementor-widget elementor-widget-text-editor\" data-id=\"7c6ac047\" data-element_type=\"widget\" data-e-type=\"widget\" data-widget_type=\"text-editor.default\">\n\t\t\t\t<div class=\"elementor-widget-container\">\n\t\t\t\t\t\t\t\t\t<p>Auf dem Leipy\u00f6li-Hof streben wir eine effiziente und nachhaltige Pflanzenproduktion an, ohne die Umwelt zu vernachl\u00e4ssigen. Unsere Hauptkulturen sind Zuckerr\u00fcben, Getreide und Futterpflanzen. Zuckerr\u00fcben und Getreide werden im Rahmen von Vertragslandwirtschaft f\u00fcr Zuckerfabriken und die Getreideverarbeitungsindustrie angebaut. Futterpflanzen dienen als Nahrung f\u00fcr unser eigenes Vieh.   <\/p><p>Durch eine effektive Fruchtfolge reduzieren wir den Einsatz von Pflanzenschutzmitteln und beugen Bodenstrukturproblemen vor. Um Erosion und N\u00e4hrstoffauswaschung zu verhindern, halten wir unsere Felder so weit wie m\u00f6glich das ganze Jahr \u00fcber mit Vegetation bedeckt. Zus\u00e4tzlich pflegen wir \u00f6kologische Ausgleichsfl\u00e4chen und Schutzstreifen, auf denen keine D\u00fcngemittel oder Pflanzenschutzmittel verwendet werden.  <\/p>\t\t\t\t\t\t\t\t<\/div>\n\t\t\t\t<\/div>\n\t\t\t\t\t<\/div>\n\t\t<\/div>\n\t\t\t\t\t<\/div>\n\t\t<\/section>\n\t\t\t\t<section class=\"elementor-section elementor-top-section elementor-element elementor-element-2f8e71e4 elementor-section-boxed elementor-section-height-default elementor-section-height-default\" data-id=\"2f8e71e4\" data-element_type=\"section\" data-e-type=\"section\">\n\t\t\t\t\t\t<div class=\"elementor-container elementor-column-gap-default\">\n\t\t\t\t\t<div class=\"elementor-column elementor-col-100 elementor-top-column elementor-element elementor-element-4a70d505\" data-id=\"4a70d505\" data-element_type=\"column\" data-e-type=\"column\">\n\t\t\t<div class=\"elementor-widget-wrap elementor-element-populated\">\n\t\t\t\t\t\t<div class=\"elementor-element elementor-element-663e1033 elementor-widget elementor-widget-heading\" data-id=\"663e1033\" data-element_type=\"widget\" data-e-type=\"widget\" data-widget_type=\"heading.default\">\n\t\t\t\t<div class=\"elementor-widget-container\">\n\t\t\t\t\t<h2 class=\"elementor-heading-title elementor-size-default\">LUMO-Schutzgebiete<\/h2>\t\t\t\t<\/div>\n\t\t\t\t<\/div>\n\t\t\t\t<div class=\"elementor-element elementor-element-6d092fa elementor-widget elementor-widget-text-editor\" data-id=\"6d092fa\" data-element_type=\"widget\" data-e-type=\"widget\" data-widget_type=\"text-editor.default\">\n\t\t\t\t<div class=\"elementor-widget-container\">\n\t\t\t\t\t\t\t\t\t<p>Unser Hof umfasst auch LUMO-Schutzgebiete, die zur Erhaltung der biologischen Vielfalt dienen. Dabei handelt es sich um alte, aufgeforstete Weiden und Feldr\u00e4nder, die durch Rodung und Beweidung gepflegt wurden. Diese \u00f6kologischen Ausgleichsfl\u00e4chen, Schutzstreifen und LUMO-Gebiete werden auf unserem Hof haupts\u00e4chlich durch Beweidung erhalten.  <\/p>\t\t\t\t\t\t\t\t<\/div>\n\t\t\t\t<\/div>\n\t\t\t\t\t<\/div>\n\t\t<\/div>\n\t\t\t\t\t<\/div>\n\t\t<\/section>\n\t\t\t\t<section class=\"elementor-section elementor-top-section elementor-element elementor-element-7455246a elementor-section-boxed elementor-section-height-default elementor-section-height-default\" data-id=\"7455246a\" data-element_type=\"section\" data-e-type=\"section\">\n\t\t\t\t\t\t<div class=\"elementor-container elementor-column-gap-default\">\n\t\t\t\t\t<div class=\"elementor-column elementor-col-100 elementor-top-column elementor-element elementor-element-7eeb99b\" data-id=\"7eeb99b\" data-element_type=\"column\" data-e-type=\"column\">\n\t\t\t<div class=\"elementor-widget-wrap elementor-element-populated\">\n\t\t\t\t\t\t<div class=\"elementor-element elementor-element-4e98756a elementor-widget elementor-widget-spacer\" data-id=\"4e98756a\" data-element_type=\"widget\" data-e-type=\"widget\" data-widget_type=\"spacer.default\">\n\t\t\t\t<div class=\"elementor-widget-container\">\n\t\t\t\t\t\t\t<div class=\"elementor-spacer\">\n\t\t\t<div class=\"elementor-spacer-inner\"><\/div>\n\t\t<\/div>\n\t\t\t\t\t\t<\/div>\n\t\t\t\t<\/div>\n\t\t\t\t\t<\/div>\n\t\t<\/div>\n\t\t\t\t\t<\/div>\n\t\t<\/section>\n\t\t\t\t<\/div>\n\t\t","protected":false},"excerpt":{"rendered":"<p>Ein Bauernhof im Getreidezentrum S\u00fcdwestfinnlands Zuckerr\u00fcben, Getreide und Futterpflanzen Auf dem Leipy\u00f6li-Hof streben wir eine effiziente und nachhaltige Pflanzenproduktion an, ohne die Umwelt zu vernachl\u00e4ssigen. Unsere Hauptkulturen sind Zuckerr\u00fcben, Getreide und Futterpflanzen. Zuckerr\u00fcben und Getreide werden im Rahmen von Vertragslandwirtschaft f\u00fcr Zuckerfabriken und die Getreideverarbeitungsindustrie angebaut. Futterpflanzen dienen als Nahrung f\u00fcr unser eigenes Vieh. Durch &#8230; <\/p>\n<p class=\"read-more-container\"><a title=\"Pflanzenbau\" class=\"read-more button\" href=\"https:\/\/leipyoli.com\/de\/der-bauernhof\/pflanzenbau\/#more-1747\" aria-label=\"Mehr Informationen \u00fcber Pflanzenbau\">Lue lis\u00e4\u00e4<\/a><\/p>\n","protected":false},"author":1,"featured_media":0,"parent":1718,"menu_order":0,"comment_status":"closed","ping_status":"closed","template":"","meta":{"inline_featured_image":false,"footnotes":""},"class_list":["post-1747","page","type-page","status-publish"],"yoast_head":"<!-- This site is optimized with the Yoast SEO plugin v27.4 - https:\/\/yoast.com\/product\/yoast-seo-wordpress\/ -->\n<title>Leipy\u00f6lin tila - Pflanzenbau<\/title>\n<meta name=\"description\" content=\"Auf dem Leipy\u00f6li-Hof streben wir eine effiziente und nachhaltige Pflanzenproduktion an, ohne die Umwelt zu vernachl\u00e4ssigen. Unsere Hauptkulturen sind Zuckerr\u00fcben, Getreide und Futterpflanzen.\" \/>\n<meta name=\"robots\" content=\"index, follow, max-snippet:-1, max-image-preview:large, max-video-preview:-1\" \/>\n<link rel=\"canonical\" href=\"https:\/\/leipyoli.com\/de\/der-bauernhof\/pflanzenbau\/\" \/>\n<meta property=\"og:locale\" content=\"de_DE\" \/>\n<meta property=\"og:type\" content=\"article\" \/>\n<meta property=\"og:title\" content=\"Leipy\u00f6lin tila - Pflanzenbau\" \/>\n<meta property=\"og:description\" content=\"Auf dem Leipy\u00f6li-Hof streben wir eine effiziente und nachhaltige Pflanzenproduktion an, ohne die Umwelt zu vernachl\u00e4ssigen. Unsere Hauptkulturen sind Zuckerr\u00fcben, Getreide und Futterpflanzen.\" \/>\n<meta property=\"og:url\" content=\"https:\/\/leipyoli.com\/de\/der-bauernhof\/pflanzenbau\/\" \/>\n<meta property=\"og:site_name\" content=\"Leipy\u00f6lin tila\" \/>\n<meta property=\"article:publisher\" content=\"https:\/\/www.facebook.com\/leipyolintila\" \/>\n<meta property=\"article:modified_time\" content=\"2025-02-20T18:14:30+00:00\" \/>\n<meta property=\"og:image\" content=\"https:\/\/leipyoli.com\/wp-content\/uploads\/2018\/03\/leipyolin_tila-FB.jpg\" \/>\n\t<meta property=\"og:image:width\" content=\"1200\" \/>\n\t<meta property=\"og:image:height\" content=\"630\" \/>\n\t<meta property=\"og:image:type\" content=\"image\/jpeg\" \/>\n<meta name=\"twitter:card\" content=\"summary_large_image\" \/>\n<meta name=\"twitter:label1\" content=\"Gesch\u00e4tzte Lesezeit\" \/>\n\t<meta name=\"twitter:data1\" content=\"1\u00a0Minute\" \/>\n<script type=\"application\/ld+json\" class=\"yoast-schema-graph\">{\"@context\":\"https:\\\/\\\/schema.org\",\"@graph\":[{\"@type\":\"WebPage\",\"@id\":\"https:\\\/\\\/leipyoli.com\\\/de\\\/der-bauernhof\\\/pflanzenbau\\\/\",\"url\":\"https:\\\/\\\/leipyoli.com\\\/de\\\/der-bauernhof\\\/pflanzenbau\\\/\",\"name\":\"Leipy\u00f6lin tila - Pflanzenbau\",\"isPartOf\":{\"@id\":\"https:\\\/\\\/leipyoli.com\\\/de\\\/#website\"},\"datePublished\":\"2017-11-23T11:59:09+00:00\",\"dateModified\":\"2025-02-20T18:14:30+00:00\",\"description\":\"Auf dem Leipy\u00f6li-Hof streben wir eine effiziente und nachhaltige Pflanzenproduktion an, ohne die Umwelt zu vernachl\u00e4ssigen. Unsere Hauptkulturen sind Zuckerr\u00fcben, Getreide und Futterpflanzen.\",\"breadcrumb\":{\"@id\":\"https:\\\/\\\/leipyoli.com\\\/de\\\/der-bauernhof\\\/pflanzenbau\\\/#breadcrumb\"},\"inLanguage\":\"de\",\"potentialAction\":[{\"@type\":\"ReadAction\",\"target\":[\"https:\\\/\\\/leipyoli.com\\\/de\\\/der-bauernhof\\\/pflanzenbau\\\/\"]}]},{\"@type\":\"BreadcrumbList\",\"@id\":\"https:\\\/\\\/leipyoli.com\\\/de\\\/der-bauernhof\\\/pflanzenbau\\\/#breadcrumb\",\"itemListElement\":[{\"@type\":\"ListItem\",\"position\":1,\"name\":\"Home\",\"item\":\"https:\\\/\\\/leipyoli.com\\\/de\\\/startseite\\\/\"},{\"@type\":\"ListItem\",\"position\":2,\"name\":\"Der Bauernhof\",\"item\":\"https:\\\/\\\/leipyoli.com\\\/de\\\/der-bauernhof\\\/\"},{\"@type\":\"ListItem\",\"position\":3,\"name\":\"Pflanzenbau\"}]},{\"@type\":\"WebSite\",\"@id\":\"https:\\\/\\\/leipyoli.com\\\/de\\\/#website\",\"url\":\"https:\\\/\\\/leipyoli.com\\\/de\\\/\",\"name\":\"Leipy\u00f6lin tila\",\"description\":\"Maanviljely\u00e4, yl\u00e4maankarjaa ja maatilamatkaulua Salossa!\",\"publisher\":{\"@id\":\"https:\\\/\\\/leipyoli.com\\\/de\\\/#organization\"},\"potentialAction\":[{\"@type\":\"SearchAction\",\"target\":{\"@type\":\"EntryPoint\",\"urlTemplate\":\"https:\\\/\\\/leipyoli.com\\\/de\\\/?s={search_term_string}\"},\"query-input\":{\"@type\":\"PropertyValueSpecification\",\"valueRequired\":true,\"valueName\":\"search_term_string\"}}],\"inLanguage\":\"de\"},{\"@type\":\"Organization\",\"@id\":\"https:\\\/\\\/leipyoli.com\\\/de\\\/#organization\",\"name\":\"Leipy\u00f6lin tila\",\"url\":\"https:\\\/\\\/leipyoli.com\\\/de\\\/\",\"logo\":{\"@type\":\"ImageObject\",\"inLanguage\":\"de\",\"@id\":\"https:\\\/\\\/leipyoli.com\\\/de\\\/#\\\/schema\\\/logo\\\/image\\\/\",\"url\":\"https:\\\/\\\/leipyoli.com\\\/wp-content\\\/uploads\\\/2017\\\/11\\\/leipyoli-logo-nav.svg\",\"contentUrl\":\"https:\\\/\\\/leipyoli.com\\\/wp-content\\\/uploads\\\/2017\\\/11\\\/leipyoli-logo-nav.svg\",\"width\":1,\"height\":1,\"caption\":\"Leipy\u00f6lin tila\"},\"image\":{\"@id\":\"https:\\\/\\\/leipyoli.com\\\/de\\\/#\\\/schema\\\/logo\\\/image\\\/\"},\"sameAs\":[\"https:\\\/\\\/www.facebook.com\\\/leipyolintila\"]}]}<\/script>\n<!-- \/ Yoast SEO plugin. -->","yoast_head_json":{"title":"Leipy\u00f6lin tila - Pflanzenbau","description":"Auf dem Leipy\u00f6li-Hof streben wir eine effiziente und nachhaltige Pflanzenproduktion an, ohne die Umwelt zu vernachl\u00e4ssigen. Unsere Hauptkulturen sind Zuckerr\u00fcben, Getreide und Futterpflanzen.","robots":{"index":"index","follow":"follow","max-snippet":"max-snippet:-1","max-image-preview":"max-image-preview:large","max-video-preview":"max-video-preview:-1"},"canonical":"https:\/\/leipyoli.com\/de\/der-bauernhof\/pflanzenbau\/","og_locale":"de_DE","og_type":"article","og_title":"Leipy\u00f6lin tila - Pflanzenbau","og_description":"Auf dem Leipy\u00f6li-Hof streben wir eine effiziente und nachhaltige Pflanzenproduktion an, ohne die Umwelt zu vernachl\u00e4ssigen. Unsere Hauptkulturen sind Zuckerr\u00fcben, Getreide und Futterpflanzen.","og_url":"https:\/\/leipyoli.com\/de\/der-bauernhof\/pflanzenbau\/","og_site_name":"Leipy\u00f6lin tila","article_publisher":"https:\/\/www.facebook.com\/leipyolintila","article_modified_time":"2025-02-20T18:14:30+00:00","og_image":[{"width":1200,"height":630,"url":"https:\/\/leipyoli.com\/wp-content\/uploads\/2018\/03\/leipyolin_tila-FB.jpg","type":"image\/jpeg"}],"twitter_card":"summary_large_image","twitter_misc":{"Gesch\u00e4tzte Lesezeit":"1\u00a0Minute"},"schema":{"@context":"https:\/\/schema.org","@graph":[{"@type":"WebPage","@id":"https:\/\/leipyoli.com\/de\/der-bauernhof\/pflanzenbau\/","url":"https:\/\/leipyoli.com\/de\/der-bauernhof\/pflanzenbau\/","name":"Leipy\u00f6lin tila - Pflanzenbau","isPartOf":{"@id":"https:\/\/leipyoli.com\/de\/#website"},"datePublished":"2017-11-23T11:59:09+00:00","dateModified":"2025-02-20T18:14:30+00:00","description":"Auf dem Leipy\u00f6li-Hof streben wir eine effiziente und nachhaltige Pflanzenproduktion an, ohne die Umwelt zu vernachl\u00e4ssigen. Unsere Hauptkulturen sind Zuckerr\u00fcben, Getreide und Futterpflanzen.","breadcrumb":{"@id":"https:\/\/leipyoli.com\/de\/der-bauernhof\/pflanzenbau\/#breadcrumb"},"inLanguage":"de","potentialAction":[{"@type":"ReadAction","target":["https:\/\/leipyoli.com\/de\/der-bauernhof\/pflanzenbau\/"]}]},{"@type":"BreadcrumbList","@id":"https:\/\/leipyoli.com\/de\/der-bauernhof\/pflanzenbau\/#breadcrumb","itemListElement":[{"@type":"ListItem","position":1,"name":"Home","item":"https:\/\/leipyoli.com\/de\/startseite\/"},{"@type":"ListItem","position":2,"name":"Der Bauernhof","item":"https:\/\/leipyoli.com\/de\/der-bauernhof\/"},{"@type":"ListItem","position":3,"name":"Pflanzenbau"}]},{"@type":"WebSite","@id":"https:\/\/leipyoli.com\/de\/#website","url":"https:\/\/leipyoli.com\/de\/","name":"Leipy\u00f6lin tila","description":"Maanviljely\u00e4, yl\u00e4maankarjaa ja maatilamatkaulua Salossa!","publisher":{"@id":"https:\/\/leipyoli.com\/de\/#organization"},"potentialAction":[{"@type":"SearchAction","target":{"@type":"EntryPoint","urlTemplate":"https:\/\/leipyoli.com\/de\/?s={search_term_string}"},"query-input":{"@type":"PropertyValueSpecification","valueRequired":true,"valueName":"search_term_string"}}],"inLanguage":"de"},{"@type":"Organization","@id":"https:\/\/leipyoli.com\/de\/#organization","name":"Leipy\u00f6lin tila","url":"https:\/\/leipyoli.com\/de\/","logo":{"@type":"ImageObject","inLanguage":"de","@id":"https:\/\/leipyoli.com\/de\/#\/schema\/logo\/image\/","url":"https:\/\/leipyoli.com\/wp-content\/uploads\/2017\/11\/leipyoli-logo-nav.svg","contentUrl":"https:\/\/leipyoli.com\/wp-content\/uploads\/2017\/11\/leipyoli-logo-nav.svg","width":1,"height":1,"caption":"Leipy\u00f6lin tila"},"image":{"@id":"https:\/\/leipyoli.com\/de\/#\/schema\/logo\/image\/"},"sameAs":["https:\/\/www.facebook.com\/leipyolintila"]}]}},"_links":{"self":[{"href":"https:\/\/leipyoli.com\/de\/wp-json\/wp\/v2\/pages\/1747","targetHints":{"allow":["GET"]}}],"collection":[{"href":"https:\/\/leipyoli.com\/de\/wp-json\/wp\/v2\/pages"}],"about":[{"href":"https:\/\/leipyoli.com\/de\/wp-json\/wp\/v2\/types\/page"}],"author":[{"embeddable":true,"href":"https:\/\/leipyoli.com\/de\/wp-json\/wp\/v2\/users\/1"}],"replies":[{"embeddable":true,"href":"https:\/\/leipyoli.com\/de\/wp-json\/wp\/v2\/comments?post=1747"}],"version-history":[{"count":1,"href":"https:\/\/leipyoli.com\/de\/wp-json\/wp\/v2\/pages\/1747\/revisions"}],"predecessor-version":[{"id":1748,"href":"https:\/\/leipyoli.com\/de\/wp-json\/wp\/v2\/pages\/1747\/revisions\/1748"}],"up":[{"embeddable":true,"href":"https:\/\/leipyoli.com\/de\/wp-json\/wp\/v2\/pages\/1718"}],"wp:attachment":[{"href":"https:\/\/leipyoli.com\/de\/wp-json\/wp\/v2\/media?parent=1747"}],"curies":[{"name":"wp","href":"https:\/\/api.w.org\/{rel}","templated":true}]}}