{"id":1795,"date":"2017-11-20T15:24:39","date_gmt":"2017-11-20T13:24:39","guid":{"rendered":"https:\/\/leipyoli.com\/der-bauernhof\/ylamaankarja\/"},"modified":"2025-02-20T20:57:32","modified_gmt":"2025-02-20T18:57:32","slug":"ylamaankarja","status":"publish","type":"page","link":"https:\/\/leipyoli.com\/de\/der-bauernhof\/ylamaankarja\/","title":{"rendered":"Highland-Rinder"},"content":{"rendered":"\t\t<div data-elementor-type=\"wp-post\" data-elementor-id=\"1795\" class=\"elementor elementor-1795 elementor-133\" data-elementor-post-type=\"page\">\n\t\t\t\t\t\t<section class=\"elementor-section elementor-top-section elementor-element elementor-element-713ea7c4 elementor-section-height-min-height elementor-section-boxed elementor-section-height-default elementor-section-items-middle\" data-id=\"713ea7c4\" data-element_type=\"section\" data-e-type=\"section\" data-settings=\"{&quot;background_background&quot;:&quot;classic&quot;}\">\n\t\t\t\t\t\t\t<div class=\"elementor-background-overlay\"><\/div>\n\t\t\t\t\t\t\t<div class=\"elementor-container elementor-column-gap-default\">\n\t\t\t\t\t<div class=\"elementor-column elementor-col-100 elementor-top-column elementor-element elementor-element-47bd56b1\" data-id=\"47bd56b1\" data-element_type=\"column\" data-e-type=\"column\">\n\t\t\t<div class=\"elementor-widget-wrap elementor-element-populated\">\n\t\t\t\t\t\t<div class=\"elementor-element elementor-element-6a8040b6 elementor-widget elementor-widget-heading\" data-id=\"6a8040b6\" data-element_type=\"widget\" data-e-type=\"widget\" data-widget_type=\"heading.default\">\n\t\t\t\t<div class=\"elementor-widget-container\">\n\t\t\t\t\t<h1 class=\"elementor-heading-title elementor-size-default\">Highland-Rinder<\/h1>\t\t\t\t<\/div>\n\t\t\t\t<\/div>\n\t\t\t\t\t<\/div>\n\t\t<\/div>\n\t\t\t\t\t<\/div>\n\t\t<\/section>\n\t\t\t\t<section class=\"elementor-section elementor-top-section elementor-element elementor-element-8011a72 elementor-section-boxed elementor-section-height-default elementor-section-height-default\" data-id=\"8011a72\" data-element_type=\"section\" data-e-type=\"section\">\n\t\t\t\t\t\t<div class=\"elementor-container elementor-column-gap-default\">\n\t\t\t\t\t<div class=\"elementor-column elementor-col-100 elementor-top-column elementor-element elementor-element-8c4c2e6\" data-id=\"8c4c2e6\" data-element_type=\"column\" data-e-type=\"column\">\n\t\t\t<div class=\"elementor-widget-wrap elementor-element-populated\">\n\t\t\t\t\t\t<div class=\"elementor-element elementor-element-0264f58 elementor-widget elementor-widget-spacer\" data-id=\"0264f58\" data-element_type=\"widget\" data-e-type=\"widget\" data-widget_type=\"spacer.default\">\n\t\t\t\t<div class=\"elementor-widget-container\">\n\t\t\t\t\t\t\t<div class=\"elementor-spacer\">\n\t\t\t<div class=\"elementor-spacer-inner\"><\/div>\n\t\t<\/div>\n\t\t\t\t\t\t<\/div>\n\t\t\t\t<\/div>\n\t\t\t\t<div class=\"elementor-element elementor-element-73f1550 elementor-widget elementor-widget-heading\" data-id=\"73f1550\" data-element_type=\"widget\" data-e-type=\"widget\" data-widget_type=\"heading.default\">\n\t\t\t\t<div class=\"elementor-widget-container\">\n\t\t\t\t\t<h2 class=\"elementor-heading-title elementor-size-default\">Unsere Rinder grasen frei!<\/h2>\t\t\t\t<\/div>\n\t\t\t\t<\/div>\n\t\t\t\t<div class=\"elementor-element elementor-element-2d22e6d elementor-widget elementor-widget-text-editor\" data-id=\"2d22e6d\" data-element_type=\"widget\" data-e-type=\"widget\" data-widget_type=\"text-editor.default\">\n\t\t\t\t<div class=\"elementor-widget-container\">\n\t\t\t\t\t\t\t\t\t<p><span style=\"font-weight: 400;\">Highland-Rinder leben das ganze Jahr \u00fcber frei. Im Sommer grasen sie auf unseren traditionellen Biotopfl\u00e4chen und Schutzstreifen entlang des Flusses. Im Winter bleiben sie in Wintergehegen, wo sie mit im Sommer geernteter Silage gef\u00fcttert werden.   <\/span><\/p><p><span style=\"font-weight: 400;\">Highland-Rinder erhalten kein Getreide oder Kraftfutter, weshalb sie langsamer wachsen als andere Rinderrassen. Im Gegensatz zu den meisten Fleischrassen werden Bullen erst im Alter von etwa drei Jahren geschlachtet. Jungk\u00fche werden je nach Entwicklung im Alter von 2\u20133 Jahren gedeckt. Highland-K\u00fche sind jedoch sehr langlebig und k\u00f6nnen bis zu 15 Jahre lang K\u00e4lber geb\u00e4ren.  <\/span><\/p>\t\t\t\t\t\t\t\t<\/div>\n\t\t\t\t<\/div>\n\t\t\t\t\t<\/div>\n\t\t<\/div>\n\t\t\t\t\t<\/div>\n\t\t<\/section>\n\t\t\t\t<section class=\"elementor-section elementor-top-section elementor-element elementor-element-72ee088 elementor-section-boxed elementor-section-height-default elementor-section-height-default\" data-id=\"72ee088\" data-element_type=\"section\" data-e-type=\"section\">\n\t\t\t\t\t\t<div class=\"elementor-container elementor-column-gap-default\">\n\t\t\t\t\t<div class=\"elementor-column elementor-col-100 elementor-top-column elementor-element elementor-element-ac28005\" data-id=\"ac28005\" data-element_type=\"column\" data-e-type=\"column\">\n\t\t\t<div class=\"elementor-widget-wrap elementor-element-populated\">\n\t\t\t\t\t\t<div class=\"elementor-element elementor-element-b650d3f elementor-widget elementor-widget-spacer\" data-id=\"b650d3f\" data-element_type=\"widget\" data-e-type=\"widget\" data-widget_type=\"spacer.default\">\n\t\t\t\t<div class=\"elementor-widget-container\">\n\t\t\t\t\t\t\t<div class=\"elementor-spacer\">\n\t\t\t<div class=\"elementor-spacer-inner\"><\/div>\n\t\t<\/div>\n\t\t\t\t\t\t<\/div>\n\t\t\t\t<\/div>\n\t\t\t\t<div class=\"elementor-element elementor-element-b6bf44f elementor-widget elementor-widget-heading\" data-id=\"b6bf44f\" data-element_type=\"widget\" data-e-type=\"widget\" data-widget_type=\"heading.default\">\n\t\t\t\t<div class=\"elementor-widget-container\">\n\t\t\t\t\t<h2 class=\"elementor-heading-title elementor-size-default\">Die Geschichte der Rasse<\/h2>\t\t\t\t<\/div>\n\t\t\t\t<\/div>\n\t\t\t\t<div class=\"elementor-element elementor-element-6c1f674 elementor-widget elementor-widget-text-editor\" data-id=\"6c1f674\" data-element_type=\"widget\" data-e-type=\"widget\" data-widget_type=\"text-editor.default\">\n\t\t\t\t<div class=\"elementor-widget-container\">\n\t\t\t\t\t\t\t\t\t<p><span style=\"font-weight: 400;\">Highland Cattle, auch Kyloe, ist eine alte Rinderrasse, deren Herkunft immer wieder diskutiert wird. Einer Legende zufolge brachten die Kelten diese Rinder auf die schottischen Highlands und Inseln, als sie vor dem R\u00f6mischen Reich flohen.  <\/span><\/p><p><span style=\"font-weight: 400;\">Es gibt auch Hinweise darauf, dass die Wikinger w\u00e4hrend ihrer Kreuzz\u00fcge und Handelsreisen Highland-Rinder-\u00e4hnliche Tiere nach Skandinavien brachten. Viele historische Reiseberichte deuten darauf hin, dass diese Rinder bereits im 16. Jahrhundert auf den westlichen Inseln Schottlands, den Hebriden und in den Highlands vorkamen. <\/span><a href=\"http:\/\/www.scottishhighlandcattle.com.au\/\"><span style=\"font-weight: 400;\"> <\/span><\/a><span style=\"font-weight: 400;\">Unabh\u00e4ngig von ihrer genauen Herkunft ist eines sicher: Die Rasse hat sich perfekt an das raue und k\u00fchle Klima der Highlands angepasst. Im Laufe der Zeit entwickelten sich die Tiere auf nat\u00fcrliche Weise, um mit sp\u00e4rlicher Vegetation zu \u00fcberleben und eine au\u00dfergew\u00f6hnliche N\u00e4hrstoffverwertung zu entwickeln.   <\/span><\/p><p><span style=\"font-weight: 400;\">F\u00fcr schottische P\u00e4chterbauern war das Highland-Rind lebensnotwendig. Es \u00fcberstand die harten Winter, produzierte gen\u00fcgend Milch f\u00fcr das Kalb und die Bauernfamilie, und manchmal wurde sogar Blut gezapft, um die Ern\u00e4hrung zu erg\u00e4nzen. Zudem wurden H\u00f6rner, Haare und Leder f\u00fcr verschiedene Gebrauchsgegenst\u00e4nde verwertet. Highland-Rinder waren so wertvoll, dass sie sogar als Zahlungsmittel genutzt wurden, was h\u00e4ufig Streitigkeiten und Konflikte zwischen Clans verursachte.  <\/span><\/p><p><span style=\"font-weight: 400;\">Quelle: <\/span><a href=\"http:\/\/highlandcattle.fi\/\" target=\"_blank\" rel=\"noopener\"><span style=\"font-weight: 400;\">w<\/span><span style=\"font-weight: 400;\">ww.highland<\/span><span style=\"font-weight: 400;\">cattle.fi<\/span><\/a><\/p>\t\t\t\t\t\t\t\t<\/div>\n\t\t\t\t<\/div>\n\t\t\t\t\t<\/div>\n\t\t<\/div>\n\t\t\t\t\t<\/div>\n\t\t<\/section>\n\t\t\t\t<section class=\"elementor-section elementor-top-section elementor-element elementor-element-1d814221 elementor-section-boxed elementor-section-height-default elementor-section-height-default\" data-id=\"1d814221\" data-element_type=\"section\" data-e-type=\"section\" data-settings=\"{&quot;background_background&quot;:&quot;classic&quot;}\">\n\t\t\t\t\t\t<div class=\"elementor-container elementor-column-gap-default\">\n\t\t\t\t\t<div class=\"elementor-column elementor-col-100 elementor-top-column elementor-element elementor-element-6f6bcb0c\" data-id=\"6f6bcb0c\" data-element_type=\"column\" data-e-type=\"column\" data-settings=\"{&quot;background_background&quot;:&quot;classic&quot;}\">\n\t\t\t<div class=\"elementor-widget-wrap elementor-element-populated\">\n\t\t\t\t\t<div class=\"elementor-background-overlay\"><\/div>\n\t\t\t\t\t\t<div class=\"elementor-element elementor-element-a6dea16 elementor-view-stacked elementor-shape-circle elementor-widget elementor-widget-icon\" data-id=\"a6dea16\" data-element_type=\"widget\" data-e-type=\"widget\" data-widget_type=\"icon.default\">\n\t\t\t\t<div class=\"elementor-widget-container\">\n\t\t\t\t\t\t\t<div class=\"elementor-icon-wrapper\">\n\t\t\t<div class=\"elementor-icon\">\n\t\t\t\t\t\t\t<i class=\"fa fa-info\" aria-hidden=\"true\"><\/i>\n\t\t\t\t\t\t<\/div>\n\t\t<\/div>\n\t\t\t\t\t\t<\/div>\n\t\t\t\t<\/div>\n\t\t\t\t<div class=\"elementor-element elementor-element-2a2d011b elementor-widget elementor-widget-heading\" data-id=\"2a2d011b\" data-element_type=\"widget\" data-e-type=\"widget\" data-widget_type=\"heading.default\">\n\t\t\t\t<div class=\"elementor-widget-container\">\n\t\t\t\t\t<h2 class=\"elementor-heading-title elementor-size-default\">Einige interessante Fakten \u00fcber Highland-Rinder<\/h2>\t\t\t\t<\/div>\n\t\t\t\t<\/div>\n\t\t\t\t<div class=\"elementor-element elementor-element-2b9150ac infolinkki elementor-widget elementor-widget-text-editor\" data-id=\"2b9150ac\" data-element_type=\"widget\" data-e-type=\"widget\" data-widget_type=\"text-editor.default\">\n\t\t\t\t<div class=\"elementor-widget-container\">\n\t\t\t\t\t\t\t\t\t<p><span style=\"font-weight: 400;\">Die Haut von Highland-Rindern ist doppelt so dick wie die anderer Rinder. Ihr Fell besteht aus zwei Schichten: einer warmen, isolierenden Unterwolle und einem groben Deckhaar, wodurch sie den Winter drau\u00dfen verbringen k\u00f6nnen. Die Rasse ist bestens geeignet, um auf kargen Naturweiden, Waldweiden und Brachland zu grasen. Highland-Rinder wachsen langsam, sind daf\u00fcr aber besonders robust und langlebig.    <\/span><\/p><p>Quelle: <a href=\"https:\/\/fi.wikipedia.org\/wiki\/Yl%C3%A4maankarja\" target=\"_blank\" rel=\"noopener\">Wikipedia<\/a><\/p>\t\t\t\t\t\t\t\t<\/div>\n\t\t\t\t<\/div>\n\t\t\t\t\t<\/div>\n\t\t<\/div>\n\t\t\t\t\t<\/div>\n\t\t<\/section>\n\t\t\t\t<section class=\"elementor-section elementor-top-section elementor-element elementor-element-83af4f6 elementor-section-boxed elementor-section-height-default elementor-section-height-default\" data-id=\"83af4f6\" data-element_type=\"section\" data-e-type=\"section\">\n\t\t\t\t\t\t<div class=\"elementor-container elementor-column-gap-default\">\n\t\t\t\t\t<div class=\"elementor-column elementor-col-100 elementor-top-column elementor-element elementor-element-5c4c0e3\" data-id=\"5c4c0e3\" data-element_type=\"column\" data-e-type=\"column\">\n\t\t\t<div class=\"elementor-widget-wrap elementor-element-populated\">\n\t\t\t\t\t\t<div class=\"elementor-element elementor-element-8794c9f elementor-widget elementor-widget-spacer\" data-id=\"8794c9f\" data-element_type=\"widget\" data-e-type=\"widget\" data-widget_type=\"spacer.default\">\n\t\t\t\t<div class=\"elementor-widget-container\">\n\t\t\t\t\t\t\t<div class=\"elementor-spacer\">\n\t\t\t<div class=\"elementor-spacer-inner\"><\/div>\n\t\t<\/div>\n\t\t\t\t\t\t<\/div>\n\t\t\t\t<\/div>\n\t\t\t\t<div class=\"elementor-element elementor-element-fea5392 elementor-widget elementor-widget-heading\" data-id=\"fea5392\" data-element_type=\"widget\" data-e-type=\"widget\" data-widget_type=\"heading.default\">\n\t\t\t\t<div class=\"elementor-widget-container\">\n\t\t\t\t\t<h2 class=\"elementor-heading-title elementor-size-default\">Verkauf von Tieren<\/h2>\t\t\t\t<\/div>\n\t\t\t\t<\/div>\n\t\t\t\t<div class=\"elementor-element elementor-element-0cc4ddd elementor-widget elementor-widget-text-editor\" data-id=\"0cc4ddd\" data-element_type=\"widget\" data-e-type=\"widget\" data-widget_type=\"text-editor.default\">\n\t\t\t\t<div class=\"elementor-widget-container\">\n\t\t\t\t\t\t\t\t\t<p><span style=\"font-weight: 400;\">Gelegentlich verkaufen<\/span> wir Tiere <span style=\"font-weight: 400;\">an andere Betriebe<\/span>. Infor<span style=\"font-weight: 400;\">mationen zu verf\u00fcgbar<\/span>en Tie<span style=\"font-weight: 400;\">ren werden au<\/span>f unserer Aktuelles-Seite ver\u00f6ffentlicht.<\/p>\t\t\t\t\t\t\t\t<\/div>\n\t\t\t\t<\/div>\n\t\t\t\t\t<\/div>\n\t\t<\/div>\n\t\t\t\t\t<\/div>\n\t\t<\/section>\n\t\t\t\t<section class=\"elementor-section elementor-top-section elementor-element elementor-element-e0fbfc3 elementor-section-boxed elementor-section-height-default elementor-section-height-default\" data-id=\"e0fbfc3\" data-element_type=\"section\" data-e-type=\"section\">\n\t\t\t\t\t\t<div class=\"elementor-container elementor-column-gap-default\">\n\t\t\t\t\t<div class=\"elementor-column elementor-col-100 elementor-top-column elementor-element elementor-element-40f591f\" data-id=\"40f591f\" data-element_type=\"column\" data-e-type=\"column\">\n\t\t\t<div class=\"elementor-widget-wrap elementor-element-populated\">\n\t\t\t\t\t\t<div class=\"elementor-element elementor-element-1b52557 elementor-widget elementor-widget-spacer\" data-id=\"1b52557\" data-element_type=\"widget\" data-e-type=\"widget\" data-widget_type=\"spacer.default\">\n\t\t\t\t<div class=\"elementor-widget-container\">\n\t\t\t\t\t\t\t<div class=\"elementor-spacer\">\n\t\t\t<div class=\"elementor-spacer-inner\"><\/div>\n\t\t<\/div>\n\t\t\t\t\t\t<\/div>\n\t\t\t\t<\/div>\n\t\t\t\t\t<\/div>\n\t\t<\/div>\n\t\t\t\t\t<\/div>\n\t\t<\/section>\n\t\t\t\t<\/div>\n\t\t","protected":false},"excerpt":{"rendered":"<p>Highland-Rinder Unsere Rinder grasen frei! Highland-Rinder leben das ganze Jahr \u00fcber frei. Im Sommer grasen sie auf unseren traditionellen Biotopfl\u00e4chen und Schutzstreifen entlang des Flusses. Im Winter bleiben sie in Wintergehegen, wo sie mit im Sommer geernteter Silage gef\u00fcttert werden. Highland-Rinder erhalten kein Getreide oder Kraftfutter, weshalb sie langsamer wachsen als andere Rinderrassen. Im Gegensatz &#8230; <\/p>\n<p class=\"read-more-container\"><a title=\"Highland-Rinder\" class=\"read-more button\" href=\"https:\/\/leipyoli.com\/de\/der-bauernhof\/ylamaankarja\/#more-1795\" aria-label=\"Mehr Informationen \u00fcber Highland-Rinder\">Lue lis\u00e4\u00e4<\/a><\/p>\n","protected":false},"author":1,"featured_media":0,"parent":1718,"menu_order":0,"comment_status":"closed","ping_status":"closed","template":"","meta":{"inline_featured_image":false,"footnotes":""},"class_list":["post-1795","page","type-page","status-publish"],"yoast_head":"<!-- This site is optimized with the Yoast SEO plugin v27.4 - https:\/\/yoast.com\/product\/yoast-seo-wordpress\/ -->\n<title>Leipy\u00f6lin tila - Highland-Rinder<\/title>\n<meta name=\"description\" content=\"Unsere Highland-Rinder grasen frei! Im Sommer grasen sie auf unseren traditionellen Biotopfl\u00e4chen und Schutzstreifen entlang des Flusses. Im Winter bleiben sie in Gehegen und werden mit im Sommer geernteter Silage gef\u00fcttert.\" \/>\n<meta name=\"robots\" content=\"index, follow, max-snippet:-1, max-image-preview:large, max-video-preview:-1\" \/>\n<link rel=\"canonical\" href=\"https:\/\/leipyoli.com\/de\/der-bauernhof\/ylamaankarja\/\" \/>\n<meta property=\"og:locale\" content=\"de_DE\" \/>\n<meta property=\"og:type\" content=\"article\" \/>\n<meta property=\"og:title\" content=\"Leipy\u00f6lin tila - Highland-Rinder\" \/>\n<meta property=\"og:description\" content=\"Unsere Highland-Rinder grasen frei! Im Sommer grasen sie auf unseren traditionellen Biotopfl\u00e4chen und Schutzstreifen entlang des Flusses. Im Winter bleiben sie in Gehegen und werden mit im Sommer geernteter Silage gef\u00fcttert.\" \/>\n<meta property=\"og:url\" content=\"https:\/\/leipyoli.com\/de\/der-bauernhof\/ylamaankarja\/\" \/>\n<meta property=\"og:site_name\" content=\"Leipy\u00f6lin tila\" \/>\n<meta property=\"article:publisher\" content=\"https:\/\/www.facebook.com\/leipyolintila\" \/>\n<meta property=\"article:modified_time\" content=\"2025-02-20T18:57:32+00:00\" \/>\n<meta property=\"og:image\" content=\"https:\/\/leipyoli.com\/wp-content\/uploads\/2018\/03\/leipyolin_tila-FB.jpg\" \/>\n\t<meta property=\"og:image:width\" content=\"1200\" \/>\n\t<meta property=\"og:image:height\" content=\"630\" \/>\n\t<meta property=\"og:image:type\" content=\"image\/jpeg\" \/>\n<meta name=\"twitter:card\" content=\"summary_large_image\" \/>\n<meta name=\"twitter:label1\" content=\"Gesch\u00e4tzte Lesezeit\" \/>\n\t<meta name=\"twitter:data1\" content=\"2\u00a0Minuten\" \/>\n<script type=\"application\/ld+json\" class=\"yoast-schema-graph\">{\"@context\":\"https:\\\/\\\/schema.org\",\"@graph\":[{\"@type\":\"WebPage\",\"@id\":\"https:\\\/\\\/leipyoli.com\\\/de\\\/der-bauernhof\\\/ylamaankarja\\\/\",\"url\":\"https:\\\/\\\/leipyoli.com\\\/de\\\/der-bauernhof\\\/ylamaankarja\\\/\",\"name\":\"Leipy\u00f6lin tila - Highland-Rinder\",\"isPartOf\":{\"@id\":\"https:\\\/\\\/leipyoli.com\\\/de\\\/#website\"},\"datePublished\":\"2017-11-20T13:24:39+00:00\",\"dateModified\":\"2025-02-20T18:57:32+00:00\",\"description\":\"Unsere Highland-Rinder grasen frei! Im Sommer grasen sie auf unseren traditionellen Biotopfl\u00e4chen und Schutzstreifen entlang des Flusses. Im Winter bleiben sie in Gehegen und werden mit im Sommer geernteter Silage gef\u00fcttert.\",\"breadcrumb\":{\"@id\":\"https:\\\/\\\/leipyoli.com\\\/de\\\/der-bauernhof\\\/ylamaankarja\\\/#breadcrumb\"},\"inLanguage\":\"de\",\"potentialAction\":[{\"@type\":\"ReadAction\",\"target\":[\"https:\\\/\\\/leipyoli.com\\\/de\\\/der-bauernhof\\\/ylamaankarja\\\/\"]}]},{\"@type\":\"BreadcrumbList\",\"@id\":\"https:\\\/\\\/leipyoli.com\\\/de\\\/der-bauernhof\\\/ylamaankarja\\\/#breadcrumb\",\"itemListElement\":[{\"@type\":\"ListItem\",\"position\":1,\"name\":\"Home\",\"item\":\"https:\\\/\\\/leipyoli.com\\\/de\\\/startseite\\\/\"},{\"@type\":\"ListItem\",\"position\":2,\"name\":\"Der Bauernhof\",\"item\":\"https:\\\/\\\/leipyoli.com\\\/de\\\/der-bauernhof\\\/\"},{\"@type\":\"ListItem\",\"position\":3,\"name\":\"Highland-Rinder\"}]},{\"@type\":\"WebSite\",\"@id\":\"https:\\\/\\\/leipyoli.com\\\/de\\\/#website\",\"url\":\"https:\\\/\\\/leipyoli.com\\\/de\\\/\",\"name\":\"Leipy\u00f6lin tila\",\"description\":\"Maanviljely\u00e4, yl\u00e4maankarjaa ja maatilamatkaulua Salossa!\",\"publisher\":{\"@id\":\"https:\\\/\\\/leipyoli.com\\\/de\\\/#organization\"},\"potentialAction\":[{\"@type\":\"SearchAction\",\"target\":{\"@type\":\"EntryPoint\",\"urlTemplate\":\"https:\\\/\\\/leipyoli.com\\\/de\\\/?s={search_term_string}\"},\"query-input\":{\"@type\":\"PropertyValueSpecification\",\"valueRequired\":true,\"valueName\":\"search_term_string\"}}],\"inLanguage\":\"de\"},{\"@type\":\"Organization\",\"@id\":\"https:\\\/\\\/leipyoli.com\\\/de\\\/#organization\",\"name\":\"Leipy\u00f6lin tila\",\"url\":\"https:\\\/\\\/leipyoli.com\\\/de\\\/\",\"logo\":{\"@type\":\"ImageObject\",\"inLanguage\":\"de\",\"@id\":\"https:\\\/\\\/leipyoli.com\\\/de\\\/#\\\/schema\\\/logo\\\/image\\\/\",\"url\":\"https:\\\/\\\/leipyoli.com\\\/wp-content\\\/uploads\\\/2017\\\/11\\\/leipyoli-logo-nav.svg\",\"contentUrl\":\"https:\\\/\\\/leipyoli.com\\\/wp-content\\\/uploads\\\/2017\\\/11\\\/leipyoli-logo-nav.svg\",\"width\":1,\"height\":1,\"caption\":\"Leipy\u00f6lin tila\"},\"image\":{\"@id\":\"https:\\\/\\\/leipyoli.com\\\/de\\\/#\\\/schema\\\/logo\\\/image\\\/\"},\"sameAs\":[\"https:\\\/\\\/www.facebook.com\\\/leipyolintila\"]}]}<\/script>\n<!-- \/ Yoast SEO plugin. -->","yoast_head_json":{"title":"Leipy\u00f6lin tila - Highland-Rinder","description":"Unsere Highland-Rinder grasen frei! Im Sommer grasen sie auf unseren traditionellen Biotopfl\u00e4chen und Schutzstreifen entlang des Flusses. Im Winter bleiben sie in Gehegen und werden mit im Sommer geernteter Silage gef\u00fcttert.","robots":{"index":"index","follow":"follow","max-snippet":"max-snippet:-1","max-image-preview":"max-image-preview:large","max-video-preview":"max-video-preview:-1"},"canonical":"https:\/\/leipyoli.com\/de\/der-bauernhof\/ylamaankarja\/","og_locale":"de_DE","og_type":"article","og_title":"Leipy\u00f6lin tila - Highland-Rinder","og_description":"Unsere Highland-Rinder grasen frei! Im Sommer grasen sie auf unseren traditionellen Biotopfl\u00e4chen und Schutzstreifen entlang des Flusses. Im Winter bleiben sie in Gehegen und werden mit im Sommer geernteter Silage gef\u00fcttert.","og_url":"https:\/\/leipyoli.com\/de\/der-bauernhof\/ylamaankarja\/","og_site_name":"Leipy\u00f6lin tila","article_publisher":"https:\/\/www.facebook.com\/leipyolintila","article_modified_time":"2025-02-20T18:57:32+00:00","og_image":[{"width":1200,"height":630,"url":"https:\/\/leipyoli.com\/wp-content\/uploads\/2018\/03\/leipyolin_tila-FB.jpg","type":"image\/jpeg"}],"twitter_card":"summary_large_image","twitter_misc":{"Gesch\u00e4tzte Lesezeit":"2\u00a0Minuten"},"schema":{"@context":"https:\/\/schema.org","@graph":[{"@type":"WebPage","@id":"https:\/\/leipyoli.com\/de\/der-bauernhof\/ylamaankarja\/","url":"https:\/\/leipyoli.com\/de\/der-bauernhof\/ylamaankarja\/","name":"Leipy\u00f6lin tila - Highland-Rinder","isPartOf":{"@id":"https:\/\/leipyoli.com\/de\/#website"},"datePublished":"2017-11-20T13:24:39+00:00","dateModified":"2025-02-20T18:57:32+00:00","description":"Unsere Highland-Rinder grasen frei! Im Sommer grasen sie auf unseren traditionellen Biotopfl\u00e4chen und Schutzstreifen entlang des Flusses. Im Winter bleiben sie in Gehegen und werden mit im Sommer geernteter Silage gef\u00fcttert.","breadcrumb":{"@id":"https:\/\/leipyoli.com\/de\/der-bauernhof\/ylamaankarja\/#breadcrumb"},"inLanguage":"de","potentialAction":[{"@type":"ReadAction","target":["https:\/\/leipyoli.com\/de\/der-bauernhof\/ylamaankarja\/"]}]},{"@type":"BreadcrumbList","@id":"https:\/\/leipyoli.com\/de\/der-bauernhof\/ylamaankarja\/#breadcrumb","itemListElement":[{"@type":"ListItem","position":1,"name":"Home","item":"https:\/\/leipyoli.com\/de\/startseite\/"},{"@type":"ListItem","position":2,"name":"Der Bauernhof","item":"https:\/\/leipyoli.com\/de\/der-bauernhof\/"},{"@type":"ListItem","position":3,"name":"Highland-Rinder"}]},{"@type":"WebSite","@id":"https:\/\/leipyoli.com\/de\/#website","url":"https:\/\/leipyoli.com\/de\/","name":"Leipy\u00f6lin tila","description":"Maanviljely\u00e4, yl\u00e4maankarjaa ja maatilamatkaulua Salossa!","publisher":{"@id":"https:\/\/leipyoli.com\/de\/#organization"},"potentialAction":[{"@type":"SearchAction","target":{"@type":"EntryPoint","urlTemplate":"https:\/\/leipyoli.com\/de\/?s={search_term_string}"},"query-input":{"@type":"PropertyValueSpecification","valueRequired":true,"valueName":"search_term_string"}}],"inLanguage":"de"},{"@type":"Organization","@id":"https:\/\/leipyoli.com\/de\/#organization","name":"Leipy\u00f6lin tila","url":"https:\/\/leipyoli.com\/de\/","logo":{"@type":"ImageObject","inLanguage":"de","@id":"https:\/\/leipyoli.com\/de\/#\/schema\/logo\/image\/","url":"https:\/\/leipyoli.com\/wp-content\/uploads\/2017\/11\/leipyoli-logo-nav.svg","contentUrl":"https:\/\/leipyoli.com\/wp-content\/uploads\/2017\/11\/leipyoli-logo-nav.svg","width":1,"height":1,"caption":"Leipy\u00f6lin tila"},"image":{"@id":"https:\/\/leipyoli.com\/de\/#\/schema\/logo\/image\/"},"sameAs":["https:\/\/www.facebook.com\/leipyolintila"]}]}},"_links":{"self":[{"href":"https:\/\/leipyoli.com\/de\/wp-json\/wp\/v2\/pages\/1795","targetHints":{"allow":["GET"]}}],"collection":[{"href":"https:\/\/leipyoli.com\/de\/wp-json\/wp\/v2\/pages"}],"about":[{"href":"https:\/\/leipyoli.com\/de\/wp-json\/wp\/v2\/types\/page"}],"author":[{"embeddable":true,"href":"https:\/\/leipyoli.com\/de\/wp-json\/wp\/v2\/users\/1"}],"replies":[{"embeddable":true,"href":"https:\/\/leipyoli.com\/de\/wp-json\/wp\/v2\/comments?post=1795"}],"version-history":[{"count":1,"href":"https:\/\/leipyoli.com\/de\/wp-json\/wp\/v2\/pages\/1795\/revisions"}],"predecessor-version":[{"id":1796,"href":"https:\/\/leipyoli.com\/de\/wp-json\/wp\/v2\/pages\/1795\/revisions\/1796"}],"up":[{"embeddable":true,"href":"https:\/\/leipyoli.com\/de\/wp-json\/wp\/v2\/pages\/1718"}],"wp:attachment":[{"href":"https:\/\/leipyoli.com\/de\/wp-json\/wp\/v2\/media?parent=1795"}],"curies":[{"name":"wp","href":"https:\/\/api.w.org\/{rel}","templated":true}]}}