{"id":1826,"date":"2017-11-20T15:31:22","date_gmt":"2017-11-20T13:31:22","guid":{"rendered":"https:\/\/leipyoli.com\/urlaub-auf-dem-bauernhof\/tagungsservice\/"},"modified":"2025-02-21T12:59:34","modified_gmt":"2025-02-21T10:59:34","slug":"tagungsservice","status":"publish","type":"page","link":"https:\/\/leipyoli.com\/de\/urlaub-auf-dem-bauernhof\/tagungsservice\/","title":{"rendered":"Tagungsservice"},"content":{"rendered":"\t\t<div data-elementor-type=\"wp-post\" data-elementor-id=\"1826\" class=\"elementor elementor-1826 elementor-147 elementor-bc-flex-widget\" data-elementor-post-type=\"page\">\n\t\t\t\t\t\t<section class=\"elementor-section elementor-top-section elementor-element elementor-element-107756c9 elementor-section-height-min-height elementor-section-boxed elementor-section-height-default elementor-section-items-middle\" data-id=\"107756c9\" data-element_type=\"section\" data-e-type=\"section\" data-settings=\"{&quot;background_background&quot;:&quot;classic&quot;}\">\n\t\t\t\t\t\t\t<div class=\"elementor-background-overlay\"><\/div>\n\t\t\t\t\t\t\t<div class=\"elementor-container elementor-column-gap-default\">\n\t\t\t\t\t<div class=\"elementor-column elementor-col-100 elementor-top-column elementor-element elementor-element-1c3b7f26\" data-id=\"1c3b7f26\" data-element_type=\"column\" data-e-type=\"column\">\n\t\t\t<div class=\"elementor-widget-wrap elementor-element-populated\">\n\t\t\t\t\t\t<div class=\"elementor-element elementor-element-6469f695 elementor-widget elementor-widget-heading\" data-id=\"6469f695\" data-element_type=\"widget\" data-e-type=\"widget\" data-widget_type=\"heading.default\">\n\t\t\t\t<div class=\"elementor-widget-container\">\n\t\t\t\t\t<h1 class=\"elementor-heading-title elementor-size-default\">Ein ruhiger Ort f\u00fcr Ihre Tagung<\/h1>\t\t\t\t<\/div>\n\t\t\t\t<\/div>\n\t\t\t\t\t<\/div>\n\t\t<\/div>\n\t\t\t\t\t<\/div>\n\t\t<\/section>\n\t\t\t\t<section class=\"elementor-section elementor-top-section elementor-element elementor-element-7ae621e2 elementor-section-boxed elementor-section-height-default elementor-section-height-default\" data-id=\"7ae621e2\" data-element_type=\"section\" data-e-type=\"section\">\n\t\t\t\t\t\t<div class=\"elementor-container elementor-column-gap-default\">\n\t\t\t\t\t<div class=\"elementor-column elementor-col-100 elementor-top-column elementor-element elementor-element-272f308\" data-id=\"272f308\" data-element_type=\"column\" data-e-type=\"column\">\n\t\t\t<div class=\"elementor-widget-wrap elementor-element-populated\">\n\t\t\t\t\t\t<div class=\"elementor-element elementor-element-45b5df8f elementor-widget elementor-widget-spacer\" data-id=\"45b5df8f\" data-element_type=\"widget\" data-e-type=\"widget\" data-widget_type=\"spacer.default\">\n\t\t\t\t<div class=\"elementor-widget-container\">\n\t\t\t\t\t\t\t<div class=\"elementor-spacer\">\n\t\t\t<div class=\"elementor-spacer-inner\"><\/div>\n\t\t<\/div>\n\t\t\t\t\t\t<\/div>\n\t\t\t\t<\/div>\n\t\t\t\t<div class=\"elementor-element elementor-element-294faddc elementor-widget elementor-widget-heading\" data-id=\"294faddc\" data-element_type=\"widget\" data-e-type=\"widget\" data-widget_type=\"heading.default\">\n\t\t\t\t<div class=\"elementor-widget-container\">\n\t\t\t\t\t<h2 class=\"elementor-heading-title elementor-size-default\">R\u00e4umlichkeiten und Ausstattung<\/h2>\t\t\t\t<\/div>\n\t\t\t\t<\/div>\n\t\t\t\t<div class=\"elementor-element elementor-element-59ad39f elementor-widget elementor-widget-text-editor\" data-id=\"59ad39f\" data-element_type=\"widget\" data-e-type=\"widget\" data-widget_type=\"text-editor.default\">\n\t\t\t\t<div class=\"elementor-widget-container\">\n\t\t\t\t\t\t\t\t\t<p><span style=\"font-weight: 400;\">Halten Sie Ihr Meeting, Seminar, Teamtag oder Ihre Firmenveranstaltung auf dem Bauernhof Leipy\u00f6li \u2013 ob f\u00fcr einen oder mehrere Tage! Wir bieten Ihnen einen gem\u00fctlichen und ruhigen Tagungsraum f\u00fcr bis zu 30 Personen. Der Tagungsraum ist ausgestattet mit WLAN, einem Beamer, einer Leinwand, einem Fernseher sowie einem Flipchart mit Markern. Zudem stehen Kaffee und Erfrischungen f\u00fcr die Teilnehmer bereit.   <\/span><\/p>\t\t\t\t\t\t\t\t<\/div>\n\t\t\t\t<\/div>\n\t\t\t\t\t<\/div>\n\t\t<\/div>\n\t\t\t\t\t<\/div>\n\t\t<\/section>\n\t\t\t\t<section class=\"elementor-section elementor-top-section elementor-element elementor-element-fb1f5c2 elementor-section-boxed elementor-section-height-default elementor-section-height-default\" data-id=\"fb1f5c2\" data-element_type=\"section\" data-e-type=\"section\" data-settings=\"{&quot;background_background&quot;:&quot;classic&quot;}\">\n\t\t\t\t\t\t<div class=\"elementor-container elementor-column-gap-default\">\n\t\t\t\t\t<div class=\"elementor-column elementor-col-100 elementor-top-column elementor-element elementor-element-861ab96\" data-id=\"861ab96\" data-element_type=\"column\" data-e-type=\"column\" data-settings=\"{&quot;background_background&quot;:&quot;classic&quot;}\">\n\t\t\t<div class=\"elementor-widget-wrap elementor-element-populated\">\n\t\t\t\t\t<div class=\"elementor-background-overlay\"><\/div>\n\t\t\t\t\t\t<div class=\"elementor-element elementor-element-69437403 elementor-view-stacked elementor-shape-circle elementor-widget elementor-widget-icon\" data-id=\"69437403\" data-element_type=\"widget\" data-e-type=\"widget\" data-widget_type=\"icon.default\">\n\t\t\t\t<div class=\"elementor-widget-container\">\n\t\t\t\t\t\t\t<div class=\"elementor-icon-wrapper\">\n\t\t\t<div class=\"elementor-icon\">\n\t\t\t\t\t\t\t<i class=\"fa fa-info\" aria-hidden=\"true\"><\/i>\n\t\t\t\t\t\t<\/div>\n\t\t<\/div>\n\t\t\t\t\t\t<\/div>\n\t\t\t\t<\/div>\n\t\t\t\t<div class=\"elementor-element elementor-element-1f6884f1 elementor-widget elementor-widget-heading\" data-id=\"1f6884f1\" data-element_type=\"widget\" data-e-type=\"widget\" data-widget_type=\"heading.default\">\n\t\t\t\t<div class=\"elementor-widget-container\">\n\t\t\t\t\t<h2 class=\"elementor-heading-title elementor-size-default\">Ein kleiner Tipp<\/h2>\t\t\t\t<\/div>\n\t\t\t\t<\/div>\n\t\t\t\t<div class=\"elementor-element elementor-element-2cf68c9b elementor-widget elementor-widget-text-editor\" data-id=\"2cf68c9b\" data-element_type=\"widget\" data-e-type=\"widget\" data-widget_type=\"text-editor.default\">\n\t\t\t\t<div class=\"elementor-widget-container\">\n\t\t\t\t\t\t\t\t\t<p><span style=\"font-weight: 400;\">Bei sch\u00f6nem Wetter kann ein Teil der Tagung auch drau\u00dfen abgehalten werden \u2013 zum Beispiel idyllisch am Feldrand oder stimmungsvoll am knisternden Lagerfeuer. Bei uns ist auch das m\u00f6glich! <\/span><\/p>\t\t\t\t\t\t\t\t<\/div>\n\t\t\t\t<\/div>\n\t\t\t\t\t<\/div>\n\t\t<\/div>\n\t\t\t\t\t<\/div>\n\t\t<\/section>\n\t\t\t\t<section class=\"elementor-section elementor-top-section elementor-element elementor-element-4fb1b1e1 elementor-section-boxed elementor-section-height-default elementor-section-height-default\" data-id=\"4fb1b1e1\" data-element_type=\"section\" data-e-type=\"section\">\n\t\t\t\t\t\t<div class=\"elementor-container elementor-column-gap-default\">\n\t\t\t\t\t<div class=\"elementor-column elementor-col-100 elementor-top-column elementor-element elementor-element-f1ed95c\" data-id=\"f1ed95c\" data-element_type=\"column\" data-e-type=\"column\">\n\t\t\t<div class=\"elementor-widget-wrap elementor-element-populated\">\n\t\t\t\t\t\t<div class=\"elementor-element elementor-element-120bd7b2 elementor-widget elementor-widget-spacer\" data-id=\"120bd7b2\" data-element_type=\"widget\" data-e-type=\"widget\" data-widget_type=\"spacer.default\">\n\t\t\t\t<div class=\"elementor-widget-container\">\n\t\t\t\t\t\t\t<div class=\"elementor-spacer\">\n\t\t\t<div class=\"elementor-spacer-inner\"><\/div>\n\t\t<\/div>\n\t\t\t\t\t\t<\/div>\n\t\t\t\t<\/div>\n\t\t\t\t<div class=\"elementor-element elementor-element-434319e elementor-widget elementor-widget-heading\" data-id=\"434319e\" data-element_type=\"widget\" data-e-type=\"widget\" data-widget_type=\"heading.default\">\n\t\t\t\t<div class=\"elementor-widget-container\">\n\t\t\t\t\t<h2 class=\"elementor-heading-title elementor-size-default\">Individuell gestaltbare Pakete<\/h2>\t\t\t\t<\/div>\n\t\t\t\t<\/div>\n\t\t\t\t<div class=\"elementor-element elementor-element-8047054 elementor-widget elementor-widget-text-editor\" data-id=\"8047054\" data-element_type=\"widget\" data-e-type=\"widget\" data-widget_type=\"text-editor.default\">\n\t\t\t\t<div class=\"elementor-widget-container\">\n\t\t\t\t\t\t\t\t\t<p><span style=\"font-weight: 400;\">Unsere Tagungspakete k\u00f6nnen individuell um Mahlzeiten, \u00dcbernachtungen und Aktivit\u00e4ten erweitert werden.<br>Zu den Verpflegungsm\u00f6glichkeiten geh\u00f6ren Fr\u00fchst\u00fcck oder Morgenkaffee, Mittagessen, Nachmittagskaffee und Abendessen. Auf Wunsch k\u00f6nnen wir auch besondere L\u00f6sungen arrangieren, wie z. B. Grillabende oder traditionellen Lagerfeuerkaffee (&#8222;nokipannukahvi&#8220;).  <\/span><\/p><p><span style=\"font-weight: 400;\">Wir bieten eine Vielzahl an Aktivit\u00e4ten an. Direkt auf dem Hof gibt es M\u00f6glichkeiten f\u00fcr Angeln, Kanufahren, Bootsausfl\u00fcge, Wandern, Waldgolf und Saunieren. In Zusammenarbeit mit lokalen Anbietern k\u00f6nnen wir auch Paintball, Discgolf oder Bauernhofspiele organisieren. Sollte Ihre Gruppe \u00dcbernachtungsm\u00f6glichkeiten ben\u00f6tigen, ist das selbstverst\u00e4ndlich auch m\u00f6glich!   <\/span><\/p>\t\t\t\t\t\t\t\t<\/div>\n\t\t\t\t<\/div>\n\t\t\t\t\t<\/div>\n\t\t<\/div>\n\t\t\t\t\t<\/div>\n\t\t<\/section>\n\t\t\t\t<section class=\"elementor-section elementor-top-section elementor-element elementor-element-66ed84bf elementor-section-boxed elementor-section-height-default elementor-section-height-default\" data-id=\"66ed84bf\" data-element_type=\"section\" data-e-type=\"section\">\n\t\t\t\t\t\t<div class=\"elementor-container elementor-column-gap-default\">\n\t\t\t\t\t<div class=\"elementor-column elementor-col-100 elementor-top-column elementor-element elementor-element-23fab17a\" data-id=\"23fab17a\" data-element_type=\"column\" data-e-type=\"column\">\n\t\t\t<div class=\"elementor-widget-wrap elementor-element-populated\">\n\t\t\t\t\t\t<div class=\"elementor-element elementor-element-a762ed9 elementor-widget elementor-widget-spacer\" data-id=\"a762ed9\" data-element_type=\"widget\" data-e-type=\"widget\" data-widget_type=\"spacer.default\">\n\t\t\t\t<div class=\"elementor-widget-container\">\n\t\t\t\t\t\t\t<div class=\"elementor-spacer\">\n\t\t\t<div class=\"elementor-spacer-inner\"><\/div>\n\t\t<\/div>\n\t\t\t\t\t\t<\/div>\n\t\t\t\t<\/div>\n\t\t\t\t\t<\/div>\n\t\t<\/div>\n\t\t\t\t\t<\/div>\n\t\t<\/section>\n\t\t\t\t<\/div>\n\t\t","protected":false},"excerpt":{"rendered":"<p>Ein ruhiger Ort f\u00fcr Ihre Tagung R\u00e4umlichkeiten und Ausstattung Halten Sie Ihr Meeting, Seminar, Teamtag oder Ihre Firmenveranstaltung auf dem Bauernhof Leipy\u00f6li \u2013 ob f\u00fcr einen oder mehrere Tage! Wir bieten Ihnen einen gem\u00fctlichen und ruhigen Tagungsraum f\u00fcr bis zu 30 Personen. Der Tagungsraum ist ausgestattet mit WLAN, einem Beamer, einer Leinwand, einem Fernseher sowie &#8230; <\/p>\n<p class=\"read-more-container\"><a title=\"Tagungsservice\" class=\"read-more button\" href=\"https:\/\/leipyoli.com\/de\/urlaub-auf-dem-bauernhof\/tagungsservice\/#more-1826\" aria-label=\"Mehr Informationen \u00fcber Tagungsservice\">Lue lis\u00e4\u00e4<\/a><\/p>\n","protected":false},"author":1,"featured_media":0,"parent":1803,"menu_order":0,"comment_status":"closed","ping_status":"closed","template":"","meta":{"inline_featured_image":false,"footnotes":""},"class_list":["post-1826","page","type-page","status-publish"],"yoast_head":"<!-- This site is optimized with the Yoast SEO plugin v27.5 - https:\/\/yoast.com\/product\/yoast-seo-wordpress\/ -->\n<title>Leipy\u00f6lin tila - Tagungsservice<\/title>\n<meta name=\"description\" content=\"Halten Sie Ihr Meeting, Seminar, Teamtag oder Ihre Firmenveranstaltung auf dem Bauernhof Leipy\u00f6li \u2013 ob f\u00fcr einen oder mehrere Tage! Wir bieten Ihnen einen gem\u00fctlichen und ruhigen Tagungsraum f\u00fcr bis zu 30 Personen.\" \/>\n<meta name=\"robots\" content=\"index, follow, max-snippet:-1, max-image-preview:large, max-video-preview:-1\" \/>\n<link rel=\"canonical\" href=\"https:\/\/leipyoli.com\/de\/urlaub-auf-dem-bauernhof\/tagungsservice\/\" \/>\n<meta property=\"og:locale\" content=\"de_DE\" \/>\n<meta property=\"og:type\" content=\"article\" \/>\n<meta property=\"og:title\" content=\"Leipy\u00f6lin tila - Tagungsservice\" \/>\n<meta property=\"og:description\" content=\"Halten Sie Ihr Meeting, Seminar, Teamtag oder Ihre Firmenveranstaltung auf dem Bauernhof Leipy\u00f6li \u2013 ob f\u00fcr einen oder mehrere Tage! Wir bieten Ihnen einen gem\u00fctlichen und ruhigen Tagungsraum f\u00fcr bis zu 30 Personen.\" \/>\n<meta property=\"og:url\" content=\"https:\/\/leipyoli.com\/de\/urlaub-auf-dem-bauernhof\/tagungsservice\/\" \/>\n<meta property=\"og:site_name\" content=\"Leipy\u00f6lin tila\" \/>\n<meta property=\"article:publisher\" content=\"https:\/\/www.facebook.com\/leipyolintila\" \/>\n<meta property=\"article:modified_time\" content=\"2025-02-21T10:59:34+00:00\" \/>\n<meta property=\"og:image\" content=\"https:\/\/leipyoli.com\/wp-content\/uploads\/2018\/03\/leipyolin_tila-FB.jpg\" \/>\n\t<meta property=\"og:image:width\" content=\"1200\" \/>\n\t<meta property=\"og:image:height\" content=\"630\" \/>\n\t<meta property=\"og:image:type\" content=\"image\/jpeg\" \/>\n<meta name=\"twitter:card\" content=\"summary_large_image\" \/>\n<meta name=\"twitter:label1\" content=\"Gesch\u00e4tzte Lesezeit\" \/>\n\t<meta name=\"twitter:data1\" content=\"1\u00a0Minute\" \/>\n<script type=\"application\/ld+json\" class=\"yoast-schema-graph\">{\"@context\":\"https:\\\/\\\/schema.org\",\"@graph\":[{\"@type\":\"WebPage\",\"@id\":\"https:\\\/\\\/leipyoli.com\\\/de\\\/urlaub-auf-dem-bauernhof\\\/tagungsservice\\\/\",\"url\":\"https:\\\/\\\/leipyoli.com\\\/de\\\/urlaub-auf-dem-bauernhof\\\/tagungsservice\\\/\",\"name\":\"Leipy\u00f6lin tila - Tagungsservice\",\"isPartOf\":{\"@id\":\"https:\\\/\\\/leipyoli.com\\\/de\\\/#website\"},\"datePublished\":\"2017-11-20T13:31:22+00:00\",\"dateModified\":\"2025-02-21T10:59:34+00:00\",\"description\":\"Halten Sie Ihr Meeting, Seminar, Teamtag oder Ihre Firmenveranstaltung auf dem Bauernhof Leipy\u00f6li \u2013 ob f\u00fcr einen oder mehrere Tage! Wir bieten Ihnen einen gem\u00fctlichen und ruhigen Tagungsraum f\u00fcr bis zu 30 Personen.\",\"breadcrumb\":{\"@id\":\"https:\\\/\\\/leipyoli.com\\\/de\\\/urlaub-auf-dem-bauernhof\\\/tagungsservice\\\/#breadcrumb\"},\"inLanguage\":\"de\",\"potentialAction\":[{\"@type\":\"ReadAction\",\"target\":[\"https:\\\/\\\/leipyoli.com\\\/de\\\/urlaub-auf-dem-bauernhof\\\/tagungsservice\\\/\"]}]},{\"@type\":\"BreadcrumbList\",\"@id\":\"https:\\\/\\\/leipyoli.com\\\/de\\\/urlaub-auf-dem-bauernhof\\\/tagungsservice\\\/#breadcrumb\",\"itemListElement\":[{\"@type\":\"ListItem\",\"position\":1,\"name\":\"Home\",\"item\":\"https:\\\/\\\/leipyoli.com\\\/de\\\/startseite\\\/\"},{\"@type\":\"ListItem\",\"position\":2,\"name\":\"Urlaub auf dem Bauernhof\",\"item\":\"https:\\\/\\\/leipyoli.com\\\/de\\\/urlaub-auf-dem-bauernhof\\\/\"},{\"@type\":\"ListItem\",\"position\":3,\"name\":\"Tagungsservice\"}]},{\"@type\":\"WebSite\",\"@id\":\"https:\\\/\\\/leipyoli.com\\\/de\\\/#website\",\"url\":\"https:\\\/\\\/leipyoli.com\\\/de\\\/\",\"name\":\"Leipy\u00f6lin tila\",\"description\":\"Maanviljely\u00e4, yl\u00e4maankarjaa ja maatilamatkaulua Salossa!\",\"publisher\":{\"@id\":\"https:\\\/\\\/leipyoli.com\\\/de\\\/#organization\"},\"potentialAction\":[{\"@type\":\"SearchAction\",\"target\":{\"@type\":\"EntryPoint\",\"urlTemplate\":\"https:\\\/\\\/leipyoli.com\\\/de\\\/?s={search_term_string}\"},\"query-input\":{\"@type\":\"PropertyValueSpecification\",\"valueRequired\":true,\"valueName\":\"search_term_string\"}}],\"inLanguage\":\"de\"},{\"@type\":\"Organization\",\"@id\":\"https:\\\/\\\/leipyoli.com\\\/de\\\/#organization\",\"name\":\"Leipy\u00f6lin tila\",\"url\":\"https:\\\/\\\/leipyoli.com\\\/de\\\/\",\"logo\":{\"@type\":\"ImageObject\",\"inLanguage\":\"de\",\"@id\":\"https:\\\/\\\/leipyoli.com\\\/de\\\/#\\\/schema\\\/logo\\\/image\\\/\",\"url\":\"https:\\\/\\\/leipyoli.com\\\/wp-content\\\/uploads\\\/2017\\\/11\\\/leipyoli-logo-nav.svg\",\"contentUrl\":\"https:\\\/\\\/leipyoli.com\\\/wp-content\\\/uploads\\\/2017\\\/11\\\/leipyoli-logo-nav.svg\",\"width\":1,\"height\":1,\"caption\":\"Leipy\u00f6lin tila\"},\"image\":{\"@id\":\"https:\\\/\\\/leipyoli.com\\\/de\\\/#\\\/schema\\\/logo\\\/image\\\/\"},\"sameAs\":[\"https:\\\/\\\/www.facebook.com\\\/leipyolintila\"]}]}<\/script>\n<!-- \/ Yoast SEO plugin. -->","yoast_head_json":{"title":"Leipy\u00f6lin tila - Tagungsservice","description":"Halten Sie Ihr Meeting, Seminar, Teamtag oder Ihre Firmenveranstaltung auf dem Bauernhof Leipy\u00f6li \u2013 ob f\u00fcr einen oder mehrere Tage! Wir bieten Ihnen einen gem\u00fctlichen und ruhigen Tagungsraum f\u00fcr bis zu 30 Personen.","robots":{"index":"index","follow":"follow","max-snippet":"max-snippet:-1","max-image-preview":"max-image-preview:large","max-video-preview":"max-video-preview:-1"},"canonical":"https:\/\/leipyoli.com\/de\/urlaub-auf-dem-bauernhof\/tagungsservice\/","og_locale":"de_DE","og_type":"article","og_title":"Leipy\u00f6lin tila - Tagungsservice","og_description":"Halten Sie Ihr Meeting, Seminar, Teamtag oder Ihre Firmenveranstaltung auf dem Bauernhof Leipy\u00f6li \u2013 ob f\u00fcr einen oder mehrere Tage! Wir bieten Ihnen einen gem\u00fctlichen und ruhigen Tagungsraum f\u00fcr bis zu 30 Personen.","og_url":"https:\/\/leipyoli.com\/de\/urlaub-auf-dem-bauernhof\/tagungsservice\/","og_site_name":"Leipy\u00f6lin tila","article_publisher":"https:\/\/www.facebook.com\/leipyolintila","article_modified_time":"2025-02-21T10:59:34+00:00","og_image":[{"width":1200,"height":630,"url":"https:\/\/leipyoli.com\/wp-content\/uploads\/2018\/03\/leipyolin_tila-FB.jpg","type":"image\/jpeg"}],"twitter_card":"summary_large_image","twitter_misc":{"Gesch\u00e4tzte Lesezeit":"1\u00a0Minute"},"schema":{"@context":"https:\/\/schema.org","@graph":[{"@type":"WebPage","@id":"https:\/\/leipyoli.com\/de\/urlaub-auf-dem-bauernhof\/tagungsservice\/","url":"https:\/\/leipyoli.com\/de\/urlaub-auf-dem-bauernhof\/tagungsservice\/","name":"Leipy\u00f6lin tila - Tagungsservice","isPartOf":{"@id":"https:\/\/leipyoli.com\/de\/#website"},"datePublished":"2017-11-20T13:31:22+00:00","dateModified":"2025-02-21T10:59:34+00:00","description":"Halten Sie Ihr Meeting, Seminar, Teamtag oder Ihre Firmenveranstaltung auf dem Bauernhof Leipy\u00f6li \u2013 ob f\u00fcr einen oder mehrere Tage! Wir bieten Ihnen einen gem\u00fctlichen und ruhigen Tagungsraum f\u00fcr bis zu 30 Personen.","breadcrumb":{"@id":"https:\/\/leipyoli.com\/de\/urlaub-auf-dem-bauernhof\/tagungsservice\/#breadcrumb"},"inLanguage":"de","potentialAction":[{"@type":"ReadAction","target":["https:\/\/leipyoli.com\/de\/urlaub-auf-dem-bauernhof\/tagungsservice\/"]}]},{"@type":"BreadcrumbList","@id":"https:\/\/leipyoli.com\/de\/urlaub-auf-dem-bauernhof\/tagungsservice\/#breadcrumb","itemListElement":[{"@type":"ListItem","position":1,"name":"Home","item":"https:\/\/leipyoli.com\/de\/startseite\/"},{"@type":"ListItem","position":2,"name":"Urlaub auf dem Bauernhof","item":"https:\/\/leipyoli.com\/de\/urlaub-auf-dem-bauernhof\/"},{"@type":"ListItem","position":3,"name":"Tagungsservice"}]},{"@type":"WebSite","@id":"https:\/\/leipyoli.com\/de\/#website","url":"https:\/\/leipyoli.com\/de\/","name":"Leipy\u00f6lin tila","description":"Maanviljely\u00e4, yl\u00e4maankarjaa ja maatilamatkaulua Salossa!","publisher":{"@id":"https:\/\/leipyoli.com\/de\/#organization"},"potentialAction":[{"@type":"SearchAction","target":{"@type":"EntryPoint","urlTemplate":"https:\/\/leipyoli.com\/de\/?s={search_term_string}"},"query-input":{"@type":"PropertyValueSpecification","valueRequired":true,"valueName":"search_term_string"}}],"inLanguage":"de"},{"@type":"Organization","@id":"https:\/\/leipyoli.com\/de\/#organization","name":"Leipy\u00f6lin tila","url":"https:\/\/leipyoli.com\/de\/","logo":{"@type":"ImageObject","inLanguage":"de","@id":"https:\/\/leipyoli.com\/de\/#\/schema\/logo\/image\/","url":"https:\/\/leipyoli.com\/wp-content\/uploads\/2017\/11\/leipyoli-logo-nav.svg","contentUrl":"https:\/\/leipyoli.com\/wp-content\/uploads\/2017\/11\/leipyoli-logo-nav.svg","width":1,"height":1,"caption":"Leipy\u00f6lin tila"},"image":{"@id":"https:\/\/leipyoli.com\/de\/#\/schema\/logo\/image\/"},"sameAs":["https:\/\/www.facebook.com\/leipyolintila"]}]}},"_links":{"self":[{"href":"https:\/\/leipyoli.com\/de\/wp-json\/wp\/v2\/pages\/1826","targetHints":{"allow":["GET"]}}],"collection":[{"href":"https:\/\/leipyoli.com\/de\/wp-json\/wp\/v2\/pages"}],"about":[{"href":"https:\/\/leipyoli.com\/de\/wp-json\/wp\/v2\/types\/page"}],"author":[{"embeddable":true,"href":"https:\/\/leipyoli.com\/de\/wp-json\/wp\/v2\/users\/1"}],"replies":[{"embeddable":true,"href":"https:\/\/leipyoli.com\/de\/wp-json\/wp\/v2\/comments?post=1826"}],"version-history":[{"count":1,"href":"https:\/\/leipyoli.com\/de\/wp-json\/wp\/v2\/pages\/1826\/revisions"}],"predecessor-version":[{"id":1827,"href":"https:\/\/leipyoli.com\/de\/wp-json\/wp\/v2\/pages\/1826\/revisions\/1827"}],"up":[{"embeddable":true,"href":"https:\/\/leipyoli.com\/de\/wp-json\/wp\/v2\/pages\/1803"}],"wp:attachment":[{"href":"https:\/\/leipyoli.com\/de\/wp-json\/wp\/v2\/media?parent=1826"}],"curies":[{"name":"wp","href":"https:\/\/api.w.org\/{rel}","templated":true}]}}