{"id":1681,"date":"2017-11-23T13:56:17","date_gmt":"2017-11-23T11:56:17","guid":{"rendered":"https:\/\/leipyoli.com\/history\/"},"modified":"2025-02-20T19:57:17","modified_gmt":"2025-02-20T17:57:17","slug":"history","status":"publish","type":"page","link":"https:\/\/leipyoli.com\/en\/the-farm\/history\/","title":{"rendered":"History"},"content":{"rendered":"\t\t<div data-elementor-type=\"wp-post\" data-elementor-id=\"1681\" class=\"elementor elementor-1681 elementor-591 elementor-bc-flex-widget\" data-elementor-post-type=\"page\">\n\t\t\t\t\t\t<section class=\"elementor-section elementor-top-section elementor-element elementor-element-31292c5 elementor-section-height-min-height elementor-section-boxed elementor-section-height-default elementor-section-items-middle\" data-id=\"31292c5\" data-element_type=\"section\" data-e-type=\"section\" data-settings=\"{&quot;background_background&quot;:&quot;classic&quot;}\">\n\t\t\t\t\t\t\t<div class=\"elementor-background-overlay\"><\/div>\n\t\t\t\t\t\t\t<div class=\"elementor-container elementor-column-gap-default\">\n\t\t\t\t\t<div class=\"elementor-column elementor-col-100 elementor-top-column elementor-element elementor-element-4ae5e5a1\" data-id=\"4ae5e5a1\" data-element_type=\"column\" data-e-type=\"column\">\n\t\t\t<div class=\"elementor-widget-wrap elementor-element-populated\">\n\t\t\t\t\t\t<div class=\"elementor-element elementor-element-40a9e5fc elementor-widget elementor-widget-heading\" data-id=\"40a9e5fc\" data-element_type=\"widget\" data-e-type=\"widget\" data-widget_type=\"heading.default\">\n\t\t\t\t<div class=\"elementor-widget-container\">\n\t\t\t\t\t<h1 class=\"elementor-heading-title elementor-size-default\">Pieces of Leipy\u00f6li\u2019s History<\/h1>\t\t\t\t<\/div>\n\t\t\t\t<\/div>\n\t\t\t\t\t<\/div>\n\t\t<\/div>\n\t\t\t\t\t<\/div>\n\t\t<\/section>\n\t\t\t\t<section class=\"elementor-section elementor-top-section elementor-element elementor-element-22e13a81 elementor-section-boxed elementor-section-height-default elementor-section-height-default\" data-id=\"22e13a81\" data-element_type=\"section\" data-e-type=\"section\">\n\t\t\t\t\t\t<div class=\"elementor-container elementor-column-gap-default\">\n\t\t\t\t\t<div class=\"elementor-column elementor-col-100 elementor-top-column elementor-element elementor-element-424be22\" data-id=\"424be22\" data-element_type=\"column\" data-e-type=\"column\">\n\t\t\t<div class=\"elementor-widget-wrap elementor-element-populated\">\n\t\t\t\t\t\t<div class=\"elementor-element elementor-element-188cd438 elementor-widget elementor-widget-spacer\" data-id=\"188cd438\" data-element_type=\"widget\" data-e-type=\"widget\" data-widget_type=\"spacer.default\">\n\t\t\t\t<div class=\"elementor-widget-container\">\n\t\t\t\t\t\t\t<div class=\"elementor-spacer\">\n\t\t\t<div class=\"elementor-spacer-inner\"><\/div>\n\t\t<\/div>\n\t\t\t\t\t\t<\/div>\n\t\t\t\t<\/div>\n\t\t\t\t<div class=\"elementor-element elementor-element-7cfb1c5 elementor-widget elementor-widget-spacer\" data-id=\"7cfb1c5\" data-element_type=\"widget\" data-e-type=\"widget\" data-widget_type=\"spacer.default\">\n\t\t\t\t<div class=\"elementor-widget-container\">\n\t\t\t\t\t\t\t<div class=\"elementor-spacer\">\n\t\t\t<div class=\"elementor-spacer-inner\"><\/div>\n\t\t<\/div>\n\t\t\t\t\t\t<\/div>\n\t\t\t\t<\/div>\n\t\t\t\t<div class=\"elementor-element elementor-element-4faa2f4d elementor-widget elementor-widget-heading\" data-id=\"4faa2f4d\" data-element_type=\"widget\" data-e-type=\"widget\" data-widget_type=\"heading.default\">\n\t\t\t\t<div class=\"elementor-widget-container\">\n\t\t\t\t\t<h2 class=\"elementor-heading-title elementor-size-default\">Early Mentions of Leipy\u00f6li\u2019s Owners<\/h2>\t\t\t\t<\/div>\n\t\t\t\t<\/div>\n\t\t\t\t<div class=\"elementor-element elementor-element-7fc13231 elementor-widget elementor-widget-text-editor\" data-id=\"7fc13231\" data-element_type=\"widget\" data-e-type=\"widget\" data-widget_type=\"text-editor.default\">\n\t\t\t\t<div class=\"elementor-widget-container\">\n\t\t\t\t\t\t\t\t\t<p><span style=\"font-weight: 400;\">The earliest recorded mention of Leipy\u00f6li\u2019s owners dates back to 1426, when Nils Person and his mother Margit purchased the estate. The seller was the wife of Nils Karvala, who retained a lifelong pension from the sale. It is likely that these families belonged to the nobility, as noble families later relinquished ownership of Leipy\u00f6li.   <\/span><\/p><p><span style=\"font-weight: 400;\">About 130 years later, in 1559, Duke John (later King John III of Sweden) exchanged the Huhti and Lemu estates for the Pyh\u00e4joki and Leipy\u00f6li estates in an agreement with M\u00e4rta Gregersdotter, the widow of Olof J\u00f6ransson Sv\u00e4rd. M\u00e4rta was a noblewoman from the Horn af Kanckas family. This exchange transformed Leipy\u00f6li into a crown estate.   <\/span><\/p><p><span style=\"font-weight: 400;\">The estate was then cultivated by tenant farmers, known as lampuodit. Finland\u2019s &#8220;Old Highway No. 1&#8221;, also known as the King\u2019s Road, ran through Leipy\u00f6li\u2019s lands and extended over the river to N\u00e4si\u2019s Muntolanniemi market site, where a royal manor was established in the late 1500s. For a short period, Leipy\u00f6li even served as the residence of the royal manor\u2019s steward.  <\/span><\/p><p><span style=\"font-weight: 400;\">Leipy\u00f6li remained a crown estate until 1741, when I. Ulner purchased L\u00f6fb\u00f6le&#8217;s augmentation farm as an inheritable estate. The Ulner family was a wealthy family of statesmen and clergy. Later in the century, the estate was managed by Jakob Hjort, who was recognized as a rusth\u00e5llare (a wealthy landowner providing military service) and was involved in church affairs. The Hjort family played a significant role in Perni\u00f6 even in the 1850s, with Vicar K.A. Hjort being a prominent figure. At the beginning of the 19th century, the estate was cultivated by tenant farmer Juho, and in tax records, the estate\u2019s taxable property was listed as 666 riksdalers.      <\/span><\/p>\t\t\t\t\t\t\t\t<\/div>\n\t\t\t\t<\/div>\n\t\t\t\t\t<\/div>\n\t\t<\/div>\n\t\t\t\t\t<\/div>\n\t\t<\/section>\n\t\t\t\t<section class=\"elementor-section elementor-top-section elementor-element elementor-element-1f05133f elementor-section-boxed elementor-section-height-default elementor-section-height-default\" data-id=\"1f05133f\" data-element_type=\"section\" data-e-type=\"section\" data-settings=\"{&quot;background_background&quot;:&quot;classic&quot;}\">\n\t\t\t\t\t\t<div class=\"elementor-container elementor-column-gap-default\">\n\t\t\t\t\t<div class=\"elementor-column elementor-col-100 elementor-top-column elementor-element elementor-element-5ae61137\" data-id=\"5ae61137\" data-element_type=\"column\" data-e-type=\"column\" data-settings=\"{&quot;background_background&quot;:&quot;classic&quot;}\">\n\t\t\t<div class=\"elementor-widget-wrap elementor-element-populated\">\n\t\t\t\t\t<div class=\"elementor-background-overlay\"><\/div>\n\t\t\t\t\t\t<div class=\"elementor-element elementor-element-56b988d1 elementor-view-stacked elementor-shape-circle elementor-widget elementor-widget-icon\" data-id=\"56b988d1\" data-element_type=\"widget\" data-e-type=\"widget\" data-widget_type=\"icon.default\">\n\t\t\t\t<div class=\"elementor-widget-container\">\n\t\t\t\t\t\t\t<div class=\"elementor-icon-wrapper\">\n\t\t\t<div class=\"elementor-icon\">\n\t\t\t\t\t\t\t<i class=\"fa fa-info\" aria-hidden=\"true\"><\/i>\n\t\t\t\t\t\t<\/div>\n\t\t<\/div>\n\t\t\t\t\t\t<\/div>\n\t\t\t\t<\/div>\n\t\t\t\t<div class=\"elementor-element elementor-element-4d71eac8 elementor-widget elementor-widget-heading\" data-id=\"4d71eac8\" data-element_type=\"widget\" data-e-type=\"widget\" data-widget_type=\"heading.default\">\n\t\t\t\t<div class=\"elementor-widget-container\">\n\t\t\t\t\t<h2 class=\"elementor-heading-title elementor-size-default\">Summer Festivities<\/h2>\t\t\t\t<\/div>\n\t\t\t\t<\/div>\n\t\t\t\t<div class=\"elementor-element elementor-element-31954a39 elementor-widget elementor-widget-text-editor\" data-id=\"31954a39\" data-element_type=\"widget\" data-e-type=\"widget\" data-widget_type=\"text-editor.default\">\n\t\t\t\t<div class=\"elementor-widget-container\">\n\t\t\t\t\t\t\t\t\t<p><span style=\"font-weight: 400;\">During this time, Vogt (Sheriff) Moberg organized grand summer festivities in the Leipy\u00f6li garden, attended by distinguished guests from as far as Turku and Helsinki. Visitors were met at the train station by a horse-drawn escort that transported them to Leipy\u00f6li. <\/span><\/p>\t\t\t\t\t\t\t\t<\/div>\n\t\t\t\t<\/div>\n\t\t\t\t\t<\/div>\n\t\t<\/div>\n\t\t\t\t\t<\/div>\n\t\t<\/section>\n\t\t\t\t<section class=\"elementor-section elementor-top-section elementor-element elementor-element-65e511e4 elementor-section-boxed elementor-section-height-default elementor-section-height-default\" data-id=\"65e511e4\" data-element_type=\"section\" data-e-type=\"section\">\n\t\t\t\t\t\t<div class=\"elementor-container elementor-column-gap-default\">\n\t\t\t\t\t<div class=\"elementor-column elementor-col-100 elementor-top-column elementor-element elementor-element-2173407e\" data-id=\"2173407e\" data-element_type=\"column\" data-e-type=\"column\">\n\t\t\t<div class=\"elementor-widget-wrap elementor-element-populated\">\n\t\t\t\t\t\t<div class=\"elementor-element elementor-element-425e7840 elementor-widget elementor-widget-spacer\" data-id=\"425e7840\" data-element_type=\"widget\" data-e-type=\"widget\" data-widget_type=\"spacer.default\">\n\t\t\t\t<div class=\"elementor-widget-container\">\n\t\t\t\t\t\t\t<div class=\"elementor-spacer\">\n\t\t\t<div class=\"elementor-spacer-inner\"><\/div>\n\t\t<\/div>\n\t\t\t\t\t\t<\/div>\n\t\t\t\t<\/div>\n\t\t\t\t<div class=\"elementor-element elementor-element-3b1e1000 elementor-widget elementor-widget-heading\" data-id=\"3b1e1000\" data-element_type=\"widget\" data-e-type=\"widget\" data-widget_type=\"heading.default\">\n\t\t\t\t<div class=\"elementor-widget-container\">\n\t\t\t\t\t<h2 class=\"elementor-heading-title elementor-size-default\">The 19th Century <\/h2>\t\t\t\t<\/div>\n\t\t\t\t<\/div>\n\t\t\t\t<div class=\"elementor-element elementor-element-3cec824a elementor-widget elementor-widget-text-editor\" data-id=\"3cec824a\" data-element_type=\"widget\" data-e-type=\"widget\" data-widget_type=\"text-editor.default\">\n\t\t\t\t<div class=\"elementor-widget-container\">\n\t\t\t\t\t\t\t\t\t<p><span style=\"font-weight: 400;\">In the 19th century, Leipy\u00f6li was owned by the Martin family, and through marriage, it was transferred to Johan Bostr\u00f6m, originally from Koski, Perni\u00f6, in the mid-century. Later, through marital alliances, ownership passed to the Lagerstr\u00f6m family. The estate was briefly used for trade, before Vogt Joel Moberg took residence at the turn of the 20th century. Moberg expanded the main building, adding a new wing, which housed his bailiff\u2019s office.  <\/span><\/p>\t\t\t\t\t\t\t\t<\/div>\n\t\t\t\t<\/div>\n\t\t\t\t\t<\/div>\n\t\t<\/div>\n\t\t\t\t\t<\/div>\n\t\t<\/section>\n\t\t\t\t<section class=\"elementor-section elementor-top-section elementor-element elementor-element-1e003a15 elementor-section-boxed elementor-section-height-default elementor-section-height-default\" data-id=\"1e003a15\" data-element_type=\"section\" data-e-type=\"section\">\n\t\t\t\t\t\t<div class=\"elementor-container elementor-column-gap-default\">\n\t\t\t\t\t<div class=\"elementor-column elementor-col-100 elementor-top-column elementor-element elementor-element-5c42039a\" data-id=\"5c42039a\" data-element_type=\"column\" data-e-type=\"column\">\n\t\t\t<div class=\"elementor-widget-wrap elementor-element-populated\">\n\t\t\t\t\t\t<div class=\"elementor-element elementor-element-1da6df1f elementor-widget-divider--view-line elementor-widget elementor-widget-divider\" data-id=\"1da6df1f\" data-element_type=\"widget\" data-e-type=\"widget\" data-widget_type=\"divider.default\">\n\t\t\t\t<div class=\"elementor-widget-container\">\n\t\t\t\t\t\t\t<div class=\"elementor-divider\">\n\t\t\t<span class=\"elementor-divider-separator\">\n\t\t\t\t\t\t<\/span>\n\t\t<\/div>\n\t\t\t\t\t\t<\/div>\n\t\t\t\t<\/div>\n\t\t\t\t<div class=\"elementor-element elementor-element-7495472b elementor-widget elementor-widget-spacer\" data-id=\"7495472b\" data-element_type=\"widget\" data-e-type=\"widget\" data-widget_type=\"spacer.default\">\n\t\t\t\t<div class=\"elementor-widget-container\">\n\t\t\t\t\t\t\t<div class=\"elementor-spacer\">\n\t\t\t<div class=\"elementor-spacer-inner\"><\/div>\n\t\t<\/div>\n\t\t\t\t\t\t<\/div>\n\t\t\t\t<\/div>\n\t\t\t\t<div class=\"elementor-element elementor-element-6eda35fb elementor-widget elementor-widget-heading\" data-id=\"6eda35fb\" data-element_type=\"widget\" data-e-type=\"widget\" data-widget_type=\"heading.default\">\n\t\t\t\t<div class=\"elementor-widget-container\">\n\t\t\t\t\t<h2 class=\"elementor-heading-title elementor-size-default\">From the 20th Century to the Present<\/h2>\t\t\t\t<\/div>\n\t\t\t\t<\/div>\n\t\t\t\t<div class=\"elementor-element elementor-element-204d6c24 elementor-widget elementor-widget-text-editor\" data-id=\"204d6c24\" data-element_type=\"widget\" data-e-type=\"widget\" data-widget_type=\"text-editor.default\">\n\t\t\t\t<div class=\"elementor-widget-container\">\n\t\t\t\t\t\t\t\t\t<p><span style=\"font-weight: 400;\">After Moberg, the Flemming family took over, until in 1922, ownership passed to Lauri and Elvi Pelttari. Ten years later, the estate was purchased by Kaarlo and Maire Sarin. Through Maire, the estate returned to the Bostr\u00f6m-Lagerstr\u00f6m family. Following Kaarlo Sarin\u2019s death in 1962, his brother Oiva took over the farming operations. In 1989, Maire Sarin\u2019s niece Leila and Teuvo R\u00e4s\u00e4nen bought the estate. In 2017, the estate underwent a generational transition, with Antti-Jussi R\u00e4s\u00e4nen (Leila and Teuvo\u2019s eldest son) and his wife Jenni R\u00e4s\u00e4nen continuing the family\u2019s legacy.     <\/span><\/p>\t\t\t\t\t\t\t\t<\/div>\n\t\t\t\t<\/div>\n\t\t\t\t\t<\/div>\n\t\t<\/div>\n\t\t\t\t\t<\/div>\n\t\t<\/section>\n\t\t\t\t<section class=\"elementor-section elementor-top-section elementor-element elementor-element-2112ccda elementor-section-boxed elementor-section-height-default elementor-section-height-default\" data-id=\"2112ccda\" data-element_type=\"section\" data-e-type=\"section\">\n\t\t\t\t\t\t<div class=\"elementor-container elementor-column-gap-default\">\n\t\t\t\t\t<div class=\"elementor-column elementor-col-100 elementor-top-column elementor-element elementor-element-2727e93b\" data-id=\"2727e93b\" data-element_type=\"column\" data-e-type=\"column\">\n\t\t\t<div class=\"elementor-widget-wrap elementor-element-populated\">\n\t\t\t\t\t\t<div class=\"elementor-element elementor-element-60f75220 elementor-widget elementor-widget-spacer\" data-id=\"60f75220\" data-element_type=\"widget\" data-e-type=\"widget\" data-widget_type=\"spacer.default\">\n\t\t\t\t<div class=\"elementor-widget-container\">\n\t\t\t\t\t\t\t<div class=\"elementor-spacer\">\n\t\t\t<div class=\"elementor-spacer-inner\"><\/div>\n\t\t<\/div>\n\t\t\t\t\t\t<\/div>\n\t\t\t\t<\/div>\n\t\t\t\t\t<\/div>\n\t\t<\/div>\n\t\t\t\t\t<\/div>\n\t\t<\/section>\n\t\t\t\t<\/div>\n\t\t","protected":false},"excerpt":{"rendered":"<p>Pieces of Leipy\u00f6li\u2019s History Early Mentions of Leipy\u00f6li\u2019s Owners The earliest recorded mention of Leipy\u00f6li\u2019s owners dates back to 1426, when Nils Person and his mother Margit purchased the estate. The seller was the wife of Nils Karvala, who retained a lifelong pension from the sale. It is likely that these families belonged to the &#8230; <\/p>\n<p class=\"read-more-container\"><a title=\"History\" class=\"read-more button\" href=\"https:\/\/leipyoli.com\/en\/the-farm\/history\/#more-1681\" aria-label=\"Read more about History\">Lue lis\u00e4\u00e4<\/a><\/p>\n","protected":false},"author":1,"featured_media":0,"parent":1714,"menu_order":0,"comment_status":"closed","ping_status":"closed","template":"","meta":{"inline_featured_image":false,"footnotes":""},"class_list":["post-1681","page","type-page","status-publish"],"yoast_head":"<!-- This site is optimized with the Yoast SEO plugin v27.4 - https:\/\/yoast.com\/product\/yoast-seo-wordpress\/ -->\n<title>Leipy\u00f6lin tila - History<\/title>\n<meta name=\"description\" content=\"The earliest recorded mention of Leipy\u00f6li\u2019s owners dates back to 1426, when Nils Person and his mother Margit purchased the estate. The seller was the wife of Nils Karvala, who retained a lifelong pension from the sale. It is likely that these families belonged to the nobility, as noble families later relinquished ownership of Leipy\u00f6li.\" \/>\n<meta name=\"robots\" content=\"index, follow, max-snippet:-1, max-image-preview:large, max-video-preview:-1\" \/>\n<link rel=\"canonical\" href=\"https:\/\/leipyoli.com\/en\/the-farm\/history\/\" \/>\n<meta property=\"og:locale\" content=\"en_US\" \/>\n<meta property=\"og:type\" content=\"article\" \/>\n<meta property=\"og:title\" content=\"Leipy\u00f6lin tila - History\" \/>\n<meta property=\"og:description\" content=\"The earliest recorded mention of Leipy\u00f6li\u2019s owners dates back to 1426, when Nils Person and his mother Margit purchased the estate. The seller was the wife of Nils Karvala, who retained a lifelong pension from the sale. It is likely that these families belonged to the nobility, as noble families later relinquished ownership of Leipy\u00f6li.\" \/>\n<meta property=\"og:url\" content=\"https:\/\/leipyoli.com\/en\/the-farm\/history\/\" \/>\n<meta property=\"og:site_name\" content=\"Leipy\u00f6lin tila\" \/>\n<meta property=\"article:publisher\" content=\"https:\/\/www.facebook.com\/leipyolintila\" \/>\n<meta property=\"article:modified_time\" content=\"2025-02-20T17:57:17+00:00\" \/>\n<meta property=\"og:image\" content=\"https:\/\/leipyoli.com\/wp-content\/uploads\/2018\/03\/leipyolin_tila-FB.jpg\" \/>\n\t<meta property=\"og:image:width\" content=\"1200\" \/>\n\t<meta property=\"og:image:height\" content=\"630\" \/>\n\t<meta property=\"og:image:type\" content=\"image\/jpeg\" \/>\n<meta name=\"twitter:card\" content=\"summary_large_image\" \/>\n<meta name=\"twitter:label1\" content=\"Est. reading time\" \/>\n\t<meta name=\"twitter:data1\" content=\"3 minutes\" \/>\n<script type=\"application\/ld+json\" class=\"yoast-schema-graph\">{\"@context\":\"https:\\\/\\\/schema.org\",\"@graph\":[{\"@type\":\"WebPage\",\"@id\":\"https:\\\/\\\/leipyoli.com\\\/en\\\/the-farm\\\/history\\\/\",\"url\":\"https:\\\/\\\/leipyoli.com\\\/en\\\/the-farm\\\/history\\\/\",\"name\":\"Leipy\u00f6lin tila - History\",\"isPartOf\":{\"@id\":\"https:\\\/\\\/leipyoli.com\\\/en\\\/#website\"},\"datePublished\":\"2017-11-23T11:56:17+00:00\",\"dateModified\":\"2025-02-20T17:57:17+00:00\",\"description\":\"The earliest recorded mention of Leipy\u00f6li\u2019s owners dates back to 1426, when Nils Person and his mother Margit purchased the estate. The seller was the wife of Nils Karvala, who retained a lifelong pension from the sale. It is likely that these families belonged to the nobility, as noble families later relinquished ownership of Leipy\u00f6li.\",\"breadcrumb\":{\"@id\":\"https:\\\/\\\/leipyoli.com\\\/en\\\/the-farm\\\/history\\\/#breadcrumb\"},\"inLanguage\":\"en-US\",\"potentialAction\":[{\"@type\":\"ReadAction\",\"target\":[\"https:\\\/\\\/leipyoli.com\\\/en\\\/the-farm\\\/history\\\/\"]}]},{\"@type\":\"BreadcrumbList\",\"@id\":\"https:\\\/\\\/leipyoli.com\\\/en\\\/the-farm\\\/history\\\/#breadcrumb\",\"itemListElement\":[{\"@type\":\"ListItem\",\"position\":1,\"name\":\"Home\",\"item\":\"https:\\\/\\\/leipyoli.com\\\/en\\\/home\\\/\"},{\"@type\":\"ListItem\",\"position\":2,\"name\":\"History\"}]},{\"@type\":\"WebSite\",\"@id\":\"https:\\\/\\\/leipyoli.com\\\/en\\\/#website\",\"url\":\"https:\\\/\\\/leipyoli.com\\\/en\\\/\",\"name\":\"Leipy\u00f6lin tila\",\"description\":\"Maanviljely\u00e4, yl\u00e4maankarjaa ja maatilamatkaulua Salossa!\",\"publisher\":{\"@id\":\"https:\\\/\\\/leipyoli.com\\\/en\\\/#organization\"},\"potentialAction\":[{\"@type\":\"SearchAction\",\"target\":{\"@type\":\"EntryPoint\",\"urlTemplate\":\"https:\\\/\\\/leipyoli.com\\\/en\\\/?s={search_term_string}\"},\"query-input\":{\"@type\":\"PropertyValueSpecification\",\"valueRequired\":true,\"valueName\":\"search_term_string\"}}],\"inLanguage\":\"en-US\"},{\"@type\":\"Organization\",\"@id\":\"https:\\\/\\\/leipyoli.com\\\/en\\\/#organization\",\"name\":\"Leipy\u00f6lin tila\",\"url\":\"https:\\\/\\\/leipyoli.com\\\/en\\\/\",\"logo\":{\"@type\":\"ImageObject\",\"inLanguage\":\"en-US\",\"@id\":\"https:\\\/\\\/leipyoli.com\\\/en\\\/#\\\/schema\\\/logo\\\/image\\\/\",\"url\":\"https:\\\/\\\/leipyoli.com\\\/wp-content\\\/uploads\\\/2017\\\/11\\\/leipyoli-logo-nav.svg\",\"contentUrl\":\"https:\\\/\\\/leipyoli.com\\\/wp-content\\\/uploads\\\/2017\\\/11\\\/leipyoli-logo-nav.svg\",\"width\":1,\"height\":1,\"caption\":\"Leipy\u00f6lin tila\"},\"image\":{\"@id\":\"https:\\\/\\\/leipyoli.com\\\/en\\\/#\\\/schema\\\/logo\\\/image\\\/\"},\"sameAs\":[\"https:\\\/\\\/www.facebook.com\\\/leipyolintila\"]}]}<\/script>\n<!-- \/ Yoast SEO plugin. -->","yoast_head_json":{"title":"Leipy\u00f6lin tila - History","description":"The earliest recorded mention of Leipy\u00f6li\u2019s owners dates back to 1426, when Nils Person and his mother Margit purchased the estate. The seller was the wife of Nils Karvala, who retained a lifelong pension from the sale. It is likely that these families belonged to the nobility, as noble families later relinquished ownership of Leipy\u00f6li.","robots":{"index":"index","follow":"follow","max-snippet":"max-snippet:-1","max-image-preview":"max-image-preview:large","max-video-preview":"max-video-preview:-1"},"canonical":"https:\/\/leipyoli.com\/en\/the-farm\/history\/","og_locale":"en_US","og_type":"article","og_title":"Leipy\u00f6lin tila - History","og_description":"The earliest recorded mention of Leipy\u00f6li\u2019s owners dates back to 1426, when Nils Person and his mother Margit purchased the estate. The seller was the wife of Nils Karvala, who retained a lifelong pension from the sale. It is likely that these families belonged to the nobility, as noble families later relinquished ownership of Leipy\u00f6li.","og_url":"https:\/\/leipyoli.com\/en\/the-farm\/history\/","og_site_name":"Leipy\u00f6lin tila","article_publisher":"https:\/\/www.facebook.com\/leipyolintila","article_modified_time":"2025-02-20T17:57:17+00:00","og_image":[{"width":1200,"height":630,"url":"https:\/\/leipyoli.com\/wp-content\/uploads\/2018\/03\/leipyolin_tila-FB.jpg","type":"image\/jpeg"}],"twitter_card":"summary_large_image","twitter_misc":{"Est. reading time":"3 minutes"},"schema":{"@context":"https:\/\/schema.org","@graph":[{"@type":"WebPage","@id":"https:\/\/leipyoli.com\/en\/the-farm\/history\/","url":"https:\/\/leipyoli.com\/en\/the-farm\/history\/","name":"Leipy\u00f6lin tila - History","isPartOf":{"@id":"https:\/\/leipyoli.com\/en\/#website"},"datePublished":"2017-11-23T11:56:17+00:00","dateModified":"2025-02-20T17:57:17+00:00","description":"The earliest recorded mention of Leipy\u00f6li\u2019s owners dates back to 1426, when Nils Person and his mother Margit purchased the estate. The seller was the wife of Nils Karvala, who retained a lifelong pension from the sale. It is likely that these families belonged to the nobility, as noble families later relinquished ownership of Leipy\u00f6li.","breadcrumb":{"@id":"https:\/\/leipyoli.com\/en\/the-farm\/history\/#breadcrumb"},"inLanguage":"en-US","potentialAction":[{"@type":"ReadAction","target":["https:\/\/leipyoli.com\/en\/the-farm\/history\/"]}]},{"@type":"BreadcrumbList","@id":"https:\/\/leipyoli.com\/en\/the-farm\/history\/#breadcrumb","itemListElement":[{"@type":"ListItem","position":1,"name":"Home","item":"https:\/\/leipyoli.com\/en\/home\/"},{"@type":"ListItem","position":2,"name":"History"}]},{"@type":"WebSite","@id":"https:\/\/leipyoli.com\/en\/#website","url":"https:\/\/leipyoli.com\/en\/","name":"Leipy\u00f6lin tila","description":"Maanviljely\u00e4, yl\u00e4maankarjaa ja maatilamatkaulua Salossa!","publisher":{"@id":"https:\/\/leipyoli.com\/en\/#organization"},"potentialAction":[{"@type":"SearchAction","target":{"@type":"EntryPoint","urlTemplate":"https:\/\/leipyoli.com\/en\/?s={search_term_string}"},"query-input":{"@type":"PropertyValueSpecification","valueRequired":true,"valueName":"search_term_string"}}],"inLanguage":"en-US"},{"@type":"Organization","@id":"https:\/\/leipyoli.com\/en\/#organization","name":"Leipy\u00f6lin tila","url":"https:\/\/leipyoli.com\/en\/","logo":{"@type":"ImageObject","inLanguage":"en-US","@id":"https:\/\/leipyoli.com\/en\/#\/schema\/logo\/image\/","url":"https:\/\/leipyoli.com\/wp-content\/uploads\/2017\/11\/leipyoli-logo-nav.svg","contentUrl":"https:\/\/leipyoli.com\/wp-content\/uploads\/2017\/11\/leipyoli-logo-nav.svg","width":1,"height":1,"caption":"Leipy\u00f6lin tila"},"image":{"@id":"https:\/\/leipyoli.com\/en\/#\/schema\/logo\/image\/"},"sameAs":["https:\/\/www.facebook.com\/leipyolintila"]}]}},"_links":{"self":[{"href":"https:\/\/leipyoli.com\/en\/wp-json\/wp\/v2\/pages\/1681","targetHints":{"allow":["GET"]}}],"collection":[{"href":"https:\/\/leipyoli.com\/en\/wp-json\/wp\/v2\/pages"}],"about":[{"href":"https:\/\/leipyoli.com\/en\/wp-json\/wp\/v2\/types\/page"}],"author":[{"embeddable":true,"href":"https:\/\/leipyoli.com\/en\/wp-json\/wp\/v2\/users\/1"}],"replies":[{"embeddable":true,"href":"https:\/\/leipyoli.com\/en\/wp-json\/wp\/v2\/comments?post=1681"}],"version-history":[{"count":1,"href":"https:\/\/leipyoli.com\/en\/wp-json\/wp\/v2\/pages\/1681\/revisions"}],"predecessor-version":[{"id":1683,"href":"https:\/\/leipyoli.com\/en\/wp-json\/wp\/v2\/pages\/1681\/revisions\/1683"}],"up":[{"embeddable":true,"href":"https:\/\/leipyoli.com\/en\/wp-json\/wp\/v2\/pages\/1714"}],"wp:attachment":[{"href":"https:\/\/leipyoli.com\/en\/wp-json\/wp\/v2\/media?parent=1681"}],"curies":[{"name":"wp","href":"https:\/\/api.w.org\/{rel}","templated":true}]}}