{"id":1745,"date":"2017-11-23T13:59:09","date_gmt":"2017-11-23T11:59:09","guid":{"rendered":"https:\/\/leipyoli.com\/the-farm\/crop-cultivation\/"},"modified":"2025-02-20T20:13:12","modified_gmt":"2025-02-20T18:13:12","slug":"crop-cultivation","status":"publish","type":"page","link":"https:\/\/leipyoli.com\/en\/the-farm\/crop-cultivation\/","title":{"rendered":"Crop Cultivation"},"content":{"rendered":"\t\t<div data-elementor-type=\"wp-post\" data-elementor-id=\"1745\" class=\"elementor elementor-1745 elementor-595\" data-elementor-post-type=\"page\">\n\t\t\t\t\t\t<section class=\"elementor-section elementor-top-section elementor-element elementor-element-4284a2f9 elementor-section-height-min-height elementor-section-boxed elementor-section-height-default elementor-section-items-middle\" data-id=\"4284a2f9\" data-element_type=\"section\" data-e-type=\"section\" data-settings=\"{&quot;background_background&quot;:&quot;classic&quot;}\">\n\t\t\t\t\t\t\t<div class=\"elementor-background-overlay\"><\/div>\n\t\t\t\t\t\t\t<div class=\"elementor-container elementor-column-gap-default\">\n\t\t\t\t\t<div class=\"elementor-column elementor-col-100 elementor-top-column elementor-element elementor-element-30dac95\" data-id=\"30dac95\" data-element_type=\"column\" data-e-type=\"column\">\n\t\t\t<div class=\"elementor-widget-wrap elementor-element-populated\">\n\t\t\t\t\t\t<div class=\"elementor-element elementor-element-57143c60 elementor-widget elementor-widget-heading\" data-id=\"57143c60\" data-element_type=\"widget\" data-e-type=\"widget\" data-widget_type=\"heading.default\">\n\t\t\t\t<div class=\"elementor-widget-container\">\n\t\t\t\t\t<h1 class=\"elementor-heading-title elementor-size-default\">A Farm in the Grain Heartland of Southwest Finland<\/h1>\t\t\t\t<\/div>\n\t\t\t\t<\/div>\n\t\t\t\t\t<\/div>\n\t\t<\/div>\n\t\t\t\t\t<\/div>\n\t\t<\/section>\n\t\t\t\t<section class=\"elementor-section elementor-top-section elementor-element elementor-element-189fa601 elementor-section-boxed elementor-section-height-default elementor-section-height-default\" data-id=\"189fa601\" data-element_type=\"section\" data-e-type=\"section\">\n\t\t\t\t\t\t<div class=\"elementor-container elementor-column-gap-default\">\n\t\t\t\t\t<div class=\"elementor-column elementor-col-100 elementor-top-column elementor-element elementor-element-4dfa5466\" data-id=\"4dfa5466\" data-element_type=\"column\" data-e-type=\"column\">\n\t\t\t<div class=\"elementor-widget-wrap elementor-element-populated\">\n\t\t\t\t\t\t<div class=\"elementor-element elementor-element-bf1ca66 elementor-widget elementor-widget-spacer\" data-id=\"bf1ca66\" data-element_type=\"widget\" data-e-type=\"widget\" data-widget_type=\"spacer.default\">\n\t\t\t\t<div class=\"elementor-widget-container\">\n\t\t\t\t\t\t\t<div class=\"elementor-spacer\">\n\t\t\t<div class=\"elementor-spacer-inner\"><\/div>\n\t\t<\/div>\n\t\t\t\t\t\t<\/div>\n\t\t\t\t<\/div>\n\t\t\t\t<div class=\"elementor-element elementor-element-5cfa1da0 elementor-widget elementor-widget-heading\" data-id=\"5cfa1da0\" data-element_type=\"widget\" data-e-type=\"widget\" data-widget_type=\"heading.default\">\n\t\t\t\t<div class=\"elementor-widget-container\">\n\t\t\t\t\t<h2 class=\"elementor-heading-title elementor-size-default\">Sugar Beets, Grains, and Forage Crops<\/h2>\t\t\t\t<\/div>\n\t\t\t\t<\/div>\n\t\t\t\t<div class=\"elementor-element elementor-element-7c6ac047 elementor-widget elementor-widget-text-editor\" data-id=\"7c6ac047\" data-element_type=\"widget\" data-e-type=\"widget\" data-widget_type=\"text-editor.default\">\n\t\t\t\t<div class=\"elementor-widget-container\">\n\t\t\t\t\t\t\t\t\t<p>At Leipy\u00f6li Farm, we strive for efficient and sustainable crop production without compromising the environment. Our main crops include sugar beets, grains, and forage crops. Sugar beets and grains are cultivated under contract farming agreements for sugar mills and the grain processing industry. Forage crops are grown to feed our own cattle.   <\/p><p>Through effective crop rotation, we aim to reduce pesticide use and prevent soil structure issues. To minimize erosion and nutrient runoff, we keep as much of our fields covered with vegetation year-round. Additionally, we maintain environmental conservation fields and buffer zones, where no fertilizers or pesticides are used.  <\/p>\t\t\t\t\t\t\t\t<\/div>\n\t\t\t\t<\/div>\n\t\t\t\t\t<\/div>\n\t\t<\/div>\n\t\t\t\t\t<\/div>\n\t\t<\/section>\n\t\t\t\t<section class=\"elementor-section elementor-top-section elementor-element elementor-element-2f8e71e4 elementor-section-boxed elementor-section-height-default elementor-section-height-default\" data-id=\"2f8e71e4\" data-element_type=\"section\" data-e-type=\"section\">\n\t\t\t\t\t\t<div class=\"elementor-container elementor-column-gap-default\">\n\t\t\t\t\t<div class=\"elementor-column elementor-col-100 elementor-top-column elementor-element elementor-element-4a70d505\" data-id=\"4a70d505\" data-element_type=\"column\" data-e-type=\"column\">\n\t\t\t<div class=\"elementor-widget-wrap elementor-element-populated\">\n\t\t\t\t\t\t<div class=\"elementor-element elementor-element-663e1033 elementor-widget elementor-widget-heading\" data-id=\"663e1033\" data-element_type=\"widget\" data-e-type=\"widget\" data-widget_type=\"heading.default\">\n\t\t\t\t<div class=\"elementor-widget-container\">\n\t\t\t\t\t<h2 class=\"elementor-heading-title elementor-size-default\">LUMO Conservation Areas<\/h2>\t\t\t\t<\/div>\n\t\t\t\t<\/div>\n\t\t\t\t<div class=\"elementor-element elementor-element-6d092fa elementor-widget elementor-widget-text-editor\" data-id=\"6d092fa\" data-element_type=\"widget\" data-e-type=\"widget\" data-widget_type=\"text-editor.default\">\n\t\t\t\t<div class=\"elementor-widget-container\">\n\t\t\t\t\t\t\t\t\t<p>Our farm also includes LUMO conservation areas, designated for biodiversity preservation. These areas consist of old, reforested pastures and field edges, which have been restored through clearing and grazing. These environmental conservation fields, buffer zones, and LUMO areas are primarily maintained by cattle grazing on our farm.  <\/p>\t\t\t\t\t\t\t\t<\/div>\n\t\t\t\t<\/div>\n\t\t\t\t\t<\/div>\n\t\t<\/div>\n\t\t\t\t\t<\/div>\n\t\t<\/section>\n\t\t\t\t<section class=\"elementor-section elementor-top-section elementor-element elementor-element-7455246a elementor-section-boxed elementor-section-height-default elementor-section-height-default\" data-id=\"7455246a\" data-element_type=\"section\" data-e-type=\"section\">\n\t\t\t\t\t\t<div class=\"elementor-container elementor-column-gap-default\">\n\t\t\t\t\t<div class=\"elementor-column elementor-col-100 elementor-top-column elementor-element elementor-element-7eeb99b\" data-id=\"7eeb99b\" data-element_type=\"column\" data-e-type=\"column\">\n\t\t\t<div class=\"elementor-widget-wrap elementor-element-populated\">\n\t\t\t\t\t\t<div class=\"elementor-element elementor-element-4e98756a elementor-widget elementor-widget-spacer\" data-id=\"4e98756a\" data-element_type=\"widget\" data-e-type=\"widget\" data-widget_type=\"spacer.default\">\n\t\t\t\t<div class=\"elementor-widget-container\">\n\t\t\t\t\t\t\t<div class=\"elementor-spacer\">\n\t\t\t<div class=\"elementor-spacer-inner\"><\/div>\n\t\t<\/div>\n\t\t\t\t\t\t<\/div>\n\t\t\t\t<\/div>\n\t\t\t\t\t<\/div>\n\t\t<\/div>\n\t\t\t\t\t<\/div>\n\t\t<\/section>\n\t\t\t\t<\/div>\n\t\t","protected":false},"excerpt":{"rendered":"<p>A Farm in the Grain Heartland of Southwest Finland Sugar Beets, Grains, and Forage Crops At Leipy\u00f6li Farm, we strive for efficient and sustainable crop production without compromising the environment. Our main crops include sugar beets, grains, and forage crops. Sugar beets and grains are cultivated under contract farming agreements for sugar mills and the &#8230; <\/p>\n<p class=\"read-more-container\"><a title=\"Crop Cultivation\" class=\"read-more button\" href=\"https:\/\/leipyoli.com\/en\/the-farm\/crop-cultivation\/#more-1745\" aria-label=\"Read more about Crop Cultivation\">Lue lis\u00e4\u00e4<\/a><\/p>\n","protected":false},"author":1,"featured_media":0,"parent":1714,"menu_order":0,"comment_status":"closed","ping_status":"closed","template":"","meta":{"inline_featured_image":false,"footnotes":""},"class_list":["post-1745","page","type-page","status-publish"],"yoast_head":"<!-- This site is optimized with the Yoast SEO plugin v27.4 - https:\/\/yoast.com\/product\/yoast-seo-wordpress\/ -->\n<title>Leipy\u00f6lin tila - Crop Cultivation<\/title>\n<meta name=\"description\" content=\"At Leipy\u00f6li Farm, we strive for efficient and sustainable crop production without compromising the environment. Our main crops include sugar beets, grains, and forage crops.\" \/>\n<meta name=\"robots\" content=\"index, follow, max-snippet:-1, max-image-preview:large, max-video-preview:-1\" \/>\n<link rel=\"canonical\" href=\"https:\/\/leipyoli.com\/en\/the-farm\/crop-cultivation\/\" \/>\n<meta property=\"og:locale\" content=\"en_US\" \/>\n<meta property=\"og:type\" content=\"article\" \/>\n<meta property=\"og:title\" content=\"Leipy\u00f6lin tila - Crop Cultivation\" \/>\n<meta property=\"og:description\" content=\"At Leipy\u00f6li Farm, we strive for efficient and sustainable crop production without compromising the environment. Our main crops include sugar beets, grains, and forage crops.\" \/>\n<meta property=\"og:url\" content=\"https:\/\/leipyoli.com\/en\/the-farm\/crop-cultivation\/\" \/>\n<meta property=\"og:site_name\" content=\"Leipy\u00f6lin tila\" \/>\n<meta property=\"article:publisher\" content=\"https:\/\/www.facebook.com\/leipyolintila\" \/>\n<meta property=\"article:modified_time\" content=\"2025-02-20T18:13:12+00:00\" \/>\n<meta property=\"og:image\" content=\"https:\/\/leipyoli.com\/wp-content\/uploads\/2018\/03\/leipyolin_tila-FB.jpg\" \/>\n\t<meta property=\"og:image:width\" content=\"1200\" \/>\n\t<meta property=\"og:image:height\" content=\"630\" \/>\n\t<meta property=\"og:image:type\" content=\"image\/jpeg\" \/>\n<meta name=\"twitter:card\" content=\"summary_large_image\" \/>\n<meta name=\"twitter:label1\" content=\"Est. reading time\" \/>\n\t<meta name=\"twitter:data1\" content=\"1 minute\" \/>\n<script type=\"application\/ld+json\" class=\"yoast-schema-graph\">{\"@context\":\"https:\\\/\\\/schema.org\",\"@graph\":[{\"@type\":\"WebPage\",\"@id\":\"https:\\\/\\\/leipyoli.com\\\/en\\\/the-farm\\\/crop-cultivation\\\/\",\"url\":\"https:\\\/\\\/leipyoli.com\\\/en\\\/the-farm\\\/crop-cultivation\\\/\",\"name\":\"Leipy\u00f6lin tila - Crop Cultivation\",\"isPartOf\":{\"@id\":\"https:\\\/\\\/leipyoli.com\\\/en\\\/#website\"},\"datePublished\":\"2017-11-23T11:59:09+00:00\",\"dateModified\":\"2025-02-20T18:13:12+00:00\",\"description\":\"At Leipy\u00f6li Farm, we strive for efficient and sustainable crop production without compromising the environment. Our main crops include sugar beets, grains, and forage crops.\",\"breadcrumb\":{\"@id\":\"https:\\\/\\\/leipyoli.com\\\/en\\\/the-farm\\\/crop-cultivation\\\/#breadcrumb\"},\"inLanguage\":\"en-US\",\"potentialAction\":[{\"@type\":\"ReadAction\",\"target\":[\"https:\\\/\\\/leipyoli.com\\\/en\\\/the-farm\\\/crop-cultivation\\\/\"]}]},{\"@type\":\"BreadcrumbList\",\"@id\":\"https:\\\/\\\/leipyoli.com\\\/en\\\/the-farm\\\/crop-cultivation\\\/#breadcrumb\",\"itemListElement\":[{\"@type\":\"ListItem\",\"position\":1,\"name\":\"Home\",\"item\":\"https:\\\/\\\/leipyoli.com\\\/en\\\/home\\\/\"},{\"@type\":\"ListItem\",\"position\":2,\"name\":\"The Farm\",\"item\":\"https:\\\/\\\/leipyoli.com\\\/en\\\/the-farm\\\/\"},{\"@type\":\"ListItem\",\"position\":3,\"name\":\"Crop Cultivation\"}]},{\"@type\":\"WebSite\",\"@id\":\"https:\\\/\\\/leipyoli.com\\\/en\\\/#website\",\"url\":\"https:\\\/\\\/leipyoli.com\\\/en\\\/\",\"name\":\"Leipy\u00f6lin tila\",\"description\":\"Maanviljely\u00e4, yl\u00e4maankarjaa ja maatilamatkaulua Salossa!\",\"publisher\":{\"@id\":\"https:\\\/\\\/leipyoli.com\\\/en\\\/#organization\"},\"potentialAction\":[{\"@type\":\"SearchAction\",\"target\":{\"@type\":\"EntryPoint\",\"urlTemplate\":\"https:\\\/\\\/leipyoli.com\\\/en\\\/?s={search_term_string}\"},\"query-input\":{\"@type\":\"PropertyValueSpecification\",\"valueRequired\":true,\"valueName\":\"search_term_string\"}}],\"inLanguage\":\"en-US\"},{\"@type\":\"Organization\",\"@id\":\"https:\\\/\\\/leipyoli.com\\\/en\\\/#organization\",\"name\":\"Leipy\u00f6lin tila\",\"url\":\"https:\\\/\\\/leipyoli.com\\\/en\\\/\",\"logo\":{\"@type\":\"ImageObject\",\"inLanguage\":\"en-US\",\"@id\":\"https:\\\/\\\/leipyoli.com\\\/en\\\/#\\\/schema\\\/logo\\\/image\\\/\",\"url\":\"https:\\\/\\\/leipyoli.com\\\/wp-content\\\/uploads\\\/2017\\\/11\\\/leipyoli-logo-nav.svg\",\"contentUrl\":\"https:\\\/\\\/leipyoli.com\\\/wp-content\\\/uploads\\\/2017\\\/11\\\/leipyoli-logo-nav.svg\",\"width\":1,\"height\":1,\"caption\":\"Leipy\u00f6lin tila\"},\"image\":{\"@id\":\"https:\\\/\\\/leipyoli.com\\\/en\\\/#\\\/schema\\\/logo\\\/image\\\/\"},\"sameAs\":[\"https:\\\/\\\/www.facebook.com\\\/leipyolintila\"]}]}<\/script>\n<!-- \/ Yoast SEO plugin. -->","yoast_head_json":{"title":"Leipy\u00f6lin tila - Crop Cultivation","description":"At Leipy\u00f6li Farm, we strive for efficient and sustainable crop production without compromising the environment. Our main crops include sugar beets, grains, and forage crops.","robots":{"index":"index","follow":"follow","max-snippet":"max-snippet:-1","max-image-preview":"max-image-preview:large","max-video-preview":"max-video-preview:-1"},"canonical":"https:\/\/leipyoli.com\/en\/the-farm\/crop-cultivation\/","og_locale":"en_US","og_type":"article","og_title":"Leipy\u00f6lin tila - Crop Cultivation","og_description":"At Leipy\u00f6li Farm, we strive for efficient and sustainable crop production without compromising the environment. Our main crops include sugar beets, grains, and forage crops.","og_url":"https:\/\/leipyoli.com\/en\/the-farm\/crop-cultivation\/","og_site_name":"Leipy\u00f6lin tila","article_publisher":"https:\/\/www.facebook.com\/leipyolintila","article_modified_time":"2025-02-20T18:13:12+00:00","og_image":[{"width":1200,"height":630,"url":"https:\/\/leipyoli.com\/wp-content\/uploads\/2018\/03\/leipyolin_tila-FB.jpg","type":"image\/jpeg"}],"twitter_card":"summary_large_image","twitter_misc":{"Est. reading time":"1 minute"},"schema":{"@context":"https:\/\/schema.org","@graph":[{"@type":"WebPage","@id":"https:\/\/leipyoli.com\/en\/the-farm\/crop-cultivation\/","url":"https:\/\/leipyoli.com\/en\/the-farm\/crop-cultivation\/","name":"Leipy\u00f6lin tila - Crop Cultivation","isPartOf":{"@id":"https:\/\/leipyoli.com\/en\/#website"},"datePublished":"2017-11-23T11:59:09+00:00","dateModified":"2025-02-20T18:13:12+00:00","description":"At Leipy\u00f6li Farm, we strive for efficient and sustainable crop production without compromising the environment. Our main crops include sugar beets, grains, and forage crops.","breadcrumb":{"@id":"https:\/\/leipyoli.com\/en\/the-farm\/crop-cultivation\/#breadcrumb"},"inLanguage":"en-US","potentialAction":[{"@type":"ReadAction","target":["https:\/\/leipyoli.com\/en\/the-farm\/crop-cultivation\/"]}]},{"@type":"BreadcrumbList","@id":"https:\/\/leipyoli.com\/en\/the-farm\/crop-cultivation\/#breadcrumb","itemListElement":[{"@type":"ListItem","position":1,"name":"Home","item":"https:\/\/leipyoli.com\/en\/home\/"},{"@type":"ListItem","position":2,"name":"The Farm","item":"https:\/\/leipyoli.com\/en\/the-farm\/"},{"@type":"ListItem","position":3,"name":"Crop Cultivation"}]},{"@type":"WebSite","@id":"https:\/\/leipyoli.com\/en\/#website","url":"https:\/\/leipyoli.com\/en\/","name":"Leipy\u00f6lin tila","description":"Maanviljely\u00e4, yl\u00e4maankarjaa ja maatilamatkaulua Salossa!","publisher":{"@id":"https:\/\/leipyoli.com\/en\/#organization"},"potentialAction":[{"@type":"SearchAction","target":{"@type":"EntryPoint","urlTemplate":"https:\/\/leipyoli.com\/en\/?s={search_term_string}"},"query-input":{"@type":"PropertyValueSpecification","valueRequired":true,"valueName":"search_term_string"}}],"inLanguage":"en-US"},{"@type":"Organization","@id":"https:\/\/leipyoli.com\/en\/#organization","name":"Leipy\u00f6lin tila","url":"https:\/\/leipyoli.com\/en\/","logo":{"@type":"ImageObject","inLanguage":"en-US","@id":"https:\/\/leipyoli.com\/en\/#\/schema\/logo\/image\/","url":"https:\/\/leipyoli.com\/wp-content\/uploads\/2017\/11\/leipyoli-logo-nav.svg","contentUrl":"https:\/\/leipyoli.com\/wp-content\/uploads\/2017\/11\/leipyoli-logo-nav.svg","width":1,"height":1,"caption":"Leipy\u00f6lin tila"},"image":{"@id":"https:\/\/leipyoli.com\/en\/#\/schema\/logo\/image\/"},"sameAs":["https:\/\/www.facebook.com\/leipyolintila"]}]}},"_links":{"self":[{"href":"https:\/\/leipyoli.com\/en\/wp-json\/wp\/v2\/pages\/1745","targetHints":{"allow":["GET"]}}],"collection":[{"href":"https:\/\/leipyoli.com\/en\/wp-json\/wp\/v2\/pages"}],"about":[{"href":"https:\/\/leipyoli.com\/en\/wp-json\/wp\/v2\/types\/page"}],"author":[{"embeddable":true,"href":"https:\/\/leipyoli.com\/en\/wp-json\/wp\/v2\/users\/1"}],"replies":[{"embeddable":true,"href":"https:\/\/leipyoli.com\/en\/wp-json\/wp\/v2\/comments?post=1745"}],"version-history":[{"count":1,"href":"https:\/\/leipyoli.com\/en\/wp-json\/wp\/v2\/pages\/1745\/revisions"}],"predecessor-version":[{"id":1746,"href":"https:\/\/leipyoli.com\/en\/wp-json\/wp\/v2\/pages\/1745\/revisions\/1746"}],"up":[{"embeddable":true,"href":"https:\/\/leipyoli.com\/en\/wp-json\/wp\/v2\/pages\/1714"}],"wp:attachment":[{"href":"https:\/\/leipyoli.com\/en\/wp-json\/wp\/v2\/media?parent=1745"}],"curies":[{"name":"wp","href":"https:\/\/api.w.org\/{rel}","templated":true}]}}