{"id":1793,"date":"2017-11-20T15:24:39","date_gmt":"2017-11-20T13:24:39","guid":{"rendered":"https:\/\/leipyoli.com\/the-farm\/highland-cattle\/"},"modified":"2025-02-20T20:50:55","modified_gmt":"2025-02-20T18:50:55","slug":"highland-cattle","status":"publish","type":"page","link":"https:\/\/leipyoli.com\/en\/the-farm\/highland-cattle\/","title":{"rendered":"Highland Cattle"},"content":{"rendered":"\t\t<div data-elementor-type=\"wp-post\" data-elementor-id=\"1793\" class=\"elementor elementor-1793 elementor-133\" data-elementor-post-type=\"page\">\n\t\t\t\t\t\t<section class=\"elementor-section elementor-top-section elementor-element elementor-element-713ea7c4 elementor-section-height-min-height elementor-section-boxed elementor-section-height-default elementor-section-items-middle\" data-id=\"713ea7c4\" data-element_type=\"section\" data-e-type=\"section\" data-settings=\"{&quot;background_background&quot;:&quot;classic&quot;}\">\n\t\t\t\t\t\t\t<div class=\"elementor-background-overlay\"><\/div>\n\t\t\t\t\t\t\t<div class=\"elementor-container elementor-column-gap-default\">\n\t\t\t\t\t<div class=\"elementor-column elementor-col-100 elementor-top-column elementor-element elementor-element-47bd56b1\" data-id=\"47bd56b1\" data-element_type=\"column\" data-e-type=\"column\">\n\t\t\t<div class=\"elementor-widget-wrap elementor-element-populated\">\n\t\t\t\t\t\t<div class=\"elementor-element elementor-element-6a8040b6 elementor-widget elementor-widget-heading\" data-id=\"6a8040b6\" data-element_type=\"widget\" data-e-type=\"widget\" data-widget_type=\"heading.default\">\n\t\t\t\t<div class=\"elementor-widget-container\">\n\t\t\t\t\t<h1 class=\"elementor-heading-title elementor-size-default\">Highland Cattle<\/h1>\t\t\t\t<\/div>\n\t\t\t\t<\/div>\n\t\t\t\t\t<\/div>\n\t\t<\/div>\n\t\t\t\t\t<\/div>\n\t\t<\/section>\n\t\t\t\t<section class=\"elementor-section elementor-top-section elementor-element elementor-element-8011a72 elementor-section-boxed elementor-section-height-default elementor-section-height-default\" data-id=\"8011a72\" data-element_type=\"section\" data-e-type=\"section\">\n\t\t\t\t\t\t<div class=\"elementor-container elementor-column-gap-default\">\n\t\t\t\t\t<div class=\"elementor-column elementor-col-100 elementor-top-column elementor-element elementor-element-8c4c2e6\" data-id=\"8c4c2e6\" data-element_type=\"column\" data-e-type=\"column\">\n\t\t\t<div class=\"elementor-widget-wrap elementor-element-populated\">\n\t\t\t\t\t\t<div class=\"elementor-element elementor-element-0264f58 elementor-widget elementor-widget-spacer\" data-id=\"0264f58\" data-element_type=\"widget\" data-e-type=\"widget\" data-widget_type=\"spacer.default\">\n\t\t\t\t<div class=\"elementor-widget-container\">\n\t\t\t\t\t\t\t<div class=\"elementor-spacer\">\n\t\t\t<div class=\"elementor-spacer-inner\"><\/div>\n\t\t<\/div>\n\t\t\t\t\t\t<\/div>\n\t\t\t\t<\/div>\n\t\t\t\t<div class=\"elementor-element elementor-element-73f1550 elementor-widget elementor-widget-heading\" data-id=\"73f1550\" data-element_type=\"widget\" data-e-type=\"widget\" data-widget_type=\"heading.default\">\n\t\t\t\t<div class=\"elementor-widget-container\">\n\t\t\t\t\t<h2 class=\"elementor-heading-title elementor-size-default\">Our Cattle Graze Freely!<\/h2>\t\t\t\t<\/div>\n\t\t\t\t<\/div>\n\t\t\t\t<div class=\"elementor-element elementor-element-2d22e6d elementor-widget elementor-widget-text-editor\" data-id=\"2d22e6d\" data-element_type=\"widget\" data-e-type=\"widget\" data-widget_type=\"text-editor.default\">\n\t\t\t\t<div class=\"elementor-widget-container\">\n\t\t\t\t\t\t\t\t\t<p><span style=\"font-weight: 400;\">Highland cattle live freely year-round. During the summer, they graze on traditional biotope areas on our farm and buffer zones along the riverbanks. In winter, they stay in winter enclosures, where they are fed silage harvested during the summer. Highland cattle are not fed grain or concentrated feed, which makes the breed slow-growing.   <\/span><\/p><p><span style=\"font-weight: 400;\">Unlike most beef breeds, bulls are slaughtered at around three years of age, and heifers are bred at 2\u20133 years old, depending on their growth. Highland cows are long-lived and can continue calving until the age of 15.  <\/span><\/p>\t\t\t\t\t\t\t\t<\/div>\n\t\t\t\t<\/div>\n\t\t\t\t\t<\/div>\n\t\t<\/div>\n\t\t\t\t\t<\/div>\n\t\t<\/section>\n\t\t\t\t<section class=\"elementor-section elementor-top-section elementor-element elementor-element-72ee088 elementor-section-boxed elementor-section-height-default elementor-section-height-default\" data-id=\"72ee088\" data-element_type=\"section\" data-e-type=\"section\">\n\t\t\t\t\t\t<div class=\"elementor-container elementor-column-gap-default\">\n\t\t\t\t\t<div class=\"elementor-column elementor-col-100 elementor-top-column elementor-element elementor-element-ac28005\" data-id=\"ac28005\" data-element_type=\"column\" data-e-type=\"column\">\n\t\t\t<div class=\"elementor-widget-wrap elementor-element-populated\">\n\t\t\t\t\t\t<div class=\"elementor-element elementor-element-b650d3f elementor-widget elementor-widget-spacer\" data-id=\"b650d3f\" data-element_type=\"widget\" data-e-type=\"widget\" data-widget_type=\"spacer.default\">\n\t\t\t\t<div class=\"elementor-widget-container\">\n\t\t\t\t\t\t\t<div class=\"elementor-spacer\">\n\t\t\t<div class=\"elementor-spacer-inner\"><\/div>\n\t\t<\/div>\n\t\t\t\t\t\t<\/div>\n\t\t\t\t<\/div>\n\t\t\t\t<div class=\"elementor-element elementor-element-b6bf44f elementor-widget elementor-widget-heading\" data-id=\"b6bf44f\" data-element_type=\"widget\" data-e-type=\"widget\" data-widget_type=\"heading.default\">\n\t\t\t\t<div class=\"elementor-widget-container\">\n\t\t\t\t\t<h2 class=\"elementor-heading-title elementor-size-default\">The History of the Breed<\/h2>\t\t\t\t<\/div>\n\t\t\t\t<\/div>\n\t\t\t\t<div class=\"elementor-element elementor-element-6c1f674 elementor-widget elementor-widget-text-editor\" data-id=\"6c1f674\" data-element_type=\"widget\" data-e-type=\"widget\" data-widget_type=\"text-editor.default\">\n\t\t\t\t<div class=\"elementor-widget-container\">\n\t\t\t\t\t\t\t\t\t<p><span style=\"font-weight: 400;\">Highland cattle\u2014also known as kyloe\u2014is an ancient breed with a history full of speculation. According to one legend, the Celts brought these cattle to the Scottish Highlands and islands when fleeing the Roman Empire.  <\/span><\/p><p><span style=\"font-weight: 400;\">There is also evidence suggesting that Vikings transported Highland cattle-type animals to Scandinavia during their crusades and trade expeditions. Many travelers&#8217; writings indicate that the breed has existed in Scotland&#8217;s western islands, the Hebrides, and the Highlands since the 1500s. <\/span><a href=\"http:\/\/www.scottishhighlandcattle.com.au\/\"><span style=\"font-weight: 400;\"> <\/span><\/a><span style=\"font-weight: 400;\">Regardless of its precise origins, one thing is certain: Highland cattle have perfectly adapted to the rugged and cold environment of the Scottish Highlands. Over time, the breed naturally evolved to survive on scarce vegetation and developed an exceptional ability to absorb nutrients efficiently.   <\/span><\/p><p><span style=\"font-weight: 400;\">For Scottish tenant farmers, Highland cattle were essential for survival. The cows endured harsh winters, produced enough milk for both their calves and the farmer\u2019s family, and even had their blood tapped to supplement the diet. Their horns, hair, and hides were used as raw materials for various tools. Highland cattle were so valuable that they were often used as currency, leading to clan disputes and conflicts.  <\/span><\/p><p><span style=\"font-weight: 400;\">Source: <\/span><a href=\"http:\/\/highlandcattle.fi\/\" target=\"_blank\" rel=\"noopener\"><span style=\"font-weight: 400;\">w<\/span><span style=\"font-weight: 400;\">ww.highland<\/span><span style=\"font-weight: 400;\">cattle.fi<\/span><\/a><\/p>\t\t\t\t\t\t\t\t<\/div>\n\t\t\t\t<\/div>\n\t\t\t\t\t<\/div>\n\t\t<\/div>\n\t\t\t\t\t<\/div>\n\t\t<\/section>\n\t\t\t\t<section class=\"elementor-section elementor-top-section elementor-element elementor-element-1d814221 elementor-section-boxed elementor-section-height-default elementor-section-height-default\" data-id=\"1d814221\" data-element_type=\"section\" data-e-type=\"section\" data-settings=\"{&quot;background_background&quot;:&quot;classic&quot;}\">\n\t\t\t\t\t\t<div class=\"elementor-container elementor-column-gap-default\">\n\t\t\t\t\t<div class=\"elementor-column elementor-col-100 elementor-top-column elementor-element elementor-element-6f6bcb0c\" data-id=\"6f6bcb0c\" data-element_type=\"column\" data-e-type=\"column\" data-settings=\"{&quot;background_background&quot;:&quot;classic&quot;}\">\n\t\t\t<div class=\"elementor-widget-wrap elementor-element-populated\">\n\t\t\t\t\t<div class=\"elementor-background-overlay\"><\/div>\n\t\t\t\t\t\t<div class=\"elementor-element elementor-element-a6dea16 elementor-view-stacked elementor-shape-circle elementor-widget elementor-widget-icon\" data-id=\"a6dea16\" data-element_type=\"widget\" data-e-type=\"widget\" data-widget_type=\"icon.default\">\n\t\t\t\t<div class=\"elementor-widget-container\">\n\t\t\t\t\t\t\t<div class=\"elementor-icon-wrapper\">\n\t\t\t<div class=\"elementor-icon\">\n\t\t\t\t\t\t\t<i class=\"fa fa-info\" aria-hidden=\"true\"><\/i>\n\t\t\t\t\t\t<\/div>\n\t\t<\/div>\n\t\t\t\t\t\t<\/div>\n\t\t\t\t<\/div>\n\t\t\t\t<div class=\"elementor-element elementor-element-2a2d011b elementor-widget elementor-widget-heading\" data-id=\"2a2d011b\" data-element_type=\"widget\" data-e-type=\"widget\" data-widget_type=\"heading.default\">\n\t\t\t\t<div class=\"elementor-widget-container\">\n\t\t\t\t\t<h2 class=\"elementor-heading-title elementor-size-default\">A Few Facts About Highland Cattle<\/h2>\t\t\t\t<\/div>\n\t\t\t\t<\/div>\n\t\t\t\t<div class=\"elementor-element elementor-element-2b9150ac infolinkki elementor-widget elementor-widget-text-editor\" data-id=\"2b9150ac\" data-element_type=\"widget\" data-e-type=\"widget\" data-widget_type=\"text-editor.default\">\n\t\t\t\t<div class=\"elementor-widget-container\">\n\t\t\t\t\t\t\t\t\t<p><span style=\"font-weight: 400;\">The hide of Highland cattle is twice as thick as that of ordinary cattle. Their coat consists of two layers: a warm, insulating undercoat and a coarse outer coat, allowing them to withstand harsh winters outdoors. This breed is well-suited for grazing on rough natural pastures, woodlands, and wastelands. Although Highland cattle mature slowly, they are known for their robust health and longevity.    <\/span><\/p><p>Source: <a href=\"https:\/\/fi.wikipedia.org\/wiki\/Yl%C3%A4maankarja\" target=\"_blank\" rel=\"noopener\">Wikipedia<\/a><\/p>\t\t\t\t\t\t\t\t<\/div>\n\t\t\t\t<\/div>\n\t\t\t\t\t<\/div>\n\t\t<\/div>\n\t\t\t\t\t<\/div>\n\t\t<\/section>\n\t\t\t\t<section class=\"elementor-section elementor-top-section elementor-element elementor-element-83af4f6 elementor-section-boxed elementor-section-height-default elementor-section-height-default\" data-id=\"83af4f6\" data-element_type=\"section\" data-e-type=\"section\">\n\t\t\t\t\t\t<div class=\"elementor-container elementor-column-gap-default\">\n\t\t\t\t\t<div class=\"elementor-column elementor-col-100 elementor-top-column elementor-element elementor-element-5c4c0e3\" data-id=\"5c4c0e3\" data-element_type=\"column\" data-e-type=\"column\">\n\t\t\t<div class=\"elementor-widget-wrap elementor-element-populated\">\n\t\t\t\t\t\t<div class=\"elementor-element elementor-element-8794c9f elementor-widget elementor-widget-spacer\" data-id=\"8794c9f\" data-element_type=\"widget\" data-e-type=\"widget\" data-widget_type=\"spacer.default\">\n\t\t\t\t<div class=\"elementor-widget-container\">\n\t\t\t\t\t\t\t<div class=\"elementor-spacer\">\n\t\t\t<div class=\"elementor-spacer-inner\"><\/div>\n\t\t<\/div>\n\t\t\t\t\t\t<\/div>\n\t\t\t\t<\/div>\n\t\t\t\t<div class=\"elementor-element elementor-element-fea5392 elementor-widget elementor-widget-heading\" data-id=\"fea5392\" data-element_type=\"widget\" data-e-type=\"widget\" data-widget_type=\"heading.default\">\n\t\t\t\t<div class=\"elementor-widget-container\">\n\t\t\t\t\t<h2 class=\"elementor-heading-title elementor-size-default\">Animal Sales<\/h2>\t\t\t\t<\/div>\n\t\t\t\t<\/div>\n\t\t\t\t<div class=\"elementor-element elementor-element-0cc4ddd elementor-widget elementor-widget-text-editor\" data-id=\"0cc4ddd\" data-element_type=\"widget\" data-e-type=\"widget\" data-widget_type=\"text-editor.default\">\n\t\t\t\t<div class=\"elementor-widget-container\">\n\t\t\t\t\t\t\t\t\t<p><span style=\"font-weight: 400;\">We occasionally <\/span>sell <span style=\"font-weight: 400;\">animals to other farms.<\/span> Info<span style=\"font-weight: 400;\">rmation about<\/span> availab<span style=\"font-weight: 400;\">le animals will be posted on our News &amp; Updates page.<\/span><\/p>\t\t\t\t\t\t\t\t<\/div>\n\t\t\t\t<\/div>\n\t\t\t\t\t<\/div>\n\t\t<\/div>\n\t\t\t\t\t<\/div>\n\t\t<\/section>\n\t\t\t\t<section class=\"elementor-section elementor-top-section elementor-element elementor-element-e0fbfc3 elementor-section-boxed elementor-section-height-default elementor-section-height-default\" data-id=\"e0fbfc3\" data-element_type=\"section\" data-e-type=\"section\">\n\t\t\t\t\t\t<div class=\"elementor-container elementor-column-gap-default\">\n\t\t\t\t\t<div class=\"elementor-column elementor-col-100 elementor-top-column elementor-element elementor-element-40f591f\" data-id=\"40f591f\" data-element_type=\"column\" data-e-type=\"column\">\n\t\t\t<div class=\"elementor-widget-wrap elementor-element-populated\">\n\t\t\t\t\t\t<div class=\"elementor-element elementor-element-1b52557 elementor-widget elementor-widget-spacer\" data-id=\"1b52557\" data-element_type=\"widget\" data-e-type=\"widget\" data-widget_type=\"spacer.default\">\n\t\t\t\t<div class=\"elementor-widget-container\">\n\t\t\t\t\t\t\t<div class=\"elementor-spacer\">\n\t\t\t<div class=\"elementor-spacer-inner\"><\/div>\n\t\t<\/div>\n\t\t\t\t\t\t<\/div>\n\t\t\t\t<\/div>\n\t\t\t\t\t<\/div>\n\t\t<\/div>\n\t\t\t\t\t<\/div>\n\t\t<\/section>\n\t\t\t\t<\/div>\n\t\t","protected":false},"excerpt":{"rendered":"<p>Highland Cattle Our Cattle Graze Freely! Highland cattle live freely year-round. During the summer, they graze on traditional biotope areas on our farm and buffer zones along the riverbanks. In winter, they stay in winter enclosures, where they are fed silage harvested during the summer. Highland cattle are not fed grain or concentrated feed, which &#8230; <\/p>\n<p class=\"read-more-container\"><a title=\"Highland Cattle\" class=\"read-more button\" href=\"https:\/\/leipyoli.com\/en\/the-farm\/highland-cattle\/#more-1793\" aria-label=\"Read more about Highland Cattle\">Lue lis\u00e4\u00e4<\/a><\/p>\n","protected":false},"author":1,"featured_media":0,"parent":1714,"menu_order":0,"comment_status":"closed","ping_status":"closed","template":"","meta":{"inline_featured_image":false,"footnotes":""},"class_list":["post-1793","page","type-page","status-publish"],"yoast_head":"<!-- This site is optimized with the Yoast SEO plugin v27.4 - https:\/\/yoast.com\/product\/yoast-seo-wordpress\/ -->\n<title>Leipy\u00f6lin tila - Highland Cattle<\/title>\n<meta name=\"description\" content=\"Our Highland cattle graze freely! In summer, they graze on our farm\u2019s traditional biotope areas and buffer zones along the riverbanks. In winter, they stay in enclosures and are fed silage harvested in summer.\" \/>\n<meta name=\"robots\" content=\"index, follow, max-snippet:-1, max-image-preview:large, max-video-preview:-1\" \/>\n<link rel=\"canonical\" href=\"https:\/\/leipyoli.com\/en\/the-farm\/highland-cattle\/\" \/>\n<meta property=\"og:locale\" content=\"en_US\" \/>\n<meta property=\"og:type\" content=\"article\" \/>\n<meta property=\"og:title\" content=\"Leipy\u00f6lin tila - Highland Cattle\" \/>\n<meta property=\"og:description\" content=\"Our Highland cattle graze freely! In summer, they graze on our farm\u2019s traditional biotope areas and buffer zones along the riverbanks. In winter, they stay in enclosures and are fed silage harvested in summer.\" \/>\n<meta property=\"og:url\" content=\"https:\/\/leipyoli.com\/en\/the-farm\/highland-cattle\/\" \/>\n<meta property=\"og:site_name\" content=\"Leipy\u00f6lin tila\" \/>\n<meta property=\"article:publisher\" content=\"https:\/\/www.facebook.com\/leipyolintila\" \/>\n<meta property=\"article:modified_time\" content=\"2025-02-20T18:50:55+00:00\" \/>\n<meta property=\"og:image\" content=\"https:\/\/leipyoli.com\/wp-content\/uploads\/2018\/03\/leipyolin_tila-FB.jpg\" \/>\n\t<meta property=\"og:image:width\" content=\"1200\" \/>\n\t<meta property=\"og:image:height\" content=\"630\" \/>\n\t<meta property=\"og:image:type\" content=\"image\/jpeg\" \/>\n<meta name=\"twitter:card\" content=\"summary_large_image\" \/>\n<meta name=\"twitter:label1\" content=\"Est. reading time\" \/>\n\t<meta name=\"twitter:data1\" content=\"2 minutes\" \/>\n<script type=\"application\/ld+json\" class=\"yoast-schema-graph\">{\"@context\":\"https:\\\/\\\/schema.org\",\"@graph\":[{\"@type\":\"WebPage\",\"@id\":\"https:\\\/\\\/leipyoli.com\\\/en\\\/the-farm\\\/highland-cattle\\\/\",\"url\":\"https:\\\/\\\/leipyoli.com\\\/en\\\/the-farm\\\/highland-cattle\\\/\",\"name\":\"Leipy\u00f6lin tila - Highland Cattle\",\"isPartOf\":{\"@id\":\"https:\\\/\\\/leipyoli.com\\\/en\\\/#website\"},\"datePublished\":\"2017-11-20T13:24:39+00:00\",\"dateModified\":\"2025-02-20T18:50:55+00:00\",\"description\":\"Our Highland cattle graze freely! In summer, they graze on our farm\u2019s traditional biotope areas and buffer zones along the riverbanks. In winter, they stay in enclosures and are fed silage harvested in summer.\",\"breadcrumb\":{\"@id\":\"https:\\\/\\\/leipyoli.com\\\/en\\\/the-farm\\\/highland-cattle\\\/#breadcrumb\"},\"inLanguage\":\"en-US\",\"potentialAction\":[{\"@type\":\"ReadAction\",\"target\":[\"https:\\\/\\\/leipyoli.com\\\/en\\\/the-farm\\\/highland-cattle\\\/\"]}]},{\"@type\":\"BreadcrumbList\",\"@id\":\"https:\\\/\\\/leipyoli.com\\\/en\\\/the-farm\\\/highland-cattle\\\/#breadcrumb\",\"itemListElement\":[{\"@type\":\"ListItem\",\"position\":1,\"name\":\"Home\",\"item\":\"https:\\\/\\\/leipyoli.com\\\/en\\\/home\\\/\"},{\"@type\":\"ListItem\",\"position\":2,\"name\":\"The Farm\",\"item\":\"https:\\\/\\\/leipyoli.com\\\/en\\\/the-farm\\\/\"},{\"@type\":\"ListItem\",\"position\":3,\"name\":\"Highland Cattle\"}]},{\"@type\":\"WebSite\",\"@id\":\"https:\\\/\\\/leipyoli.com\\\/en\\\/#website\",\"url\":\"https:\\\/\\\/leipyoli.com\\\/en\\\/\",\"name\":\"Leipy\u00f6lin tila\",\"description\":\"Maanviljely\u00e4, yl\u00e4maankarjaa ja maatilamatkaulua Salossa!\",\"publisher\":{\"@id\":\"https:\\\/\\\/leipyoli.com\\\/en\\\/#organization\"},\"potentialAction\":[{\"@type\":\"SearchAction\",\"target\":{\"@type\":\"EntryPoint\",\"urlTemplate\":\"https:\\\/\\\/leipyoli.com\\\/en\\\/?s={search_term_string}\"},\"query-input\":{\"@type\":\"PropertyValueSpecification\",\"valueRequired\":true,\"valueName\":\"search_term_string\"}}],\"inLanguage\":\"en-US\"},{\"@type\":\"Organization\",\"@id\":\"https:\\\/\\\/leipyoli.com\\\/en\\\/#organization\",\"name\":\"Leipy\u00f6lin tila\",\"url\":\"https:\\\/\\\/leipyoli.com\\\/en\\\/\",\"logo\":{\"@type\":\"ImageObject\",\"inLanguage\":\"en-US\",\"@id\":\"https:\\\/\\\/leipyoli.com\\\/en\\\/#\\\/schema\\\/logo\\\/image\\\/\",\"url\":\"https:\\\/\\\/leipyoli.com\\\/wp-content\\\/uploads\\\/2017\\\/11\\\/leipyoli-logo-nav.svg\",\"contentUrl\":\"https:\\\/\\\/leipyoli.com\\\/wp-content\\\/uploads\\\/2017\\\/11\\\/leipyoli-logo-nav.svg\",\"width\":1,\"height\":1,\"caption\":\"Leipy\u00f6lin tila\"},\"image\":{\"@id\":\"https:\\\/\\\/leipyoli.com\\\/en\\\/#\\\/schema\\\/logo\\\/image\\\/\"},\"sameAs\":[\"https:\\\/\\\/www.facebook.com\\\/leipyolintila\"]}]}<\/script>\n<!-- \/ Yoast SEO plugin. -->","yoast_head_json":{"title":"Leipy\u00f6lin tila - Highland Cattle","description":"Our Highland cattle graze freely! In summer, they graze on our farm\u2019s traditional biotope areas and buffer zones along the riverbanks. In winter, they stay in enclosures and are fed silage harvested in summer.","robots":{"index":"index","follow":"follow","max-snippet":"max-snippet:-1","max-image-preview":"max-image-preview:large","max-video-preview":"max-video-preview:-1"},"canonical":"https:\/\/leipyoli.com\/en\/the-farm\/highland-cattle\/","og_locale":"en_US","og_type":"article","og_title":"Leipy\u00f6lin tila - Highland Cattle","og_description":"Our Highland cattle graze freely! In summer, they graze on our farm\u2019s traditional biotope areas and buffer zones along the riverbanks. In winter, they stay in enclosures and are fed silage harvested in summer.","og_url":"https:\/\/leipyoli.com\/en\/the-farm\/highland-cattle\/","og_site_name":"Leipy\u00f6lin tila","article_publisher":"https:\/\/www.facebook.com\/leipyolintila","article_modified_time":"2025-02-20T18:50:55+00:00","og_image":[{"width":1200,"height":630,"url":"https:\/\/leipyoli.com\/wp-content\/uploads\/2018\/03\/leipyolin_tila-FB.jpg","type":"image\/jpeg"}],"twitter_card":"summary_large_image","twitter_misc":{"Est. reading time":"2 minutes"},"schema":{"@context":"https:\/\/schema.org","@graph":[{"@type":"WebPage","@id":"https:\/\/leipyoli.com\/en\/the-farm\/highland-cattle\/","url":"https:\/\/leipyoli.com\/en\/the-farm\/highland-cattle\/","name":"Leipy\u00f6lin tila - Highland Cattle","isPartOf":{"@id":"https:\/\/leipyoli.com\/en\/#website"},"datePublished":"2017-11-20T13:24:39+00:00","dateModified":"2025-02-20T18:50:55+00:00","description":"Our Highland cattle graze freely! In summer, they graze on our farm\u2019s traditional biotope areas and buffer zones along the riverbanks. In winter, they stay in enclosures and are fed silage harvested in summer.","breadcrumb":{"@id":"https:\/\/leipyoli.com\/en\/the-farm\/highland-cattle\/#breadcrumb"},"inLanguage":"en-US","potentialAction":[{"@type":"ReadAction","target":["https:\/\/leipyoli.com\/en\/the-farm\/highland-cattle\/"]}]},{"@type":"BreadcrumbList","@id":"https:\/\/leipyoli.com\/en\/the-farm\/highland-cattle\/#breadcrumb","itemListElement":[{"@type":"ListItem","position":1,"name":"Home","item":"https:\/\/leipyoli.com\/en\/home\/"},{"@type":"ListItem","position":2,"name":"The Farm","item":"https:\/\/leipyoli.com\/en\/the-farm\/"},{"@type":"ListItem","position":3,"name":"Highland Cattle"}]},{"@type":"WebSite","@id":"https:\/\/leipyoli.com\/en\/#website","url":"https:\/\/leipyoli.com\/en\/","name":"Leipy\u00f6lin tila","description":"Maanviljely\u00e4, yl\u00e4maankarjaa ja maatilamatkaulua Salossa!","publisher":{"@id":"https:\/\/leipyoli.com\/en\/#organization"},"potentialAction":[{"@type":"SearchAction","target":{"@type":"EntryPoint","urlTemplate":"https:\/\/leipyoli.com\/en\/?s={search_term_string}"},"query-input":{"@type":"PropertyValueSpecification","valueRequired":true,"valueName":"search_term_string"}}],"inLanguage":"en-US"},{"@type":"Organization","@id":"https:\/\/leipyoli.com\/en\/#organization","name":"Leipy\u00f6lin tila","url":"https:\/\/leipyoli.com\/en\/","logo":{"@type":"ImageObject","inLanguage":"en-US","@id":"https:\/\/leipyoli.com\/en\/#\/schema\/logo\/image\/","url":"https:\/\/leipyoli.com\/wp-content\/uploads\/2017\/11\/leipyoli-logo-nav.svg","contentUrl":"https:\/\/leipyoli.com\/wp-content\/uploads\/2017\/11\/leipyoli-logo-nav.svg","width":1,"height":1,"caption":"Leipy\u00f6lin tila"},"image":{"@id":"https:\/\/leipyoli.com\/en\/#\/schema\/logo\/image\/"},"sameAs":["https:\/\/www.facebook.com\/leipyolintila"]}]}},"_links":{"self":[{"href":"https:\/\/leipyoli.com\/en\/wp-json\/wp\/v2\/pages\/1793","targetHints":{"allow":["GET"]}}],"collection":[{"href":"https:\/\/leipyoli.com\/en\/wp-json\/wp\/v2\/pages"}],"about":[{"href":"https:\/\/leipyoli.com\/en\/wp-json\/wp\/v2\/types\/page"}],"author":[{"embeddable":true,"href":"https:\/\/leipyoli.com\/en\/wp-json\/wp\/v2\/users\/1"}],"replies":[{"embeddable":true,"href":"https:\/\/leipyoli.com\/en\/wp-json\/wp\/v2\/comments?post=1793"}],"version-history":[{"count":1,"href":"https:\/\/leipyoli.com\/en\/wp-json\/wp\/v2\/pages\/1793\/revisions"}],"predecessor-version":[{"id":1794,"href":"https:\/\/leipyoli.com\/en\/wp-json\/wp\/v2\/pages\/1793\/revisions\/1794"}],"up":[{"embeddable":true,"href":"https:\/\/leipyoli.com\/en\/wp-json\/wp\/v2\/pages\/1714"}],"wp:attachment":[{"href":"https:\/\/leipyoli.com\/en\/wp-json\/wp\/v2\/media?parent=1793"}],"curies":[{"name":"wp","href":"https:\/\/api.w.org\/{rel}","templated":true}]}}