{"id":1879,"date":"2018-05-24T20:21:08","date_gmt":"2018-05-24T17:21:08","guid":{"rendered":"https:\/\/leipyoli.com\/privacy-policy\/"},"modified":"2025-02-25T12:17:13","modified_gmt":"2025-02-25T10:17:13","slug":"privacy-policy","status":"publish","type":"page","link":"https:\/\/leipyoli.com\/en\/privacy-policy\/","title":{"rendered":"Privacy Policy"},"content":{"rendered":"\t\t<div data-elementor-type=\"wp-post\" data-elementor-id=\"1879\" class=\"elementor elementor-1879 elementor-1223\" data-elementor-post-type=\"page\">\n\t\t\t\t\t\t<section class=\"elementor-section elementor-top-section elementor-element elementor-element-9db59cb elementor-section-height-min-height elementor-section-boxed elementor-section-height-default elementor-section-items-middle\" data-id=\"9db59cb\" data-element_type=\"section\" data-e-type=\"section\" data-settings=\"{&quot;background_background&quot;:&quot;classic&quot;}\">\n\t\t\t\t\t\t\t<div class=\"elementor-background-overlay\"><\/div>\n\t\t\t\t\t\t\t<div class=\"elementor-container elementor-column-gap-default\">\n\t\t\t\t\t<div class=\"elementor-column elementor-col-100 elementor-top-column elementor-element elementor-element-4d291ab\" data-id=\"4d291ab\" data-element_type=\"column\" data-e-type=\"column\">\n\t\t\t<div class=\"elementor-widget-wrap elementor-element-populated\">\n\t\t\t\t\t\t<div class=\"elementor-element elementor-element-9830399 elementor-widget elementor-widget-heading\" data-id=\"9830399\" data-element_type=\"widget\" data-e-type=\"widget\" data-widget_type=\"heading.default\">\n\t\t\t\t<div class=\"elementor-widget-container\">\n\t\t\t\t\t<h1 class=\"elementor-heading-title elementor-size-default\">Privacy Policy and Data Protection Statement<\/h1>\t\t\t\t<\/div>\n\t\t\t\t<\/div>\n\t\t\t\t<div class=\"elementor-element elementor-element-03607ca elementor-widget elementor-widget-text-editor\" data-id=\"03607ca\" data-element_type=\"widget\" data-e-type=\"widget\" data-widget_type=\"text-editor.default\">\n\t\t\t\t<div class=\"elementor-widget-container\">\n\t\t\t\t\t\t\t\t\t<p>This is the Privacy Policy and Data Protection Statement of Leipy\u00f6lin Tila and Maatilamatkailu Leipy\u00f6li, in accordance with the Finnish Personal Data Act (Sections 10 and 24) and the General Data Protection Regulation (GDPR) of the EU. Prepared on 23 May 2018. <\/p>\t\t\t\t\t\t\t\t<\/div>\n\t\t\t\t<\/div>\n\t\t\t\t\t<\/div>\n\t\t<\/div>\n\t\t\t\t\t<\/div>\n\t\t<\/section>\n\t\t\t\t<section class=\"elementor-section elementor-top-section elementor-element elementor-element-adb4551 elementor-section-boxed elementor-section-height-default elementor-section-height-default\" data-id=\"adb4551\" data-element_type=\"section\" data-e-type=\"section\">\n\t\t\t\t\t\t<div class=\"elementor-container elementor-column-gap-default\">\n\t\t\t\t\t<div class=\"elementor-column elementor-col-100 elementor-top-column elementor-element elementor-element-ea36699\" data-id=\"ea36699\" data-element_type=\"column\" data-e-type=\"column\">\n\t\t\t<div class=\"elementor-widget-wrap elementor-element-populated\">\n\t\t\t\t\t\t<div class=\"elementor-element elementor-element-643bdd4 elementor-widget elementor-widget-spacer\" data-id=\"643bdd4\" data-element_type=\"widget\" data-e-type=\"widget\" data-widget_type=\"spacer.default\">\n\t\t\t\t<div class=\"elementor-widget-container\">\n\t\t\t\t\t\t\t<div class=\"elementor-spacer\">\n\t\t\t<div class=\"elementor-spacer-inner\"><\/div>\n\t\t<\/div>\n\t\t\t\t\t\t<\/div>\n\t\t\t\t<\/div>\n\t\t\t\t<div class=\"elementor-element elementor-element-67fd81f elementor-widget elementor-widget-heading\" data-id=\"67fd81f\" data-element_type=\"widget\" data-e-type=\"widget\" data-widget_type=\"heading.default\">\n\t\t\t\t<div class=\"elementor-widget-container\">\n\t\t\t\t\t<h3 class=\"elementor-heading-title elementor-size-default\">1. Data Controller<\/h3>\t\t\t\t<\/div>\n\t\t\t\t<\/div>\n\t\t\t\t<div class=\"elementor-element elementor-element-53e4ace elementor-widget elementor-widget-text-editor\" data-id=\"53e4ace\" data-element_type=\"widget\" data-e-type=\"widget\" data-widget_type=\"text-editor.default\">\n\t\t\t\t<div class=\"elementor-widget-container\">\n\t\t\t\t\t\t\t\t\t<p>Leipy\u00f6lin tila<br>S\u00e4terikuja 3, 25500 Perni\u00f6<br>050-3382768<br>myynti@leipyoli.com<\/p><p>Maatilamatkailu Leipy\u00f6li <br>Leipy\u00f6lintie 218, 25500 Perni\u00f6<br>0500-744241<br>myynti@leipyoli.com<\/p><p>Our website address: https:\/\/leipyoli.com<\/p>\t\t\t\t\t\t\t\t<\/div>\n\t\t\t\t<\/div>\n\t\t\t\t<div class=\"elementor-element elementor-element-ba7670d elementor-widget elementor-widget-heading\" data-id=\"ba7670d\" data-element_type=\"widget\" data-e-type=\"widget\" data-widget_type=\"heading.default\">\n\t\t\t\t<div class=\"elementor-widget-container\">\n\t\t\t\t\t<h3 class=\"elementor-heading-title elementor-size-default\">2. Contact Person for Registry Matters<\/h3>\t\t\t\t<\/div>\n\t\t\t\t<\/div>\n\t\t\t\t<div class=\"elementor-element elementor-element-1b09158 elementor-widget elementor-widget-text-editor\" data-id=\"1b09158\" data-element_type=\"widget\" data-e-type=\"widget\" data-widget_type=\"text-editor.default\">\n\t\t\t\t<div class=\"elementor-widget-container\">\n\t\t\t\t\t\t\t\t\t<p>Antti-Jussi R\u00e4s\u00e4nen<br>0503382768<br>myynti@leipyoli.com<\/p>\t\t\t\t\t\t\t\t<\/div>\n\t\t\t\t<\/div>\n\t\t\t\t<div class=\"elementor-element elementor-element-d4b4ca1 elementor-widget elementor-widget-heading\" data-id=\"d4b4ca1\" data-element_type=\"widget\" data-e-type=\"widget\" data-widget_type=\"heading.default\">\n\t\t\t\t<div class=\"elementor-widget-container\">\n\t\t\t\t\t<h3 class=\"elementor-heading-title elementor-size-default\">3. Name of the Register<\/h3>\t\t\t\t<\/div>\n\t\t\t\t<\/div>\n\t\t\t\t<div class=\"elementor-element elementor-element-5de26e9 elementor-widget elementor-widget-text-editor\" data-id=\"5de26e9\" data-element_type=\"widget\" data-e-type=\"widget\" data-widget_type=\"text-editor.default\">\n\t\t\t\t<div class=\"elementor-widget-container\">\n\t\t\t\t\t\t\t\t\t<p>Leipy\u00f6lin Tila and Maatilamatkailu Leipy\u00f6li\u2019s customer, billing, and order database.<\/p>\t\t\t\t\t\t\t\t<\/div>\n\t\t\t\t<\/div>\n\t\t\t\t<div class=\"elementor-element elementor-element-501ec79 elementor-widget elementor-widget-heading\" data-id=\"501ec79\" data-element_type=\"widget\" data-e-type=\"widget\" data-widget_type=\"heading.default\">\n\t\t\t\t<div class=\"elementor-widget-container\">\n\t\t\t\t\t<h3 class=\"elementor-heading-title elementor-size-default\">4. Data Stored in the Register<\/h3>\t\t\t\t<\/div>\n\t\t\t\t<\/div>\n\t\t\t\t<div class=\"elementor-element elementor-element-40068c9 elementor-widget elementor-widget-text-editor\" data-id=\"40068c9\" data-element_type=\"widget\" data-e-type=\"widget\" data-widget_type=\"text-editor.default\">\n\t\t\t\t<div class=\"elementor-widget-container\">\n\t\t\t\t\t\t\t\t\t<p>The following data is stored in the register:<br>Name, company\/organization, contact details (phone number, email address, postal address), billing information, and marketing consent.<br>Customer data is retained only as long as necessary for maintaining the customer relationship.<br>Billing information is stored for the period required by the Accounting Act.<\/p>\t\t\t\t\t\t\t\t<\/div>\n\t\t\t\t<\/div>\n\t\t\t\t<div class=\"elementor-element elementor-element-ecc3b90 elementor-widget elementor-widget-heading\" data-id=\"ecc3b90\" data-element_type=\"widget\" data-e-type=\"widget\" data-widget_type=\"heading.default\">\n\t\t\t\t<div class=\"elementor-widget-container\">\n\t\t\t\t\t<h3 class=\"elementor-heading-title elementor-size-default\">5. Regular Sources of Information<\/h3>\t\t\t\t<\/div>\n\t\t\t\t<\/div>\n\t\t\t\t<div class=\"elementor-element elementor-element-ec614ea elementor-widget elementor-widget-text-editor\" data-id=\"ec614ea\" data-element_type=\"widget\" data-e-type=\"widget\" data-widget_type=\"text-editor.default\">\n\t\t\t\t<div class=\"elementor-widget-container\">\n\t\t\t\t\t\t\t\t\t<p>The data stored in the register is collected from the customer through, for example: Messages sent via web forms, Email, Phone, Social media services, Contracts, Customer meetings and other situations where the customer provides their information.<\/p>\t\t\t\t\t\t\t\t<\/div>\n\t\t\t\t<\/div>\n\t\t\t\t<div class=\"elementor-element elementor-element-17a3039 elementor-widget elementor-widget-heading\" data-id=\"17a3039\" data-element_type=\"widget\" data-e-type=\"widget\" data-widget_type=\"heading.default\">\n\t\t\t\t<div class=\"elementor-widget-container\">\n\t\t\t\t\t<h3 class=\"elementor-heading-title elementor-size-default\">6. Regular Disclosure of Data and Transfer of Data Outside the EU or EEA<\/h3>\t\t\t\t<\/div>\n\t\t\t\t<\/div>\n\t\t\t\t<div class=\"elementor-element elementor-element-4da7b0f elementor-widget elementor-widget-text-editor\" data-id=\"4da7b0f\" data-element_type=\"widget\" data-e-type=\"widget\" data-widget_type=\"text-editor.default\">\n\t\t\t\t<div class=\"elementor-widget-container\">\n\t\t\t\t\t\t\t\t\t<p>Customer data is not disclosed to third parties.<\/p>\t\t\t\t\t\t\t\t<\/div>\n\t\t\t\t<\/div>\n\t\t\t\t<div class=\"elementor-element elementor-element-96a93c4 elementor-widget elementor-widget-heading\" data-id=\"96a93c4\" data-element_type=\"widget\" data-e-type=\"widget\" data-widget_type=\"heading.default\">\n\t\t\t\t<div class=\"elementor-widget-container\">\n\t\t\t\t\t<h3 class=\"elementor-heading-title elementor-size-default\">7. Principles of Register Protection<\/h3>\t\t\t\t<\/div>\n\t\t\t\t<\/div>\n\t\t\t\t<div class=\"elementor-element elementor-element-ff0a93e elementor-widget elementor-widget-text-editor\" data-id=\"ff0a93e\" data-element_type=\"widget\" data-e-type=\"widget\" data-widget_type=\"text-editor.default\">\n\t\t\t\t<div class=\"elementor-widget-container\">\n\t\t\t\t\t\t\t\t\t<p>The processing of the register is carried out with due care, and electronically processed information is properly protected. The data controller ensures that stored information is treated confidentially and only by employees whose job description includes handling such data. <\/p>\t\t\t\t\t\t\t\t<\/div>\n\t\t\t\t<\/div>\n\t\t\t\t<div class=\"elementor-element elementor-element-417429f elementor-widget elementor-widget-heading\" data-id=\"417429f\" data-element_type=\"widget\" data-e-type=\"widget\" data-widget_type=\"heading.default\">\n\t\t\t\t<div class=\"elementor-widget-container\">\n\t\t\t\t\t<h3 class=\"elementor-heading-title elementor-size-default\">8. Right to Access and Right to Request Correction<\/h3>\t\t\t\t<\/div>\n\t\t\t\t<\/div>\n\t\t\t\t<div class=\"elementor-element elementor-element-8701b7b elementor-widget elementor-widget-text-editor\" data-id=\"8701b7b\" data-element_type=\"widget\" data-e-type=\"widget\" data-widget_type=\"text-editor.default\">\n\t\t\t\t<div class=\"elementor-widget-container\">\n\t\t\t\t\t\t\t\t\t<p>Every person whose data is stored in the register has the right to access their information and request corrections to any inaccurate or incomplete data. If a person wishes to check the information stored about them or request corrections, a written request must be submitted to the data controller. If necessary, the data controller may ask the requester to verify their identity. The data controller responds to the customer within the timeframe specified in the GDPR (usually within one month).   <\/p>\t\t\t\t\t\t\t\t<\/div>\n\t\t\t\t<\/div>\n\t\t\t\t<div class=\"elementor-element elementor-element-64c83c6 elementor-widget elementor-widget-heading\" data-id=\"64c83c6\" data-element_type=\"widget\" data-e-type=\"widget\" data-widget_type=\"heading.default\">\n\t\t\t\t<div class=\"elementor-widget-container\">\n\t\t\t\t\t<h3 class=\"elementor-heading-title elementor-size-default\">9. Other Rights Regarding the Processing of Personal Data<\/h3>\t\t\t\t<\/div>\n\t\t\t\t<\/div>\n\t\t\t\t<div class=\"elementor-element elementor-element-ca4b590 elementor-widget elementor-widget-text-editor\" data-id=\"ca4b590\" data-element_type=\"widget\" data-e-type=\"widget\" data-widget_type=\"text-editor.default\">\n\t\t\t\t<div class=\"elementor-widget-container\">\n\t\t\t\t\t\t\t\t\t<p>Individuals in the register have the right to request the deletion of their personal data from the register (&#8220;right to be forgotten&#8221;). Similarly, registered individuals have other rights under the GDPR, such as restricting the processing of their personal data in certain cases. Requests must be submitted in writing to the data controller. If necessary, the data controller may ask the requester to verify their identity. The data controller responds to the customer within the timeframe specified in the GDPR (usually within one month).    <\/p>\t\t\t\t\t\t\t\t<\/div>\n\t\t\t\t<\/div>\n\t\t\t\t<div class=\"elementor-element elementor-element-1b1174e elementor-widget elementor-widget-heading\" data-id=\"1b1174e\" data-element_type=\"widget\" data-e-type=\"widget\" data-widget_type=\"heading.default\">\n\t\t\t\t<div class=\"elementor-widget-container\">\n\t\t\t\t\t<h3 class=\"elementor-heading-title elementor-size-default\">10. Privacy Practices Regarding Our Website<\/h3>\t\t\t\t<\/div>\n\t\t\t\t<\/div>\n\t\t\t\t<div class=\"elementor-element elementor-element-9040087 elementor-widget elementor-widget-heading\" data-id=\"9040087\" data-element_type=\"widget\" data-e-type=\"widget\" data-widget_type=\"heading.default\">\n\t\t\t\t<div class=\"elementor-widget-container\">\n\t\t\t\t\t<h4 class=\"elementor-heading-title elementor-size-default\">10.1 Contact Forms<\/h4>\t\t\t\t<\/div>\n\t\t\t\t<\/div>\n\t\t\t\t<div class=\"elementor-element elementor-element-a769d45 elementor-widget elementor-widget-text-editor\" data-id=\"a769d45\" data-element_type=\"widget\" data-e-type=\"widget\" data-widget_type=\"text-editor.default\">\n\t\t\t\t<div class=\"elementor-widget-container\">\n\t\t\t\t\t\t\t\t\t<p>Our website includes two contact forms. When you submit information using a form by clicking the submit button, we collect at least your name, email address, and the content of your message. Additionally, the forms allow you to provide the name of your company\/organization and consent for receiving marketing communications. We collect this information to contact you and serve you better.   <\/p>\t\t\t\t\t\t\t\t<\/div>\n\t\t\t\t<\/div>\n\t\t\t\t<div class=\"elementor-element elementor-element-5b1a6e9 elementor-widget elementor-widget-heading\" data-id=\"5b1a6e9\" data-element_type=\"widget\" data-e-type=\"widget\" data-widget_type=\"heading.default\">\n\t\t\t\t<div class=\"elementor-widget-container\">\n\t\t\t\t\t<h4 class=\"elementor-heading-title elementor-size-default\">10.2 Cookies<\/h4>\t\t\t\t<\/div>\n\t\t\t\t<\/div>\n\t\t\t\t<div class=\"elementor-element elementor-element-ccdfaa5 elementor-widget elementor-widget-text-editor\" data-id=\"ccdfaa5\" data-element_type=\"widget\" data-e-type=\"widget\" data-widget_type=\"text-editor.default\">\n\t\t\t\t<div class=\"elementor-widget-container\">\n\t\t\t\t\t\t\t\t\t<p>Our website only uses cookies that are essential for its functionality.<\/p>\t\t\t\t\t\t\t\t<\/div>\n\t\t\t\t<\/div>\n\t\t\t\t<div class=\"elementor-element elementor-element-c145b97 elementor-widget elementor-widget-heading\" data-id=\"c145b97\" data-element_type=\"widget\" data-e-type=\"widget\" data-widget_type=\"heading.default\">\n\t\t\t\t<div class=\"elementor-widget-container\">\n\t\t\t\t\t<h4 class=\"elementor-heading-title elementor-size-default\">10.3 Embedded Content from Other Websites<\/h4>\t\t\t\t<\/div>\n\t\t\t\t<\/div>\n\t\t\t\t<div class=\"elementor-element elementor-element-397ca19 elementor-widget elementor-widget-text-editor\" data-id=\"397ca19\" data-element_type=\"widget\" data-e-type=\"widget\" data-widget_type=\"text-editor.default\">\n\t\t\t\t<div class=\"elementor-widget-container\">\n\t\t\t\t\t\t\t\t\t<p>Articles on this site may include embedded content (e.g., videos, images, articles, etc.). Opening embedded content from other websites is equivalent to visiting the third-party website itself. These sites may collect data about you, use cookies, embed third-party tracking cookies, and monitor your interaction with the embedded content, including tracking your interaction if you have an account and are logged in to that site.  <\/p>\t\t\t\t\t\t\t\t<\/div>\n\t\t\t\t<\/div>\n\t\t\t\t<div class=\"elementor-element elementor-element-8080e60 elementor-widget elementor-widget-heading\" data-id=\"8080e60\" data-element_type=\"widget\" data-e-type=\"widget\" data-widget_type=\"heading.default\">\n\t\t\t\t<div class=\"elementor-widget-container\">\n\t\t\t\t\t<h4 class=\"elementor-heading-title elementor-size-default\">10.4 Analytics<\/h4>\t\t\t\t<\/div>\n\t\t\t\t<\/div>\n\t\t\t\t<div class=\"elementor-element elementor-element-b726027 elementor-widget elementor-widget-text-editor\" data-id=\"b726027\" data-element_type=\"widget\" data-e-type=\"widget\" data-widget_type=\"text-editor.default\">\n\t\t\t\t<div class=\"elementor-widget-container\">\n\t\t\t\t\t\t\t\t\t<p>Our website does not collect analytics data from your visit.<\/p>\t\t\t\t\t\t\t\t<\/div>\n\t\t\t\t<\/div>\n\t\t\t\t\t<\/div>\n\t\t<\/div>\n\t\t\t\t\t<\/div>\n\t\t<\/section>\n\t\t\t\t<section class=\"elementor-section elementor-top-section elementor-element elementor-element-4d9f46f elementor-section-boxed elementor-section-height-default elementor-section-height-default\" data-id=\"4d9f46f\" data-element_type=\"section\" data-e-type=\"section\">\n\t\t\t\t\t\t<div class=\"elementor-container elementor-column-gap-default\">\n\t\t\t\t\t<div class=\"elementor-column elementor-col-100 elementor-top-column elementor-element elementor-element-ea77962\" data-id=\"ea77962\" data-element_type=\"column\" data-e-type=\"column\">\n\t\t\t<div class=\"elementor-widget-wrap elementor-element-populated\">\n\t\t\t\t\t\t<div class=\"elementor-element elementor-element-c77fca6 elementor-widget elementor-widget-spacer\" data-id=\"c77fca6\" data-element_type=\"widget\" data-e-type=\"widget\" data-widget_type=\"spacer.default\">\n\t\t\t\t<div class=\"elementor-widget-container\">\n\t\t\t\t\t\t\t<div class=\"elementor-spacer\">\n\t\t\t<div class=\"elementor-spacer-inner\"><\/div>\n\t\t<\/div>\n\t\t\t\t\t\t<\/div>\n\t\t\t\t<\/div>\n\t\t\t\t\t<\/div>\n\t\t<\/div>\n\t\t\t\t\t<\/div>\n\t\t<\/section>\n\t\t\t\t<\/div>\n\t\t","protected":false},"excerpt":{"rendered":"<p>Privacy Policy and Data Protection Statement This is the Privacy Policy and Data Protection Statement of Leipy\u00f6lin Tila and Maatilamatkailu Leipy\u00f6li, in accordance with the Finnish Personal Data Act (Sections 10 and 24) and the General Data Protection Regulation (GDPR) of the EU. Prepared on 23 May 2018. 1. Data Controller Leipy\u00f6lin tilaS\u00e4terikuja 3, 25500 &#8230; <\/p>\n<p class=\"read-more-container\"><a title=\"Privacy Policy\" class=\"read-more button\" href=\"https:\/\/leipyoli.com\/en\/privacy-policy\/#more-1879\" aria-label=\"Read more about Privacy Policy\">Lue lis\u00e4\u00e4<\/a><\/p>\n","protected":false},"author":1,"featured_media":0,"parent":0,"menu_order":0,"comment_status":"closed","ping_status":"closed","template":"","meta":{"inline_featured_image":false,"footnotes":""},"class_list":["post-1879","page","type-page","status-publish"],"yoast_head":"<!-- This site is optimized with the Yoast SEO plugin v27.4 - https:\/\/yoast.com\/product\/yoast-seo-wordpress\/ -->\n<title>Leipy\u00f6lin tila - Privacy Policy<\/title>\n<meta name=\"robots\" content=\"index, follow, max-snippet:-1, max-image-preview:large, max-video-preview:-1\" \/>\n<link rel=\"canonical\" href=\"https:\/\/leipyoli.com\/en\/privacy-policy\/\" \/>\n<meta property=\"og:locale\" content=\"en_US\" \/>\n<meta property=\"og:type\" content=\"article\" \/>\n<meta property=\"og:title\" content=\"Leipy\u00f6lin tila - Privacy Policy\" \/>\n<meta property=\"og:description\" content=\"Privacy Policy and Data Protection Statement This is the Privacy Policy and Data Protection Statement of Leipy\u00f6lin Tila and Maatilamatkailu Leipy\u00f6li, in accordance with the Finnish Personal Data Act (Sections 10 and 24) and the General Data Protection Regulation (GDPR) of the EU. Prepared on 23 May 2018. 1. Data Controller Leipy\u00f6lin tilaS\u00e4terikuja 3, 25500 ... Lue lis\u00e4\u00e4\" \/>\n<meta property=\"og:url\" content=\"https:\/\/leipyoli.com\/en\/privacy-policy\/\" \/>\n<meta property=\"og:site_name\" content=\"Leipy\u00f6lin tila\" \/>\n<meta property=\"article:publisher\" content=\"https:\/\/www.facebook.com\/leipyolintila\" \/>\n<meta property=\"article:modified_time\" content=\"2025-02-25T10:17:13+00:00\" \/>\n<meta property=\"og:image\" content=\"https:\/\/leipyoli.com\/wp-content\/uploads\/2018\/03\/leipyolin_tila-FB.jpg\" \/>\n\t<meta property=\"og:image:width\" content=\"1200\" \/>\n\t<meta property=\"og:image:height\" content=\"630\" \/>\n\t<meta property=\"og:image:type\" content=\"image\/jpeg\" \/>\n<meta name=\"twitter:card\" content=\"summary_large_image\" \/>\n<meta name=\"twitter:label1\" content=\"Est. reading time\" \/>\n\t<meta name=\"twitter:data1\" content=\"3 minutes\" \/>\n<script type=\"application\/ld+json\" class=\"yoast-schema-graph\">{\"@context\":\"https:\\\/\\\/schema.org\",\"@graph\":[{\"@type\":\"WebPage\",\"@id\":\"https:\\\/\\\/leipyoli.com\\\/en\\\/privacy-policy\\\/\",\"url\":\"https:\\\/\\\/leipyoli.com\\\/en\\\/privacy-policy\\\/\",\"name\":\"Leipy\u00f6lin tila - Privacy Policy\",\"isPartOf\":{\"@id\":\"https:\\\/\\\/leipyoli.com\\\/en\\\/#website\"},\"datePublished\":\"2018-05-24T17:21:08+00:00\",\"dateModified\":\"2025-02-25T10:17:13+00:00\",\"breadcrumb\":{\"@id\":\"https:\\\/\\\/leipyoli.com\\\/en\\\/privacy-policy\\\/#breadcrumb\"},\"inLanguage\":\"en-US\",\"potentialAction\":[{\"@type\":\"ReadAction\",\"target\":[\"https:\\\/\\\/leipyoli.com\\\/en\\\/privacy-policy\\\/\"]}]},{\"@type\":\"BreadcrumbList\",\"@id\":\"https:\\\/\\\/leipyoli.com\\\/en\\\/privacy-policy\\\/#breadcrumb\",\"itemListElement\":[{\"@type\":\"ListItem\",\"position\":1,\"name\":\"Home\",\"item\":\"https:\\\/\\\/leipyoli.com\\\/en\\\/home\\\/\"},{\"@type\":\"ListItem\",\"position\":2,\"name\":\"Privacy Policy\"}]},{\"@type\":\"WebSite\",\"@id\":\"https:\\\/\\\/leipyoli.com\\\/en\\\/#website\",\"url\":\"https:\\\/\\\/leipyoli.com\\\/en\\\/\",\"name\":\"Leipy\u00f6lin tila\",\"description\":\"Maanviljely\u00e4, yl\u00e4maankarjaa ja maatilamatkaulua Salossa!\",\"publisher\":{\"@id\":\"https:\\\/\\\/leipyoli.com\\\/en\\\/#organization\"},\"potentialAction\":[{\"@type\":\"SearchAction\",\"target\":{\"@type\":\"EntryPoint\",\"urlTemplate\":\"https:\\\/\\\/leipyoli.com\\\/en\\\/?s={search_term_string}\"},\"query-input\":{\"@type\":\"PropertyValueSpecification\",\"valueRequired\":true,\"valueName\":\"search_term_string\"}}],\"inLanguage\":\"en-US\"},{\"@type\":\"Organization\",\"@id\":\"https:\\\/\\\/leipyoli.com\\\/en\\\/#organization\",\"name\":\"Leipy\u00f6lin tila\",\"url\":\"https:\\\/\\\/leipyoli.com\\\/en\\\/\",\"logo\":{\"@type\":\"ImageObject\",\"inLanguage\":\"en-US\",\"@id\":\"https:\\\/\\\/leipyoli.com\\\/en\\\/#\\\/schema\\\/logo\\\/image\\\/\",\"url\":\"https:\\\/\\\/leipyoli.com\\\/wp-content\\\/uploads\\\/2017\\\/11\\\/leipyoli-logo-nav.svg\",\"contentUrl\":\"https:\\\/\\\/leipyoli.com\\\/wp-content\\\/uploads\\\/2017\\\/11\\\/leipyoli-logo-nav.svg\",\"width\":1,\"height\":1,\"caption\":\"Leipy\u00f6lin tila\"},\"image\":{\"@id\":\"https:\\\/\\\/leipyoli.com\\\/en\\\/#\\\/schema\\\/logo\\\/image\\\/\"},\"sameAs\":[\"https:\\\/\\\/www.facebook.com\\\/leipyolintila\"]}]}<\/script>\n<!-- \/ Yoast SEO plugin. -->","yoast_head_json":{"title":"Leipy\u00f6lin tila - Privacy Policy","robots":{"index":"index","follow":"follow","max-snippet":"max-snippet:-1","max-image-preview":"max-image-preview:large","max-video-preview":"max-video-preview:-1"},"canonical":"https:\/\/leipyoli.com\/en\/privacy-policy\/","og_locale":"en_US","og_type":"article","og_title":"Leipy\u00f6lin tila - Privacy Policy","og_description":"Privacy Policy and Data Protection Statement This is the Privacy Policy and Data Protection Statement of Leipy\u00f6lin Tila and Maatilamatkailu Leipy\u00f6li, in accordance with the Finnish Personal Data Act (Sections 10 and 24) and the General Data Protection Regulation (GDPR) of the EU. Prepared on 23 May 2018. 1. Data Controller Leipy\u00f6lin tilaS\u00e4terikuja 3, 25500 ... Lue lis\u00e4\u00e4","og_url":"https:\/\/leipyoli.com\/en\/privacy-policy\/","og_site_name":"Leipy\u00f6lin tila","article_publisher":"https:\/\/www.facebook.com\/leipyolintila","article_modified_time":"2025-02-25T10:17:13+00:00","og_image":[{"width":1200,"height":630,"url":"https:\/\/leipyoli.com\/wp-content\/uploads\/2018\/03\/leipyolin_tila-FB.jpg","type":"image\/jpeg"}],"twitter_card":"summary_large_image","twitter_misc":{"Est. reading time":"3 minutes"},"schema":{"@context":"https:\/\/schema.org","@graph":[{"@type":"WebPage","@id":"https:\/\/leipyoli.com\/en\/privacy-policy\/","url":"https:\/\/leipyoli.com\/en\/privacy-policy\/","name":"Leipy\u00f6lin tila - Privacy Policy","isPartOf":{"@id":"https:\/\/leipyoli.com\/en\/#website"},"datePublished":"2018-05-24T17:21:08+00:00","dateModified":"2025-02-25T10:17:13+00:00","breadcrumb":{"@id":"https:\/\/leipyoli.com\/en\/privacy-policy\/#breadcrumb"},"inLanguage":"en-US","potentialAction":[{"@type":"ReadAction","target":["https:\/\/leipyoli.com\/en\/privacy-policy\/"]}]},{"@type":"BreadcrumbList","@id":"https:\/\/leipyoli.com\/en\/privacy-policy\/#breadcrumb","itemListElement":[{"@type":"ListItem","position":1,"name":"Home","item":"https:\/\/leipyoli.com\/en\/home\/"},{"@type":"ListItem","position":2,"name":"Privacy Policy"}]},{"@type":"WebSite","@id":"https:\/\/leipyoli.com\/en\/#website","url":"https:\/\/leipyoli.com\/en\/","name":"Leipy\u00f6lin tila","description":"Maanviljely\u00e4, yl\u00e4maankarjaa ja maatilamatkaulua Salossa!","publisher":{"@id":"https:\/\/leipyoli.com\/en\/#organization"},"potentialAction":[{"@type":"SearchAction","target":{"@type":"EntryPoint","urlTemplate":"https:\/\/leipyoli.com\/en\/?s={search_term_string}"},"query-input":{"@type":"PropertyValueSpecification","valueRequired":true,"valueName":"search_term_string"}}],"inLanguage":"en-US"},{"@type":"Organization","@id":"https:\/\/leipyoli.com\/en\/#organization","name":"Leipy\u00f6lin tila","url":"https:\/\/leipyoli.com\/en\/","logo":{"@type":"ImageObject","inLanguage":"en-US","@id":"https:\/\/leipyoli.com\/en\/#\/schema\/logo\/image\/","url":"https:\/\/leipyoli.com\/wp-content\/uploads\/2017\/11\/leipyoli-logo-nav.svg","contentUrl":"https:\/\/leipyoli.com\/wp-content\/uploads\/2017\/11\/leipyoli-logo-nav.svg","width":1,"height":1,"caption":"Leipy\u00f6lin tila"},"image":{"@id":"https:\/\/leipyoli.com\/en\/#\/schema\/logo\/image\/"},"sameAs":["https:\/\/www.facebook.com\/leipyolintila"]}]}},"_links":{"self":[{"href":"https:\/\/leipyoli.com\/en\/wp-json\/wp\/v2\/pages\/1879","targetHints":{"allow":["GET"]}}],"collection":[{"href":"https:\/\/leipyoli.com\/en\/wp-json\/wp\/v2\/pages"}],"about":[{"href":"https:\/\/leipyoli.com\/en\/wp-json\/wp\/v2\/types\/page"}],"author":[{"embeddable":true,"href":"https:\/\/leipyoli.com\/en\/wp-json\/wp\/v2\/users\/1"}],"replies":[{"embeddable":true,"href":"https:\/\/leipyoli.com\/en\/wp-json\/wp\/v2\/comments?post=1879"}],"version-history":[{"count":3,"href":"https:\/\/leipyoli.com\/en\/wp-json\/wp\/v2\/pages\/1879\/revisions"}],"predecessor-version":[{"id":1902,"href":"https:\/\/leipyoli.com\/en\/wp-json\/wp\/v2\/pages\/1879\/revisions\/1902"}],"wp:attachment":[{"href":"https:\/\/leipyoli.com\/en\/wp-json\/wp\/v2\/media?parent=1879"}],"curies":[{"name":"wp","href":"https:\/\/api.w.org\/{rel}","templated":true}]}}