{"id":1687,"date":"2017-11-23T13:56:17","date_gmt":"2017-11-23T11:56:17","guid":{"rendered":"https:\/\/leipyoli.com\/historia\/"},"modified":"2025-02-20T19:57:17","modified_gmt":"2025-02-20T17:57:17","slug":"historia","status":"publish","type":"page","link":"https:\/\/leipyoli.com\/sv\/garden\/historia\/","title":{"rendered":"Historia"},"content":{"rendered":"\t\t<div data-elementor-type=\"wp-post\" data-elementor-id=\"1687\" class=\"elementor elementor-1687 elementor-591 elementor-bc-flex-widget\" data-elementor-post-type=\"page\">\n\t\t\t\t\t\t<section class=\"elementor-section elementor-top-section elementor-element elementor-element-31292c5 elementor-section-height-min-height elementor-section-boxed elementor-section-height-default elementor-section-items-middle\" data-id=\"31292c5\" data-element_type=\"section\" data-e-type=\"section\" data-settings=\"{&quot;background_background&quot;:&quot;classic&quot;}\">\n\t\t\t\t\t\t\t<div class=\"elementor-background-overlay\"><\/div>\n\t\t\t\t\t\t\t<div class=\"elementor-container elementor-column-gap-default\">\n\t\t\t\t\t<div class=\"elementor-column elementor-col-100 elementor-top-column elementor-element elementor-element-4ae5e5a1\" data-id=\"4ae5e5a1\" data-element_type=\"column\" data-e-type=\"column\">\n\t\t\t<div class=\"elementor-widget-wrap elementor-element-populated\">\n\t\t\t\t\t\t<div class=\"elementor-element elementor-element-40a9e5fc elementor-widget elementor-widget-heading\" data-id=\"40a9e5fc\" data-element_type=\"widget\" data-e-type=\"widget\" data-widget_type=\"heading.default\">\n\t\t\t\t<div class=\"elementor-widget-container\">\n\t\t\t\t\t<h1 class=\"elementor-heading-title elementor-size-default\">Bitar ur Leipy\u00f6lis historia<\/h1>\t\t\t\t<\/div>\n\t\t\t\t<\/div>\n\t\t\t\t\t<\/div>\n\t\t<\/div>\n\t\t\t\t\t<\/div>\n\t\t<\/section>\n\t\t\t\t<section class=\"elementor-section elementor-top-section elementor-element elementor-element-22e13a81 elementor-section-boxed elementor-section-height-default elementor-section-height-default\" data-id=\"22e13a81\" data-element_type=\"section\" data-e-type=\"section\">\n\t\t\t\t\t\t<div class=\"elementor-container elementor-column-gap-default\">\n\t\t\t\t\t<div class=\"elementor-column elementor-col-100 elementor-top-column elementor-element elementor-element-424be22\" data-id=\"424be22\" data-element_type=\"column\" data-e-type=\"column\">\n\t\t\t<div class=\"elementor-widget-wrap elementor-element-populated\">\n\t\t\t\t\t\t<div class=\"elementor-element elementor-element-188cd438 elementor-widget elementor-widget-spacer\" data-id=\"188cd438\" data-element_type=\"widget\" data-e-type=\"widget\" data-widget_type=\"spacer.default\">\n\t\t\t\t<div class=\"elementor-widget-container\">\n\t\t\t\t\t\t\t<div class=\"elementor-spacer\">\n\t\t\t<div class=\"elementor-spacer-inner\"><\/div>\n\t\t<\/div>\n\t\t\t\t\t\t<\/div>\n\t\t\t\t<\/div>\n\t\t\t\t<div class=\"elementor-element elementor-element-7cfb1c5 elementor-widget elementor-widget-spacer\" data-id=\"7cfb1c5\" data-element_type=\"widget\" data-e-type=\"widget\" data-widget_type=\"spacer.default\">\n\t\t\t\t<div class=\"elementor-widget-container\">\n\t\t\t\t\t\t\t<div class=\"elementor-spacer\">\n\t\t\t<div class=\"elementor-spacer-inner\"><\/div>\n\t\t<\/div>\n\t\t\t\t\t\t<\/div>\n\t\t\t\t<\/div>\n\t\t\t\t<div class=\"elementor-element elementor-element-4faa2f4d elementor-widget elementor-widget-heading\" data-id=\"4faa2f4d\" data-element_type=\"widget\" data-e-type=\"widget\" data-widget_type=\"heading.default\">\n\t\t\t\t<div class=\"elementor-widget-container\">\n\t\t\t\t\t<h2 class=\"elementor-heading-title elementor-size-default\">Tidiga omn\u00e4mnanden av Leipy\u00f6lis \u00e4gare<\/h2>\t\t\t\t<\/div>\n\t\t\t\t<\/div>\n\t\t\t\t<div class=\"elementor-element elementor-element-7fc13231 elementor-widget elementor-widget-text-editor\" data-id=\"7fc13231\" data-element_type=\"widget\" data-e-type=\"widget\" data-widget_type=\"text-editor.default\">\n\t\t\t\t<div class=\"elementor-widget-container\">\n\t\t\t\t\t\t\t\t\t<p><span style=\"font-weight: 400;\">De tidigaste omn\u00e4mnandena av Leipy\u00f6lis \u00e4gare g\u00e5r tillbaka till 1426, d\u00e5 Nils Person och hans mor Margit k\u00f6pte g\u00e5rden. S\u00e4ljaren var Nils Karvalas hustru, som beh\u00f6ll en pension i aff\u00e4ren. Det \u00e4r troligt att det var fr\u00e5ga om adliga familjer, eftersom adeln senare avstod fr\u00e5n Leipy\u00f6li.   <\/span><\/p><p><span style=\"font-weight: 400;\">Cirka 130 \u00e5r senare, \u00e5r 1559, bytte Hertig Johan (senare Kung Johan III av Sverige) Huhti- och Lemu-g\u00e5rdarna mot Pyh\u00e4joki- och Leipy\u00f6li-g\u00e5rdarna i ett avtal med M\u00e4rta Gregersdotter, \u00e4nkan efter Olof J\u00f6ransson Sv\u00e4rd. M\u00e4rta tillh\u00f6rde adelsfamiljen Horn af Kanckas. Genom detta byte blev Leipy\u00f6li en kronog\u00e5rd.   <\/span><\/p><p><span style=\"font-weight: 400;\">G\u00e5rden brukades av landbor (arrendeb\u00f6nder). Finlands &#8221;gamla riksv\u00e4g 1&#8221;, \u00e4ven kallad Kungsv\u00e4gen, gick genom Leipy\u00f6lis marker och fortsatte \u00f6ver floden till marknadsplatsen N\u00e4si Muntolanniemi, d\u00e4r ett kungligt s\u00e4teri byggdes i slutet av 1500-talet. Under en tid fungerade Leipy\u00f6li \u00e4ven som bostad f\u00f6r f\u00f6rvaltaren av kungsg\u00e5rden.  <\/span><\/p><p><span style=\"font-weight: 400;\">Leipy\u00f6li f\u00f6rblev en kronog\u00e5rd fram till 1741, d\u00e5 I. Ulner k\u00f6pte augmentg\u00e5rden L\u00f6fb\u00f6le som \u00e4rftlig egendom. Ulner-familjen var en v\u00e4lb\u00e4rgad familj av statsm\u00e4n och pr\u00e4ster. Senare under \u00e5rhundradet drevs g\u00e5rden av Jakob Hjort, som omn\u00e4mns som rusth\u00e5llare (en storbonde med milit\u00e4ra f\u00f6rpliktelser) och var involverad i kyrkliga angel\u00e4genheter. Hjort-familjen hade fortsatt inflytande i Perni\u00f6 p\u00e5 1850-talet, s\u00e4rskilt genom kyrkoherden K.A. Hjort. I b\u00f6rjan av 1800-talet brukades g\u00e5rden av arrendatorn Juho, och i skattedokumenten uppgavs g\u00e5rdens beskattningsbara egendom vara 666 riksdaler.      <\/span><\/p>\t\t\t\t\t\t\t\t<\/div>\n\t\t\t\t<\/div>\n\t\t\t\t\t<\/div>\n\t\t<\/div>\n\t\t\t\t\t<\/div>\n\t\t<\/section>\n\t\t\t\t<section class=\"elementor-section elementor-top-section elementor-element elementor-element-1f05133f elementor-section-boxed elementor-section-height-default elementor-section-height-default\" data-id=\"1f05133f\" data-element_type=\"section\" data-e-type=\"section\" data-settings=\"{&quot;background_background&quot;:&quot;classic&quot;}\">\n\t\t\t\t\t\t<div class=\"elementor-container elementor-column-gap-default\">\n\t\t\t\t\t<div class=\"elementor-column elementor-col-100 elementor-top-column elementor-element elementor-element-5ae61137\" data-id=\"5ae61137\" data-element_type=\"column\" data-e-type=\"column\" data-settings=\"{&quot;background_background&quot;:&quot;classic&quot;}\">\n\t\t\t<div class=\"elementor-widget-wrap elementor-element-populated\">\n\t\t\t\t\t<div class=\"elementor-background-overlay\"><\/div>\n\t\t\t\t\t\t<div class=\"elementor-element elementor-element-56b988d1 elementor-view-stacked elementor-shape-circle elementor-widget elementor-widget-icon\" data-id=\"56b988d1\" data-element_type=\"widget\" data-e-type=\"widget\" data-widget_type=\"icon.default\">\n\t\t\t\t<div class=\"elementor-widget-container\">\n\t\t\t\t\t\t\t<div class=\"elementor-icon-wrapper\">\n\t\t\t<div class=\"elementor-icon\">\n\t\t\t\t\t\t\t<i class=\"fa fa-info\" aria-hidden=\"true\"><\/i>\n\t\t\t\t\t\t<\/div>\n\t\t<\/div>\n\t\t\t\t\t\t<\/div>\n\t\t\t\t<\/div>\n\t\t\t\t<div class=\"elementor-element elementor-element-4d71eac8 elementor-widget elementor-widget-heading\" data-id=\"4d71eac8\" data-element_type=\"widget\" data-e-type=\"widget\" data-widget_type=\"heading.default\">\n\t\t\t\t<div class=\"elementor-widget-container\">\n\t\t\t\t\t<h2 class=\"elementor-heading-title elementor-size-default\">Sommarfester<\/h2>\t\t\t\t<\/div>\n\t\t\t\t<\/div>\n\t\t\t\t<div class=\"elementor-element elementor-element-31954a39 elementor-widget elementor-widget-text-editor\" data-id=\"31954a39\" data-element_type=\"widget\" data-e-type=\"widget\" data-widget_type=\"text-editor.default\">\n\t\t\t\t<div class=\"elementor-widget-container\">\n\t\t\t\t\t\t\t\t\t<p><span style=\"font-weight: 400;\">Under denna tid anordnade l\u00e4nsman Moberg st\u00e5tliga sommarfester i Leipy\u00f6lis tr\u00e4dg\u00e5rd, d\u00e4r h\u00f6gt uppsatta g\u00e4ster fr\u00e5n \u00c5bo och Helsingfors deltog. G\u00e4sterna m\u00f6ttes vid j\u00e4rnv\u00e4gsstationen av en h\u00e4stkaravan, som transporterade dem till Leipy\u00f6li. <\/span><\/p>\t\t\t\t\t\t\t\t<\/div>\n\t\t\t\t<\/div>\n\t\t\t\t\t<\/div>\n\t\t<\/div>\n\t\t\t\t\t<\/div>\n\t\t<\/section>\n\t\t\t\t<section class=\"elementor-section elementor-top-section elementor-element elementor-element-65e511e4 elementor-section-boxed elementor-section-height-default elementor-section-height-default\" data-id=\"65e511e4\" data-element_type=\"section\" data-e-type=\"section\">\n\t\t\t\t\t\t<div class=\"elementor-container elementor-column-gap-default\">\n\t\t\t\t\t<div class=\"elementor-column elementor-col-100 elementor-top-column elementor-element elementor-element-2173407e\" data-id=\"2173407e\" data-element_type=\"column\" data-e-type=\"column\">\n\t\t\t<div class=\"elementor-widget-wrap elementor-element-populated\">\n\t\t\t\t\t\t<div class=\"elementor-element elementor-element-425e7840 elementor-widget elementor-widget-spacer\" data-id=\"425e7840\" data-element_type=\"widget\" data-e-type=\"widget\" data-widget_type=\"spacer.default\">\n\t\t\t\t<div class=\"elementor-widget-container\">\n\t\t\t\t\t\t\t<div class=\"elementor-spacer\">\n\t\t\t<div class=\"elementor-spacer-inner\"><\/div>\n\t\t<\/div>\n\t\t\t\t\t\t<\/div>\n\t\t\t\t<\/div>\n\t\t\t\t<div class=\"elementor-element elementor-element-3b1e1000 elementor-widget elementor-widget-heading\" data-id=\"3b1e1000\" data-element_type=\"widget\" data-e-type=\"widget\" data-widget_type=\"heading.default\">\n\t\t\t\t<div class=\"elementor-widget-container\">\n\t\t\t\t\t<h2 class=\"elementor-heading-title elementor-size-default\">1800-talet <\/h2>\t\t\t\t<\/div>\n\t\t\t\t<\/div>\n\t\t\t\t<div class=\"elementor-element elementor-element-3cec824a elementor-widget elementor-widget-text-editor\" data-id=\"3cec824a\" data-element_type=\"widget\" data-e-type=\"widget\" data-widget_type=\"text-editor.default\">\n\t\t\t\t<div class=\"elementor-widget-container\">\n\t\t\t\t\t\t\t\t\t<p><span style=\"font-weight: 400;\">Under 1800-talet \u00e4gdes Leipy\u00f6li av Martin-familjen, och genom gifterm\u00e5l \u00f6vergick g\u00e5rden till Johan Bostr\u00f6m fr\u00e5n Koski i Perni\u00f6. I mitten av seklet \u00f6vergick \u00e4gandet genom \u00e4ktenskapsallianser till Lagerstr\u00f6m-familjen. Senare anv\u00e4ndes g\u00e5rden en tid som handelsg\u00e5rd, innan l\u00e4nsman Joel Moberg tog \u00f6ver den kring sekelskiftet 1900. Moberg l\u00e4t bygga en ny flygel p\u00e5 huvudbyggnaden, d\u00e4r bland annat h\u00e4radsh\u00f6vdingens kansli l\u00e5g.  <\/span><\/p>\t\t\t\t\t\t\t\t<\/div>\n\t\t\t\t<\/div>\n\t\t\t\t\t<\/div>\n\t\t<\/div>\n\t\t\t\t\t<\/div>\n\t\t<\/section>\n\t\t\t\t<section class=\"elementor-section elementor-top-section elementor-element elementor-element-1e003a15 elementor-section-boxed elementor-section-height-default elementor-section-height-default\" data-id=\"1e003a15\" data-element_type=\"section\" data-e-type=\"section\">\n\t\t\t\t\t\t<div class=\"elementor-container elementor-column-gap-default\">\n\t\t\t\t\t<div class=\"elementor-column elementor-col-100 elementor-top-column elementor-element elementor-element-5c42039a\" data-id=\"5c42039a\" data-element_type=\"column\" data-e-type=\"column\">\n\t\t\t<div class=\"elementor-widget-wrap elementor-element-populated\">\n\t\t\t\t\t\t<div class=\"elementor-element elementor-element-1da6df1f elementor-widget-divider--view-line elementor-widget elementor-widget-divider\" data-id=\"1da6df1f\" data-element_type=\"widget\" data-e-type=\"widget\" data-widget_type=\"divider.default\">\n\t\t\t\t<div class=\"elementor-widget-container\">\n\t\t\t\t\t\t\t<div class=\"elementor-divider\">\n\t\t\t<span class=\"elementor-divider-separator\">\n\t\t\t\t\t\t<\/span>\n\t\t<\/div>\n\t\t\t\t\t\t<\/div>\n\t\t\t\t<\/div>\n\t\t\t\t<div class=\"elementor-element elementor-element-7495472b elementor-widget elementor-widget-spacer\" data-id=\"7495472b\" data-element_type=\"widget\" data-e-type=\"widget\" data-widget_type=\"spacer.default\">\n\t\t\t\t<div class=\"elementor-widget-container\">\n\t\t\t\t\t\t\t<div class=\"elementor-spacer\">\n\t\t\t<div class=\"elementor-spacer-inner\"><\/div>\n\t\t<\/div>\n\t\t\t\t\t\t<\/div>\n\t\t\t\t<\/div>\n\t\t\t\t<div class=\"elementor-element elementor-element-6eda35fb elementor-widget elementor-widget-heading\" data-id=\"6eda35fb\" data-element_type=\"widget\" data-e-type=\"widget\" data-widget_type=\"heading.default\">\n\t\t\t\t<div class=\"elementor-widget-container\">\n\t\t\t\t\t<h2 class=\"elementor-heading-title elementor-size-default\">Fr\u00e5n 1900-talet till nutid<\/h2>\t\t\t\t<\/div>\n\t\t\t\t<\/div>\n\t\t\t\t<div class=\"elementor-element elementor-element-204d6c24 elementor-widget elementor-widget-text-editor\" data-id=\"204d6c24\" data-element_type=\"widget\" data-e-type=\"widget\" data-widget_type=\"text-editor.default\">\n\t\t\t\t<div class=\"elementor-widget-container\">\n\t\t\t\t\t\t\t\t\t<p><span style=\"font-weight: 400;\">Efter Moberg tog Flemming-familjen \u00f6ver g\u00e5rden, tills Lauri och Elvi Pelttari blev \u00e4gare \u00e5r 1922. Tio \u00e5r senare k\u00f6ptes g\u00e5rden av Kaarlo och Maire Sarin. Genom Maire \u00e5tergick g\u00e5rden till Bostr\u00f6m-Lagerstr\u00f6m-familjen. Efter Kaarlo Sarins d\u00f6d 1962 \u00f6vertog hans bror Oiva jordbruket. \u00c5r 1989 k\u00f6pte Leila (Maires brorsdotter) och Teuvo R\u00e4s\u00e4nen g\u00e5rden. \u00c5r 2017 skedde ett generationsskifte, och Antti-Jussi R\u00e4s\u00e4nen (\u00e4ldsta sonen till Leila och Teuvo) samt hans fru Jenni R\u00e4s\u00e4nen driver nu verksamheten vidare.     <\/span><\/p>\t\t\t\t\t\t\t\t<\/div>\n\t\t\t\t<\/div>\n\t\t\t\t\t<\/div>\n\t\t<\/div>\n\t\t\t\t\t<\/div>\n\t\t<\/section>\n\t\t\t\t<section class=\"elementor-section elementor-top-section elementor-element elementor-element-2112ccda elementor-section-boxed elementor-section-height-default elementor-section-height-default\" data-id=\"2112ccda\" data-element_type=\"section\" data-e-type=\"section\">\n\t\t\t\t\t\t<div class=\"elementor-container elementor-column-gap-default\">\n\t\t\t\t\t<div class=\"elementor-column elementor-col-100 elementor-top-column elementor-element elementor-element-2727e93b\" data-id=\"2727e93b\" data-element_type=\"column\" data-e-type=\"column\">\n\t\t\t<div class=\"elementor-widget-wrap elementor-element-populated\">\n\t\t\t\t\t\t<div class=\"elementor-element elementor-element-60f75220 elementor-widget elementor-widget-spacer\" data-id=\"60f75220\" data-element_type=\"widget\" data-e-type=\"widget\" data-widget_type=\"spacer.default\">\n\t\t\t\t<div class=\"elementor-widget-container\">\n\t\t\t\t\t\t\t<div class=\"elementor-spacer\">\n\t\t\t<div class=\"elementor-spacer-inner\"><\/div>\n\t\t<\/div>\n\t\t\t\t\t\t<\/div>\n\t\t\t\t<\/div>\n\t\t\t\t\t<\/div>\n\t\t<\/div>\n\t\t\t\t\t<\/div>\n\t\t<\/section>\n\t\t\t\t<\/div>\n\t\t","protected":false},"excerpt":{"rendered":"<p>Bitar ur Leipy\u00f6lis historia Tidiga omn\u00e4mnanden av Leipy\u00f6lis \u00e4gare De tidigaste omn\u00e4mnandena av Leipy\u00f6lis \u00e4gare g\u00e5r tillbaka till 1426, d\u00e5 Nils Person och hans mor Margit k\u00f6pte g\u00e5rden. S\u00e4ljaren var Nils Karvalas hustru, som beh\u00f6ll en pension i aff\u00e4ren. Det \u00e4r troligt att det var fr\u00e5ga om adliga familjer, eftersom adeln senare avstod fr\u00e5n Leipy\u00f6li. &#8230; <\/p>\n<p class=\"read-more-container\"><a title=\"Historia\" class=\"read-more button\" href=\"https:\/\/leipyoli.com\/sv\/garden\/historia\/#more-1687\" aria-label=\"L\u00e4s mer om Historia\">Lue lis\u00e4\u00e4<\/a><\/p>\n","protected":false},"author":1,"featured_media":0,"parent":1722,"menu_order":0,"comment_status":"closed","ping_status":"closed","template":"","meta":{"inline_featured_image":false,"footnotes":""},"class_list":["post-1687","page","type-page","status-publish"],"yoast_head":"<!-- This site is optimized with the Yoast SEO plugin v27.5 - https:\/\/yoast.com\/product\/yoast-seo-wordpress\/ -->\n<title>Leipy\u00f6lin tila - Historia<\/title>\n<meta name=\"description\" content=\"De tidigaste omn\u00e4mnandena av Leipy\u00f6lis \u00e4gare g\u00e5r tillbaka till 1426, d\u00e5 Nils Person och hans mor Margit k\u00f6pte g\u00e5rden. S\u00e4ljaren var Nils Karvalas hustru, som beh\u00f6ll en pension i aff\u00e4ren. Det \u00e4r troligt att det var fr\u00e5ga om adliga familjer, eftersom adeln senare avstod fr\u00e5n Leipy\u00f6li.\" \/>\n<meta name=\"robots\" content=\"index, follow, max-snippet:-1, max-image-preview:large, max-video-preview:-1\" \/>\n<link rel=\"canonical\" href=\"https:\/\/leipyoli.com\/sv\/garden\/historia\/\" \/>\n<meta property=\"og:locale\" content=\"sv_SE\" \/>\n<meta property=\"og:type\" content=\"article\" \/>\n<meta property=\"og:title\" content=\"Leipy\u00f6lin tila - Historia\" \/>\n<meta property=\"og:description\" content=\"De tidigaste omn\u00e4mnandena av Leipy\u00f6lis \u00e4gare g\u00e5r tillbaka till 1426, d\u00e5 Nils Person och hans mor Margit k\u00f6pte g\u00e5rden. S\u00e4ljaren var Nils Karvalas hustru, som beh\u00f6ll en pension i aff\u00e4ren. Det \u00e4r troligt att det var fr\u00e5ga om adliga familjer, eftersom adeln senare avstod fr\u00e5n Leipy\u00f6li.\" \/>\n<meta property=\"og:url\" content=\"https:\/\/leipyoli.com\/sv\/garden\/historia\/\" \/>\n<meta property=\"og:site_name\" content=\"Leipy\u00f6lin tila\" \/>\n<meta property=\"article:publisher\" content=\"https:\/\/www.facebook.com\/leipyolintila\" \/>\n<meta property=\"article:modified_time\" content=\"2025-02-20T17:57:17+00:00\" \/>\n<meta property=\"og:image\" content=\"https:\/\/leipyoli.com\/wp-content\/uploads\/2018\/03\/leipyolin_tila-FB.jpg\" \/>\n\t<meta property=\"og:image:width\" content=\"1200\" \/>\n\t<meta property=\"og:image:height\" content=\"630\" \/>\n\t<meta property=\"og:image:type\" content=\"image\/jpeg\" \/>\n<meta name=\"twitter:card\" content=\"summary_large_image\" \/>\n<meta name=\"twitter:label1\" content=\"Ber\u00e4knad l\u00e4stid\" \/>\n\t<meta name=\"twitter:data1\" content=\"2 minuter\" \/>\n<script type=\"application\/ld+json\" class=\"yoast-schema-graph\">{\"@context\":\"https:\\\/\\\/schema.org\",\"@graph\":[{\"@type\":\"WebPage\",\"@id\":\"https:\\\/\\\/leipyoli.com\\\/sv\\\/garden\\\/historia\\\/\",\"url\":\"https:\\\/\\\/leipyoli.com\\\/sv\\\/garden\\\/historia\\\/\",\"name\":\"Leipy\u00f6lin tila - Historia\",\"isPartOf\":{\"@id\":\"https:\\\/\\\/leipyoli.com\\\/sv\\\/#website\"},\"datePublished\":\"2017-11-23T11:56:17+00:00\",\"dateModified\":\"2025-02-20T17:57:17+00:00\",\"description\":\"De tidigaste omn\u00e4mnandena av Leipy\u00f6lis \u00e4gare g\u00e5r tillbaka till 1426, d\u00e5 Nils Person och hans mor Margit k\u00f6pte g\u00e5rden. S\u00e4ljaren var Nils Karvalas hustru, som beh\u00f6ll en pension i aff\u00e4ren. Det \u00e4r troligt att det var fr\u00e5ga om adliga familjer, eftersom adeln senare avstod fr\u00e5n Leipy\u00f6li.\",\"breadcrumb\":{\"@id\":\"https:\\\/\\\/leipyoli.com\\\/sv\\\/garden\\\/historia\\\/#breadcrumb\"},\"inLanguage\":\"sv-SE\",\"potentialAction\":[{\"@type\":\"ReadAction\",\"target\":[\"https:\\\/\\\/leipyoli.com\\\/sv\\\/garden\\\/historia\\\/\"]}]},{\"@type\":\"BreadcrumbList\",\"@id\":\"https:\\\/\\\/leipyoli.com\\\/sv\\\/garden\\\/historia\\\/#breadcrumb\",\"itemListElement\":[{\"@type\":\"ListItem\",\"position\":1,\"name\":\"Home\",\"item\":\"https:\\\/\\\/leipyoli.com\\\/sv\\\/startsida\\\/\"},{\"@type\":\"ListItem\",\"position\":2,\"name\":\"Historia\"}]},{\"@type\":\"WebSite\",\"@id\":\"https:\\\/\\\/leipyoli.com\\\/sv\\\/#website\",\"url\":\"https:\\\/\\\/leipyoli.com\\\/sv\\\/\",\"name\":\"Leipy\u00f6lin tila\",\"description\":\"Maanviljely\u00e4, yl\u00e4maankarjaa ja maatilamatkaulua Salossa!\",\"publisher\":{\"@id\":\"https:\\\/\\\/leipyoli.com\\\/sv\\\/#organization\"},\"potentialAction\":[{\"@type\":\"SearchAction\",\"target\":{\"@type\":\"EntryPoint\",\"urlTemplate\":\"https:\\\/\\\/leipyoli.com\\\/sv\\\/?s={search_term_string}\"},\"query-input\":{\"@type\":\"PropertyValueSpecification\",\"valueRequired\":true,\"valueName\":\"search_term_string\"}}],\"inLanguage\":\"sv-SE\"},{\"@type\":\"Organization\",\"@id\":\"https:\\\/\\\/leipyoli.com\\\/sv\\\/#organization\",\"name\":\"Leipy\u00f6lin tila\",\"url\":\"https:\\\/\\\/leipyoli.com\\\/sv\\\/\",\"logo\":{\"@type\":\"ImageObject\",\"inLanguage\":\"sv-SE\",\"@id\":\"https:\\\/\\\/leipyoli.com\\\/sv\\\/#\\\/schema\\\/logo\\\/image\\\/\",\"url\":\"https:\\\/\\\/leipyoli.com\\\/wp-content\\\/uploads\\\/2017\\\/11\\\/leipyoli-logo-nav.svg\",\"contentUrl\":\"https:\\\/\\\/leipyoli.com\\\/wp-content\\\/uploads\\\/2017\\\/11\\\/leipyoli-logo-nav.svg\",\"width\":1,\"height\":1,\"caption\":\"Leipy\u00f6lin tila\"},\"image\":{\"@id\":\"https:\\\/\\\/leipyoli.com\\\/sv\\\/#\\\/schema\\\/logo\\\/image\\\/\"},\"sameAs\":[\"https:\\\/\\\/www.facebook.com\\\/leipyolintila\"]}]}<\/script>\n<!-- \/ Yoast SEO plugin. -->","yoast_head_json":{"title":"Leipy\u00f6lin tila - Historia","description":"De tidigaste omn\u00e4mnandena av Leipy\u00f6lis \u00e4gare g\u00e5r tillbaka till 1426, d\u00e5 Nils Person och hans mor Margit k\u00f6pte g\u00e5rden. S\u00e4ljaren var Nils Karvalas hustru, som beh\u00f6ll en pension i aff\u00e4ren. Det \u00e4r troligt att det var fr\u00e5ga om adliga familjer, eftersom adeln senare avstod fr\u00e5n Leipy\u00f6li.","robots":{"index":"index","follow":"follow","max-snippet":"max-snippet:-1","max-image-preview":"max-image-preview:large","max-video-preview":"max-video-preview:-1"},"canonical":"https:\/\/leipyoli.com\/sv\/garden\/historia\/","og_locale":"sv_SE","og_type":"article","og_title":"Leipy\u00f6lin tila - Historia","og_description":"De tidigaste omn\u00e4mnandena av Leipy\u00f6lis \u00e4gare g\u00e5r tillbaka till 1426, d\u00e5 Nils Person och hans mor Margit k\u00f6pte g\u00e5rden. S\u00e4ljaren var Nils Karvalas hustru, som beh\u00f6ll en pension i aff\u00e4ren. Det \u00e4r troligt att det var fr\u00e5ga om adliga familjer, eftersom adeln senare avstod fr\u00e5n Leipy\u00f6li.","og_url":"https:\/\/leipyoli.com\/sv\/garden\/historia\/","og_site_name":"Leipy\u00f6lin tila","article_publisher":"https:\/\/www.facebook.com\/leipyolintila","article_modified_time":"2025-02-20T17:57:17+00:00","og_image":[{"width":1200,"height":630,"url":"https:\/\/leipyoli.com\/wp-content\/uploads\/2018\/03\/leipyolin_tila-FB.jpg","type":"image\/jpeg"}],"twitter_card":"summary_large_image","twitter_misc":{"Ber\u00e4knad l\u00e4stid":"2 minuter"},"schema":{"@context":"https:\/\/schema.org","@graph":[{"@type":"WebPage","@id":"https:\/\/leipyoli.com\/sv\/garden\/historia\/","url":"https:\/\/leipyoli.com\/sv\/garden\/historia\/","name":"Leipy\u00f6lin tila - Historia","isPartOf":{"@id":"https:\/\/leipyoli.com\/sv\/#website"},"datePublished":"2017-11-23T11:56:17+00:00","dateModified":"2025-02-20T17:57:17+00:00","description":"De tidigaste omn\u00e4mnandena av Leipy\u00f6lis \u00e4gare g\u00e5r tillbaka till 1426, d\u00e5 Nils Person och hans mor Margit k\u00f6pte g\u00e5rden. S\u00e4ljaren var Nils Karvalas hustru, som beh\u00f6ll en pension i aff\u00e4ren. Det \u00e4r troligt att det var fr\u00e5ga om adliga familjer, eftersom adeln senare avstod fr\u00e5n Leipy\u00f6li.","breadcrumb":{"@id":"https:\/\/leipyoli.com\/sv\/garden\/historia\/#breadcrumb"},"inLanguage":"sv-SE","potentialAction":[{"@type":"ReadAction","target":["https:\/\/leipyoli.com\/sv\/garden\/historia\/"]}]},{"@type":"BreadcrumbList","@id":"https:\/\/leipyoli.com\/sv\/garden\/historia\/#breadcrumb","itemListElement":[{"@type":"ListItem","position":1,"name":"Home","item":"https:\/\/leipyoli.com\/sv\/startsida\/"},{"@type":"ListItem","position":2,"name":"Historia"}]},{"@type":"WebSite","@id":"https:\/\/leipyoli.com\/sv\/#website","url":"https:\/\/leipyoli.com\/sv\/","name":"Leipy\u00f6lin tila","description":"Maanviljely\u00e4, yl\u00e4maankarjaa ja maatilamatkaulua Salossa!","publisher":{"@id":"https:\/\/leipyoli.com\/sv\/#organization"},"potentialAction":[{"@type":"SearchAction","target":{"@type":"EntryPoint","urlTemplate":"https:\/\/leipyoli.com\/sv\/?s={search_term_string}"},"query-input":{"@type":"PropertyValueSpecification","valueRequired":true,"valueName":"search_term_string"}}],"inLanguage":"sv-SE"},{"@type":"Organization","@id":"https:\/\/leipyoli.com\/sv\/#organization","name":"Leipy\u00f6lin tila","url":"https:\/\/leipyoli.com\/sv\/","logo":{"@type":"ImageObject","inLanguage":"sv-SE","@id":"https:\/\/leipyoli.com\/sv\/#\/schema\/logo\/image\/","url":"https:\/\/leipyoli.com\/wp-content\/uploads\/2017\/11\/leipyoli-logo-nav.svg","contentUrl":"https:\/\/leipyoli.com\/wp-content\/uploads\/2017\/11\/leipyoli-logo-nav.svg","width":1,"height":1,"caption":"Leipy\u00f6lin tila"},"image":{"@id":"https:\/\/leipyoli.com\/sv\/#\/schema\/logo\/image\/"},"sameAs":["https:\/\/www.facebook.com\/leipyolintila"]}]}},"_links":{"self":[{"href":"https:\/\/leipyoli.com\/sv\/wp-json\/wp\/v2\/pages\/1687","targetHints":{"allow":["GET"]}}],"collection":[{"href":"https:\/\/leipyoli.com\/sv\/wp-json\/wp\/v2\/pages"}],"about":[{"href":"https:\/\/leipyoli.com\/sv\/wp-json\/wp\/v2\/types\/page"}],"author":[{"embeddable":true,"href":"https:\/\/leipyoli.com\/sv\/wp-json\/wp\/v2\/users\/1"}],"replies":[{"embeddable":true,"href":"https:\/\/leipyoli.com\/sv\/wp-json\/wp\/v2\/comments?post=1687"}],"version-history":[{"count":1,"href":"https:\/\/leipyoli.com\/sv\/wp-json\/wp\/v2\/pages\/1687\/revisions"}],"predecessor-version":[{"id":1689,"href":"https:\/\/leipyoli.com\/sv\/wp-json\/wp\/v2\/pages\/1687\/revisions\/1689"}],"up":[{"embeddable":true,"href":"https:\/\/leipyoli.com\/sv\/wp-json\/wp\/v2\/pages\/1722"}],"wp:attachment":[{"href":"https:\/\/leipyoli.com\/sv\/wp-json\/wp\/v2\/media?parent=1687"}],"curies":[{"name":"wp","href":"https:\/\/api.w.org\/{rel}","templated":true}]}}