{"id":1722,"date":"2017-11-20T15:11:54","date_gmt":"2017-11-20T13:11:54","guid":{"rendered":"https:\/\/leipyoli.com\/garden\/"},"modified":"2025-02-20T19:54:45","modified_gmt":"2025-02-20T17:54:45","slug":"garden","status":"publish","type":"page","link":"https:\/\/leipyoli.com\/sv\/garden\/","title":{"rendered":"G\u00e5rden"},"content":{"rendered":"\t\t<div data-elementor-type=\"wp-post\" data-elementor-id=\"1722\" class=\"elementor elementor-1722 elementor-117\" data-elementor-post-type=\"page\">\n\t\t\t\t\t\t<section class=\"elementor-section elementor-top-section elementor-element elementor-element-529a362 elementor-section-height-min-height elementor-section-boxed elementor-section-height-default elementor-section-items-middle\" data-id=\"529a362\" data-element_type=\"section\" data-e-type=\"section\" data-settings=\"{&quot;background_background&quot;:&quot;classic&quot;}\">\n\t\t\t\t\t\t\t<div class=\"elementor-background-overlay\"><\/div>\n\t\t\t\t\t\t\t<div class=\"elementor-container elementor-column-gap-default\">\n\t\t\t\t\t<div class=\"elementor-column elementor-col-100 elementor-top-column elementor-element elementor-element-5d5ffc4\" data-id=\"5d5ffc4\" data-element_type=\"column\" data-e-type=\"column\">\n\t\t\t<div class=\"elementor-widget-wrap elementor-element-populated\">\n\t\t\t\t\t\t<div class=\"elementor-element elementor-element-8c4b2f1 elementor-widget elementor-widget-heading\" data-id=\"8c4b2f1\" data-element_type=\"widget\" data-e-type=\"widget\" data-widget_type=\"heading.default\">\n\t\t\t\t<div class=\"elementor-widget-container\">\n\t\t\t\t\t<h1 class=\"elementor-heading-title elementor-size-default\">G\u00e5rd i Egentliga Finland<\/h1>\t\t\t\t<\/div>\n\t\t\t\t<\/div>\n\t\t\t\t\t<\/div>\n\t\t<\/div>\n\t\t\t\t\t<\/div>\n\t\t<\/section>\n\t\t\t\t<section class=\"elementor-section elementor-top-section elementor-element elementor-element-68d879d9 elementor-section-stretched elementor-section-full_width elementor-section-height-default elementor-section-height-default\" data-id=\"68d879d9\" data-element_type=\"section\" data-e-type=\"section\" data-settings=\"{&quot;stretch_section&quot;:&quot;section-stretched&quot;}\">\n\t\t\t\t\t\t<div class=\"elementor-container elementor-column-gap-default\">\n\t\t\t\t\t<div class=\"elementor-column elementor-col-50 elementor-top-column elementor-element elementor-element-1d1882cf\" data-id=\"1d1882cf\" data-element_type=\"column\" data-e-type=\"column\" data-settings=\"{&quot;background_background&quot;:&quot;classic&quot;}\">\n\t\t\t<div class=\"elementor-widget-wrap elementor-element-populated\">\n\t\t\t\t\t\t<section class=\"elementor-section elementor-inner-section elementor-element elementor-element-480faa2c elementor-section-boxed elementor-section-height-default elementor-section-height-default\" data-id=\"480faa2c\" data-element_type=\"section\" data-e-type=\"section\">\n\t\t\t\t\t\t<div class=\"elementor-container elementor-column-gap-default\">\n\t\t\t\t\t<div class=\"elementor-column elementor-col-50 elementor-inner-column elementor-element elementor-element-36b36e1\" data-id=\"36b36e1\" data-element_type=\"column\" data-e-type=\"column\">\n\t\t\t<div class=\"elementor-widget-wrap\">\n\t\t\t\t\t\t\t<\/div>\n\t\t<\/div>\n\t\t\t\t<div class=\"elementor-column elementor-col-50 elementor-inner-column elementor-element elementor-element-bb7f053\" data-id=\"bb7f053\" data-element_type=\"column\" data-e-type=\"column\">\n\t\t\t<div class=\"elementor-widget-wrap\">\n\t\t\t\t\t\t\t<\/div>\n\t\t<\/div>\n\t\t\t\t\t<\/div>\n\t\t<\/section>\n\t\t\t\t\t<\/div>\n\t\t<\/div>\n\t\t\t\t<div class=\"elementor-column elementor-col-50 elementor-top-column elementor-element elementor-element-44f7b8eb\" data-id=\"44f7b8eb\" data-element_type=\"column\" data-e-type=\"column\">\n\t\t\t<div class=\"elementor-widget-wrap elementor-element-populated\">\n\t\t\t\t\t\t<div class=\"elementor-element elementor-element-4076d678 elementor-widget elementor-widget-heading\" data-id=\"4076d678\" data-element_type=\"widget\" data-e-type=\"widget\" data-widget_type=\"heading.default\">\n\t\t\t\t<div class=\"elementor-widget-container\">\n\t\t\t\t\t<h2 class=\"elementor-heading-title elementor-size-default\">Fritt betande Highland cattle<\/h2>\t\t\t\t<\/div>\n\t\t\t\t<\/div>\n\t\t\t\t<div class=\"elementor-element elementor-element-6040d0 elementor-widget elementor-widget-text-editor\" data-id=\"6040d0\" data-element_type=\"widget\" data-e-type=\"widget\" data-widget_type=\"text-editor.default\">\n\t\t\t\t<div class=\"elementor-widget-container\">\n\t\t\t\t\t\t\t\t\t<p>P\u00e5 v\u00e5ra naturbetesmarker och skyddszoner kan du se v\u00e5ra Highland cattle beta fritt. Dessa lugna och v\u00e4nliga djur beh\u00f6ver stora betesmarker f\u00f6r att kunna f\u00f6lja sitt naturliga flockbeteende. F\u00f6rutom k\u00f6ttproduktion hj\u00e4lper v\u00e5rt boskap ocks\u00e5 till att bevara traditionella biotoper och kulturlandskap. P\u00e5 sommaren betar v\u00e5r boskap \u00e4ven p\u00e5 skyddszoner och milj\u00f6v\u00e4nliga f\u00e4lt hos andra g\u00e5rdar.   <\/p>\t\t\t\t\t\t\t\t<\/div>\n\t\t\t\t<\/div>\n\t\t\t\t<div class=\"elementor-element elementor-element-7ea06a2 elementor-button-success elementor-align-center elementor-tablet-align-center elementor-widget elementor-widget-button\" data-id=\"7ea06a2\" data-element_type=\"widget\" data-e-type=\"widget\" data-widget_type=\"button.default\">\n\t\t\t\t<div class=\"elementor-widget-container\">\n\t\t\t\t\t\t\t\t\t<div class=\"elementor-button-wrapper\">\n\t\t\t\t\t<a class=\"elementor-button elementor-button-link elementor-size-lg elementor-animation-sink\" href=\"\/tila\/ylamaankarja\/\">\n\t\t\t\t\t\t<span class=\"elementor-button-content-wrapper\">\n\t\t\t\t\t\t\t\t\t<span class=\"elementor-button-text\">L\u00e4s mer<\/span>\n\t\t\t\t\t<\/span>\n\t\t\t\t\t<\/a>\n\t\t\t\t<\/div>\n\t\t\t\t\t\t\t\t<\/div>\n\t\t\t\t<\/div>\n\t\t\t\t\t<\/div>\n\t\t<\/div>\n\t\t\t\t\t<\/div>\n\t\t<\/section>\n\t\t\t\t<section class=\"elementor-section elementor-top-section elementor-element elementor-element-c7b4dcd elementor-section-stretched elementor-section-full_width elementor-reverse-mobile elementor-section-height-default elementor-section-height-default\" data-id=\"c7b4dcd\" data-element_type=\"section\" data-e-type=\"section\" data-settings=\"{&quot;stretch_section&quot;:&quot;section-stretched&quot;}\">\n\t\t\t\t\t\t<div class=\"elementor-container elementor-column-gap-default\">\n\t\t\t\t\t<div class=\"elementor-column elementor-col-50 elementor-top-column elementor-element elementor-element-54d1371\" data-id=\"54d1371\" data-element_type=\"column\" data-e-type=\"column\">\n\t\t\t<div class=\"elementor-widget-wrap elementor-element-populated\">\n\t\t\t\t\t\t<div class=\"elementor-element elementor-element-23c67e8 elementor-widget elementor-widget-heading\" data-id=\"23c67e8\" data-element_type=\"widget\" data-e-type=\"widget\" data-widget_type=\"heading.default\">\n\t\t\t\t<div class=\"elementor-widget-container\">\n\t\t\t\t\t<h2 class=\"elementor-heading-title elementor-size-default\">M\u00e5ngsidig v\u00e4xtodling<\/h2>\t\t\t\t<\/div>\n\t\t\t\t<\/div>\n\t\t\t\t<div class=\"elementor-element elementor-element-4212111 elementor-widget elementor-widget-text-editor\" data-id=\"4212111\" data-element_type=\"widget\" data-e-type=\"widget\" data-widget_type=\"text-editor.default\">\n\t\t\t\t<div class=\"elementor-widget-container\">\n\t\t\t\t\t\t\t\t\t<p>Leipy\u00f6li g\u00e5rd har l\u00e5nga traditioner inom jordbruk. De b\u00f6rdiga \u00e5krarna i Egentliga Finland \u00e4r idealiska f\u00f6r att odla sockerbetor och spannm\u00e5l. Dessutom odlar vi vallv\u00e4xter p\u00e5 g\u00e5rden som foder till boskapen.  <\/p>\t\t\t\t\t\t\t\t<\/div>\n\t\t\t\t<\/div>\n\t\t\t\t<div class=\"elementor-element elementor-element-db31798 elementor-align-center elementor-tablet-align-center elementor-widget elementor-widget-button\" data-id=\"db31798\" data-element_type=\"widget\" data-e-type=\"widget\" data-widget_type=\"button.default\">\n\t\t\t\t<div class=\"elementor-widget-container\">\n\t\t\t\t\t\t\t\t\t<div class=\"elementor-button-wrapper\">\n\t\t\t\t\t<a class=\"elementor-button elementor-button-link elementor-size-lg elementor-animation-sink\" href=\"\/tila\/kasvinviljely\/\">\n\t\t\t\t\t\t<span class=\"elementor-button-content-wrapper\">\n\t\t\t\t\t\t\t\t\t<span class=\"elementor-button-text\">L\u00e4s mer<\/span>\n\t\t\t\t\t<\/span>\n\t\t\t\t\t<\/a>\n\t\t\t\t<\/div>\n\t\t\t\t\t\t\t\t<\/div>\n\t\t\t\t<\/div>\n\t\t\t\t\t<\/div>\n\t\t<\/div>\n\t\t\t\t<div class=\"elementor-column elementor-col-50 elementor-top-column elementor-element elementor-element-1acceab\" data-id=\"1acceab\" data-element_type=\"column\" data-e-type=\"column\" data-settings=\"{&quot;background_background&quot;:&quot;classic&quot;}\">\n\t\t\t<div class=\"elementor-widget-wrap elementor-element-populated\">\n\t\t\t\t\t\t<section class=\"elementor-section elementor-inner-section elementor-element elementor-element-9967069 elementor-section-boxed elementor-section-height-default elementor-section-height-default\" data-id=\"9967069\" data-element_type=\"section\" data-e-type=\"section\">\n\t\t\t\t\t\t<div class=\"elementor-container elementor-column-gap-default\">\n\t\t\t\t\t<div class=\"elementor-column elementor-col-50 elementor-inner-column elementor-element elementor-element-f09442e\" data-id=\"f09442e\" data-element_type=\"column\" data-e-type=\"column\">\n\t\t\t<div class=\"elementor-widget-wrap\">\n\t\t\t\t\t\t\t<\/div>\n\t\t<\/div>\n\t\t\t\t<div class=\"elementor-column elementor-col-50 elementor-inner-column elementor-element elementor-element-f56c928\" data-id=\"f56c928\" data-element_type=\"column\" data-e-type=\"column\">\n\t\t\t<div class=\"elementor-widget-wrap\">\n\t\t\t\t\t\t\t<\/div>\n\t\t<\/div>\n\t\t\t\t\t<\/div>\n\t\t<\/section>\n\t\t\t\t\t<\/div>\n\t\t<\/div>\n\t\t\t\t\t<\/div>\n\t\t<\/section>\n\t\t\t\t<section class=\"elementor-section elementor-top-section elementor-element elementor-element-8fbd629 elementor-section-stretched elementor-section-full_width elementor-section-height-default elementor-section-height-default\" data-id=\"8fbd629\" data-element_type=\"section\" data-e-type=\"section\" data-settings=\"{&quot;stretch_section&quot;:&quot;section-stretched&quot;}\">\n\t\t\t\t\t\t<div class=\"elementor-container elementor-column-gap-default\">\n\t\t\t\t\t<div class=\"elementor-column elementor-col-50 elementor-top-column elementor-element elementor-element-5b4609f\" data-id=\"5b4609f\" data-element_type=\"column\" data-e-type=\"column\" data-settings=\"{&quot;background_background&quot;:&quot;classic&quot;}\">\n\t\t\t<div class=\"elementor-widget-wrap elementor-element-populated\">\n\t\t\t\t\t\t<section class=\"elementor-section elementor-inner-section elementor-element elementor-element-506090f elementor-section-boxed elementor-section-height-default elementor-section-height-default\" data-id=\"506090f\" data-element_type=\"section\" data-e-type=\"section\">\n\t\t\t\t\t\t<div class=\"elementor-container elementor-column-gap-default\">\n\t\t\t\t\t<div class=\"elementor-column elementor-col-50 elementor-inner-column elementor-element elementor-element-943a4e1\" data-id=\"943a4e1\" data-element_type=\"column\" data-e-type=\"column\">\n\t\t\t<div class=\"elementor-widget-wrap\">\n\t\t\t\t\t\t\t<\/div>\n\t\t<\/div>\n\t\t\t\t<div class=\"elementor-column elementor-col-50 elementor-inner-column elementor-element elementor-element-1a3b802\" data-id=\"1a3b802\" data-element_type=\"column\" data-e-type=\"column\">\n\t\t\t<div class=\"elementor-widget-wrap\">\n\t\t\t\t\t\t\t<\/div>\n\t\t<\/div>\n\t\t\t\t\t<\/div>\n\t\t<\/section>\n\t\t\t\t\t<\/div>\n\t\t<\/div>\n\t\t\t\t<div class=\"elementor-column elementor-col-50 elementor-top-column elementor-element elementor-element-653f68d\" data-id=\"653f68d\" data-element_type=\"column\" data-e-type=\"column\">\n\t\t\t<div class=\"elementor-widget-wrap elementor-element-populated\">\n\t\t\t\t\t\t<div class=\"elementor-element elementor-element-b510abc elementor-widget elementor-widget-heading\" data-id=\"b510abc\" data-element_type=\"widget\" data-e-type=\"widget\" data-widget_type=\"heading.default\">\n\t\t\t\t<div class=\"elementor-widget-container\">\n\t\t\t\t\t<h2 class=\"elementor-heading-title elementor-size-default\">Direktf\u00f6rs\u00e4ljning fr\u00e5n v\u00e5r g\u00e5rd<\/h2>\t\t\t\t<\/div>\n\t\t\t\t<\/div>\n\t\t\t\t<div class=\"elementor-element elementor-element-7a043d9 elementor-widget elementor-widget-text-editor\" data-id=\"7a043d9\" data-element_type=\"widget\" data-e-type=\"widget\" data-widget_type=\"text-editor.default\">\n\t\t\t\t<div class=\"elementor-widget-container\">\n\t\t\t\t\t\t\t\t\t<p>2\u20133 g\u00e5nger om \u00e5ret skickas en del av v\u00e5ra Highland cattle till slakt, och k\u00f6ttet kan sedan k\u00f6pas direkt fr\u00e5n v\u00e5r g\u00e5rd. Genom att f\u00f6rhandsbest\u00e4lla kan du s\u00e4kerst\u00e4lla tillg\u00e5ngen p\u00e5 det k\u00f6tt du beh\u00f6ver. <\/p>\t\t\t\t\t\t\t\t<\/div>\n\t\t\t\t<\/div>\n\t\t\t\t<div class=\"elementor-element elementor-element-d59fffd elementor-align-center elementor-tablet-align-center elementor-widget elementor-widget-button\" data-id=\"d59fffd\" data-element_type=\"widget\" data-e-type=\"widget\" data-widget_type=\"button.default\">\n\t\t\t\t<div class=\"elementor-widget-container\">\n\t\t\t\t\t\t\t\t\t<div class=\"elementor-button-wrapper\">\n\t\t\t\t\t<a class=\"elementor-button elementor-button-link elementor-size-lg elementor-animation-sink\" href=\"\/tila\/tilamyynti\/\">\n\t\t\t\t\t\t<span class=\"elementor-button-content-wrapper\">\n\t\t\t\t\t\t\t\t\t<span class=\"elementor-button-text\">G\u00e5rdsf\u00f6rs\u00e4ljning<\/span>\n\t\t\t\t\t<\/span>\n\t\t\t\t\t<\/a>\n\t\t\t\t<\/div>\n\t\t\t\t\t\t\t\t<\/div>\n\t\t\t\t<\/div>\n\t\t\t\t\t<\/div>\n\t\t<\/div>\n\t\t\t\t\t<\/div>\n\t\t<\/section>\n\t\t\t\t<section class=\"elementor-section elementor-top-section elementor-element elementor-element-17795d8 elementor-section-stretched elementor-section-full_width elementor-reverse-mobile elementor-section-height-default elementor-section-height-default\" data-id=\"17795d8\" data-element_type=\"section\" data-e-type=\"section\" data-settings=\"{&quot;stretch_section&quot;:&quot;section-stretched&quot;}\">\n\t\t\t\t\t\t<div class=\"elementor-container elementor-column-gap-default\">\n\t\t\t\t\t<div class=\"elementor-column elementor-col-50 elementor-top-column elementor-element elementor-element-3ba22d7\" data-id=\"3ba22d7\" data-element_type=\"column\" data-e-type=\"column\">\n\t\t\t<div class=\"elementor-widget-wrap elementor-element-populated\">\n\t\t\t\t\t\t<div class=\"elementor-element elementor-element-99af645 elementor-widget elementor-widget-heading\" data-id=\"99af645\" data-element_type=\"widget\" data-e-type=\"widget\" data-widget_type=\"heading.default\">\n\t\t\t\t<div class=\"elementor-widget-container\">\n\t\t\t\t\t<h2 class=\"elementor-heading-title elementor-size-default\">L\u00e4ckra recept med Highland n\u00f6tk\u00f6tt<\/h2>\t\t\t\t<\/div>\n\t\t\t\t<\/div>\n\t\t\t\t<div class=\"elementor-element elementor-element-d2056c9 elementor-widget elementor-widget-text-editor\" data-id=\"d2056c9\" data-element_type=\"widget\" data-e-type=\"widget\" data-widget_type=\"text-editor.default\">\n\t\t\t\t<div class=\"elementor-widget-container\">\n\t\t\t\t\t\t\t\t\t<p>Leipy\u00f6li g\u00e5rd har en historia som str\u00e4cker sig \u00e4nda till 1400-talet. V\u00e5rt hemtrevliga och traditionsrika k\u00f6k har under \u00e5ren utvecklat m\u00e5nga uts\u00f6kta recept. Vi har samlat n\u00e5gra tips och recept f\u00f6r att tillaga Highland n\u00f6tk\u00f6tt p\u00e5 olika s\u00e4tt. Uppt\u00e4ck och prova!   <\/p>\t\t\t\t\t\t\t\t<\/div>\n\t\t\t\t<\/div>\n\t\t\t\t<div class=\"elementor-element elementor-element-0553012 elementor-button-success elementor-align-center elementor-tablet-align-center elementor-widget elementor-widget-button\" data-id=\"0553012\" data-element_type=\"widget\" data-e-type=\"widget\" data-widget_type=\"button.default\">\n\t\t\t\t<div class=\"elementor-widget-container\">\n\t\t\t\t\t\t\t\t\t<div class=\"elementor-button-wrapper\">\n\t\t\t\t\t<a class=\"elementor-button elementor-button-link elementor-size-lg elementor-animation-sink\" href=\"\/tila\/reseptit\/\">\n\t\t\t\t\t\t<span class=\"elementor-button-content-wrapper\">\n\t\t\t\t\t\t\t\t\t<span class=\"elementor-button-text\">L\u00e4s mer<\/span>\n\t\t\t\t\t<\/span>\n\t\t\t\t\t<\/a>\n\t\t\t\t<\/div>\n\t\t\t\t\t\t\t\t<\/div>\n\t\t\t\t<\/div>\n\t\t\t\t\t<\/div>\n\t\t<\/div>\n\t\t\t\t<div class=\"elementor-column elementor-col-50 elementor-top-column elementor-element elementor-element-883a785\" data-id=\"883a785\" data-element_type=\"column\" data-e-type=\"column\" data-settings=\"{&quot;background_background&quot;:&quot;classic&quot;}\">\n\t\t\t<div class=\"elementor-widget-wrap elementor-element-populated\">\n\t\t\t\t\t\t<div class=\"elementor-element elementor-element-dcd08ed elementor-widget elementor-widget-global elementor-global-797 elementor-widget-text-editor\" data-id=\"dcd08ed\" data-element_type=\"widget\" data-e-type=\"widget\" data-widget_type=\"text-editor.default\">\n\t\t\t\t<div class=\"elementor-widget-container\">\n\t\t\t\t\t\t\t\t\t<p>Valokuva: Riikka Lilja Photography<\/p>\t\t\t\t\t\t\t\t<\/div>\n\t\t\t\t<\/div>\n\t\t\t\t\t<\/div>\n\t\t<\/div>\n\t\t\t\t\t<\/div>\n\t\t<\/section>\n\t\t\t\t<\/div>\n\t\t","protected":false},"excerpt":{"rendered":"<p>G\u00e5rd i Egentliga Finland Fritt betande Highland cattle P\u00e5 v\u00e5ra naturbetesmarker och skyddszoner kan du se v\u00e5ra Highland cattle beta fritt. Dessa lugna och v\u00e4nliga djur beh\u00f6ver stora betesmarker f\u00f6r att kunna f\u00f6lja sitt naturliga flockbeteende. F\u00f6rutom k\u00f6ttproduktion hj\u00e4lper v\u00e5rt boskap ocks\u00e5 till att bevara traditionella biotoper och kulturlandskap. P\u00e5 sommaren betar v\u00e5r boskap \u00e4ven &#8230; <\/p>\n<p class=\"read-more-container\"><a title=\"G\u00e5rden\" class=\"read-more button\" href=\"https:\/\/leipyoli.com\/sv\/garden\/#more-1722\" aria-label=\"L\u00e4s mer om G\u00e5rden\">Lue lis\u00e4\u00e4<\/a><\/p>\n","protected":false},"author":1,"featured_media":0,"parent":0,"menu_order":0,"comment_status":"closed","ping_status":"closed","template":"","meta":{"inline_featured_image":false,"footnotes":""},"class_list":["post-1722","page","type-page","status-publish"],"yoast_head":"<!-- This site is optimized with the Yoast SEO plugin v27.4 - https:\/\/yoast.com\/product\/yoast-seo-wordpress\/ -->\n<title>Leipy\u00f6lin tila - G\u00e5rden<\/title>\n<meta name=\"description\" content=\"P\u00e5 Leipy\u00f6li g\u00e5rd f\u00f6der vi upp Highland cattle och odlar sockerbetor, spannm\u00e5l och vallv\u00e4xter. Vi s\u00e4ljer \u00e4ven Highland n\u00f6tk\u00f6tt direkt fr\u00e5n v\u00e5r g\u00e5rdsbutik.\" \/>\n<meta name=\"robots\" content=\"index, follow, max-snippet:-1, max-image-preview:large, max-video-preview:-1\" \/>\n<link rel=\"canonical\" href=\"https:\/\/leipyoli.com\/sv\/garden\/\" \/>\n<meta property=\"og:locale\" content=\"sv_SE\" \/>\n<meta property=\"og:type\" content=\"article\" \/>\n<meta property=\"og:title\" content=\"Leipy\u00f6lin tila - G\u00e5rden\" \/>\n<meta property=\"og:description\" content=\"P\u00e5 Leipy\u00f6li g\u00e5rd f\u00f6der vi upp Highland cattle och odlar sockerbetor, spannm\u00e5l och vallv\u00e4xter. Vi s\u00e4ljer \u00e4ven Highland n\u00f6tk\u00f6tt direkt fr\u00e5n v\u00e5r g\u00e5rdsbutik.\" \/>\n<meta property=\"og:url\" content=\"https:\/\/leipyoli.com\/sv\/garden\/\" \/>\n<meta property=\"og:site_name\" content=\"Leipy\u00f6lin tila\" \/>\n<meta property=\"article:publisher\" content=\"https:\/\/www.facebook.com\/leipyolintila\" \/>\n<meta property=\"article:modified_time\" content=\"2025-02-20T17:54:45+00:00\" \/>\n<meta property=\"og:image\" content=\"https:\/\/leipyoli.com\/wp-content\/uploads\/2018\/03\/leipyolin_tila-FB.jpg\" \/>\n\t<meta property=\"og:image:width\" content=\"1200\" \/>\n\t<meta property=\"og:image:height\" content=\"630\" \/>\n\t<meta property=\"og:image:type\" content=\"image\/jpeg\" \/>\n<meta name=\"twitter:card\" content=\"summary_large_image\" \/>\n<meta name=\"twitter:label1\" content=\"Ber\u00e4knad l\u00e4stid\" \/>\n\t<meta name=\"twitter:data1\" content=\"1 minut\" \/>\n<script type=\"application\/ld+json\" class=\"yoast-schema-graph\">{\"@context\":\"https:\\\/\\\/schema.org\",\"@graph\":[{\"@type\":\"WebPage\",\"@id\":\"https:\\\/\\\/leipyoli.com\\\/sv\\\/garden\\\/\",\"url\":\"https:\\\/\\\/leipyoli.com\\\/sv\\\/garden\\\/\",\"name\":\"Leipy\u00f6lin tila - G\u00e5rden\",\"isPartOf\":{\"@id\":\"https:\\\/\\\/leipyoli.com\\\/sv\\\/#website\"},\"datePublished\":\"2017-11-20T13:11:54+00:00\",\"dateModified\":\"2025-02-20T17:54:45+00:00\",\"description\":\"P\u00e5 Leipy\u00f6li g\u00e5rd f\u00f6der vi upp Highland cattle och odlar sockerbetor, spannm\u00e5l och vallv\u00e4xter. Vi s\u00e4ljer \u00e4ven Highland n\u00f6tk\u00f6tt direkt fr\u00e5n v\u00e5r g\u00e5rdsbutik.\",\"breadcrumb\":{\"@id\":\"https:\\\/\\\/leipyoli.com\\\/sv\\\/garden\\\/#breadcrumb\"},\"inLanguage\":\"sv-SE\",\"potentialAction\":[{\"@type\":\"ReadAction\",\"target\":[\"https:\\\/\\\/leipyoli.com\\\/sv\\\/garden\\\/\"]}]},{\"@type\":\"BreadcrumbList\",\"@id\":\"https:\\\/\\\/leipyoli.com\\\/sv\\\/garden\\\/#breadcrumb\",\"itemListElement\":[{\"@type\":\"ListItem\",\"position\":1,\"name\":\"Home\",\"item\":\"https:\\\/\\\/leipyoli.com\\\/sv\\\/startsida\\\/\"},{\"@type\":\"ListItem\",\"position\":2,\"name\":\"G\u00e5rden\"}]},{\"@type\":\"WebSite\",\"@id\":\"https:\\\/\\\/leipyoli.com\\\/sv\\\/#website\",\"url\":\"https:\\\/\\\/leipyoli.com\\\/sv\\\/\",\"name\":\"Leipy\u00f6lin tila\",\"description\":\"Maanviljely\u00e4, yl\u00e4maankarjaa ja maatilamatkaulua Salossa!\",\"publisher\":{\"@id\":\"https:\\\/\\\/leipyoli.com\\\/sv\\\/#organization\"},\"potentialAction\":[{\"@type\":\"SearchAction\",\"target\":{\"@type\":\"EntryPoint\",\"urlTemplate\":\"https:\\\/\\\/leipyoli.com\\\/sv\\\/?s={search_term_string}\"},\"query-input\":{\"@type\":\"PropertyValueSpecification\",\"valueRequired\":true,\"valueName\":\"search_term_string\"}}],\"inLanguage\":\"sv-SE\"},{\"@type\":\"Organization\",\"@id\":\"https:\\\/\\\/leipyoli.com\\\/sv\\\/#organization\",\"name\":\"Leipy\u00f6lin tila\",\"url\":\"https:\\\/\\\/leipyoli.com\\\/sv\\\/\",\"logo\":{\"@type\":\"ImageObject\",\"inLanguage\":\"sv-SE\",\"@id\":\"https:\\\/\\\/leipyoli.com\\\/sv\\\/#\\\/schema\\\/logo\\\/image\\\/\",\"url\":\"https:\\\/\\\/leipyoli.com\\\/wp-content\\\/uploads\\\/2017\\\/11\\\/leipyoli-logo-nav.svg\",\"contentUrl\":\"https:\\\/\\\/leipyoli.com\\\/wp-content\\\/uploads\\\/2017\\\/11\\\/leipyoli-logo-nav.svg\",\"width\":1,\"height\":1,\"caption\":\"Leipy\u00f6lin tila\"},\"image\":{\"@id\":\"https:\\\/\\\/leipyoli.com\\\/sv\\\/#\\\/schema\\\/logo\\\/image\\\/\"},\"sameAs\":[\"https:\\\/\\\/www.facebook.com\\\/leipyolintila\"]}]}<\/script>\n<!-- \/ Yoast SEO plugin. -->","yoast_head_json":{"title":"Leipy\u00f6lin tila - G\u00e5rden","description":"P\u00e5 Leipy\u00f6li g\u00e5rd f\u00f6der vi upp Highland cattle och odlar sockerbetor, spannm\u00e5l och vallv\u00e4xter. Vi s\u00e4ljer \u00e4ven Highland n\u00f6tk\u00f6tt direkt fr\u00e5n v\u00e5r g\u00e5rdsbutik.","robots":{"index":"index","follow":"follow","max-snippet":"max-snippet:-1","max-image-preview":"max-image-preview:large","max-video-preview":"max-video-preview:-1"},"canonical":"https:\/\/leipyoli.com\/sv\/garden\/","og_locale":"sv_SE","og_type":"article","og_title":"Leipy\u00f6lin tila - G\u00e5rden","og_description":"P\u00e5 Leipy\u00f6li g\u00e5rd f\u00f6der vi upp Highland cattle och odlar sockerbetor, spannm\u00e5l och vallv\u00e4xter. Vi s\u00e4ljer \u00e4ven Highland n\u00f6tk\u00f6tt direkt fr\u00e5n v\u00e5r g\u00e5rdsbutik.","og_url":"https:\/\/leipyoli.com\/sv\/garden\/","og_site_name":"Leipy\u00f6lin tila","article_publisher":"https:\/\/www.facebook.com\/leipyolintila","article_modified_time":"2025-02-20T17:54:45+00:00","og_image":[{"width":1200,"height":630,"url":"https:\/\/leipyoli.com\/wp-content\/uploads\/2018\/03\/leipyolin_tila-FB.jpg","type":"image\/jpeg"}],"twitter_card":"summary_large_image","twitter_misc":{"Ber\u00e4knad l\u00e4stid":"1 minut"},"schema":{"@context":"https:\/\/schema.org","@graph":[{"@type":"WebPage","@id":"https:\/\/leipyoli.com\/sv\/garden\/","url":"https:\/\/leipyoli.com\/sv\/garden\/","name":"Leipy\u00f6lin tila - G\u00e5rden","isPartOf":{"@id":"https:\/\/leipyoli.com\/sv\/#website"},"datePublished":"2017-11-20T13:11:54+00:00","dateModified":"2025-02-20T17:54:45+00:00","description":"P\u00e5 Leipy\u00f6li g\u00e5rd f\u00f6der vi upp Highland cattle och odlar sockerbetor, spannm\u00e5l och vallv\u00e4xter. Vi s\u00e4ljer \u00e4ven Highland n\u00f6tk\u00f6tt direkt fr\u00e5n v\u00e5r g\u00e5rdsbutik.","breadcrumb":{"@id":"https:\/\/leipyoli.com\/sv\/garden\/#breadcrumb"},"inLanguage":"sv-SE","potentialAction":[{"@type":"ReadAction","target":["https:\/\/leipyoli.com\/sv\/garden\/"]}]},{"@type":"BreadcrumbList","@id":"https:\/\/leipyoli.com\/sv\/garden\/#breadcrumb","itemListElement":[{"@type":"ListItem","position":1,"name":"Home","item":"https:\/\/leipyoli.com\/sv\/startsida\/"},{"@type":"ListItem","position":2,"name":"G\u00e5rden"}]},{"@type":"WebSite","@id":"https:\/\/leipyoli.com\/sv\/#website","url":"https:\/\/leipyoli.com\/sv\/","name":"Leipy\u00f6lin tila","description":"Maanviljely\u00e4, yl\u00e4maankarjaa ja maatilamatkaulua Salossa!","publisher":{"@id":"https:\/\/leipyoli.com\/sv\/#organization"},"potentialAction":[{"@type":"SearchAction","target":{"@type":"EntryPoint","urlTemplate":"https:\/\/leipyoli.com\/sv\/?s={search_term_string}"},"query-input":{"@type":"PropertyValueSpecification","valueRequired":true,"valueName":"search_term_string"}}],"inLanguage":"sv-SE"},{"@type":"Organization","@id":"https:\/\/leipyoli.com\/sv\/#organization","name":"Leipy\u00f6lin tila","url":"https:\/\/leipyoli.com\/sv\/","logo":{"@type":"ImageObject","inLanguage":"sv-SE","@id":"https:\/\/leipyoli.com\/sv\/#\/schema\/logo\/image\/","url":"https:\/\/leipyoli.com\/wp-content\/uploads\/2017\/11\/leipyoli-logo-nav.svg","contentUrl":"https:\/\/leipyoli.com\/wp-content\/uploads\/2017\/11\/leipyoli-logo-nav.svg","width":1,"height":1,"caption":"Leipy\u00f6lin tila"},"image":{"@id":"https:\/\/leipyoli.com\/sv\/#\/schema\/logo\/image\/"},"sameAs":["https:\/\/www.facebook.com\/leipyolintila"]}]}},"_links":{"self":[{"href":"https:\/\/leipyoli.com\/sv\/wp-json\/wp\/v2\/pages\/1722","targetHints":{"allow":["GET"]}}],"collection":[{"href":"https:\/\/leipyoli.com\/sv\/wp-json\/wp\/v2\/pages"}],"about":[{"href":"https:\/\/leipyoli.com\/sv\/wp-json\/wp\/v2\/types\/page"}],"author":[{"embeddable":true,"href":"https:\/\/leipyoli.com\/sv\/wp-json\/wp\/v2\/users\/1"}],"replies":[{"embeddable":true,"href":"https:\/\/leipyoli.com\/sv\/wp-json\/wp\/v2\/comments?post=1722"}],"version-history":[{"count":1,"href":"https:\/\/leipyoli.com\/sv\/wp-json\/wp\/v2\/pages\/1722\/revisions"}],"predecessor-version":[{"id":1724,"href":"https:\/\/leipyoli.com\/sv\/wp-json\/wp\/v2\/pages\/1722\/revisions\/1724"}],"wp:attachment":[{"href":"https:\/\/leipyoli.com\/sv\/wp-json\/wp\/v2\/media?parent=1722"}],"curies":[{"name":"wp","href":"https:\/\/api.w.org\/{rel}","templated":true}]}}