{"id":1761,"date":"2017-11-23T13:59:09","date_gmt":"2017-11-23T11:59:09","guid":{"rendered":"https:\/\/leipyoli.com\/garden\/vaxtodling\/"},"modified":"2025-02-20T20:16:33","modified_gmt":"2025-02-20T18:16:33","slug":"vaxtodling","status":"publish","type":"page","link":"https:\/\/leipyoli.com\/sv\/garden\/vaxtodling\/","title":{"rendered":"V\u00e4xtodling"},"content":{"rendered":"\t\t<div data-elementor-type=\"wp-post\" data-elementor-id=\"1761\" class=\"elementor elementor-1761 elementor-595\" data-elementor-post-type=\"page\">\n\t\t\t\t\t\t<section class=\"elementor-section elementor-top-section elementor-element elementor-element-4284a2f9 elementor-section-height-min-height elementor-section-boxed elementor-section-height-default elementor-section-items-middle\" data-id=\"4284a2f9\" data-element_type=\"section\" data-e-type=\"section\" data-settings=\"{&quot;background_background&quot;:&quot;classic&quot;}\">\n\t\t\t\t\t\t\t<div class=\"elementor-background-overlay\"><\/div>\n\t\t\t\t\t\t\t<div class=\"elementor-container elementor-column-gap-default\">\n\t\t\t\t\t<div class=\"elementor-column elementor-col-100 elementor-top-column elementor-element elementor-element-30dac95\" data-id=\"30dac95\" data-element_type=\"column\" data-e-type=\"column\">\n\t\t\t<div class=\"elementor-widget-wrap elementor-element-populated\">\n\t\t\t\t\t\t<div class=\"elementor-element elementor-element-57143c60 elementor-widget elementor-widget-heading\" data-id=\"57143c60\" data-element_type=\"widget\" data-e-type=\"widget\" data-widget_type=\"heading.default\">\n\t\t\t\t<div class=\"elementor-widget-container\">\n\t\t\t\t\t<h1 class=\"elementor-heading-title elementor-size-default\">En g\u00e5rd i Egentliga Finlands spannm\u00e5lscentrum<\/h1>\t\t\t\t<\/div>\n\t\t\t\t<\/div>\n\t\t\t\t\t<\/div>\n\t\t<\/div>\n\t\t\t\t\t<\/div>\n\t\t<\/section>\n\t\t\t\t<section class=\"elementor-section elementor-top-section elementor-element elementor-element-189fa601 elementor-section-boxed elementor-section-height-default elementor-section-height-default\" data-id=\"189fa601\" data-element_type=\"section\" data-e-type=\"section\">\n\t\t\t\t\t\t<div class=\"elementor-container elementor-column-gap-default\">\n\t\t\t\t\t<div class=\"elementor-column elementor-col-100 elementor-top-column elementor-element elementor-element-4dfa5466\" data-id=\"4dfa5466\" data-element_type=\"column\" data-e-type=\"column\">\n\t\t\t<div class=\"elementor-widget-wrap elementor-element-populated\">\n\t\t\t\t\t\t<div class=\"elementor-element elementor-element-bf1ca66 elementor-widget elementor-widget-spacer\" data-id=\"bf1ca66\" data-element_type=\"widget\" data-e-type=\"widget\" data-widget_type=\"spacer.default\">\n\t\t\t\t<div class=\"elementor-widget-container\">\n\t\t\t\t\t\t\t<div class=\"elementor-spacer\">\n\t\t\t<div class=\"elementor-spacer-inner\"><\/div>\n\t\t<\/div>\n\t\t\t\t\t\t<\/div>\n\t\t\t\t<\/div>\n\t\t\t\t<div class=\"elementor-element elementor-element-5cfa1da0 elementor-widget elementor-widget-heading\" data-id=\"5cfa1da0\" data-element_type=\"widget\" data-e-type=\"widget\" data-widget_type=\"heading.default\">\n\t\t\t\t<div class=\"elementor-widget-container\">\n\t\t\t\t\t<h2 class=\"elementor-heading-title elementor-size-default\">Sockerbetor, spannm\u00e5l och vallv\u00e4xter<\/h2>\t\t\t\t<\/div>\n\t\t\t\t<\/div>\n\t\t\t\t<div class=\"elementor-element elementor-element-7c6ac047 elementor-widget elementor-widget-text-editor\" data-id=\"7c6ac047\" data-element_type=\"widget\" data-e-type=\"widget\" data-widget_type=\"text-editor.default\">\n\t\t\t\t<div class=\"elementor-widget-container\">\n\t\t\t\t\t\t\t\t\t<p>P\u00e5 Leipy\u00f6li g\u00e5rd str\u00e4var vi efter en effektiv och h\u00e5llbar v\u00e4xtodling utan att kompromissa med milj\u00f6n. V\u00e5ra huvudgr\u00f6dor \u00e4r sockerbetor, spannm\u00e5l och vallv\u00e4xter. Sockerbetor och spannm\u00e5l odlas genom kontraktsodling f\u00f6r sockerbruk och spannm\u00e5lsf\u00f6r\u00e4dling. Vallv\u00e4xter odlas f\u00f6r att f\u00f6rs\u00f6rja v\u00e5rt eget boskap.   <\/p><p>Genom en effektiv v\u00e4xtf\u00f6ljd minskar vi anv\u00e4ndningen av bek\u00e4mpningsmedel och motverkar jordstruktursproblem. F\u00f6r att minimera erosion och n\u00e4ringsl\u00e4ckage h\u00e5ller vi s\u00e5 mycket \u00e5kermark som m\u00f6jligt bevuxen \u00e5ret runt. Dessutom har vi naturv\u00e5rds\u00e5krar och skyddszoner, d\u00e4r inga g\u00f6dningsmedel eller bek\u00e4mpningsmedel anv\u00e4nds.  <\/p>\t\t\t\t\t\t\t\t<\/div>\n\t\t\t\t<\/div>\n\t\t\t\t\t<\/div>\n\t\t<\/div>\n\t\t\t\t\t<\/div>\n\t\t<\/section>\n\t\t\t\t<section class=\"elementor-section elementor-top-section elementor-element elementor-element-2f8e71e4 elementor-section-boxed elementor-section-height-default elementor-section-height-default\" data-id=\"2f8e71e4\" data-element_type=\"section\" data-e-type=\"section\">\n\t\t\t\t\t\t<div class=\"elementor-container elementor-column-gap-default\">\n\t\t\t\t\t<div class=\"elementor-column elementor-col-100 elementor-top-column elementor-element elementor-element-4a70d505\" data-id=\"4a70d505\" data-element_type=\"column\" data-e-type=\"column\">\n\t\t\t<div class=\"elementor-widget-wrap elementor-element-populated\">\n\t\t\t\t\t\t<div class=\"elementor-element elementor-element-663e1033 elementor-widget elementor-widget-heading\" data-id=\"663e1033\" data-element_type=\"widget\" data-e-type=\"widget\" data-widget_type=\"heading.default\">\n\t\t\t\t<div class=\"elementor-widget-container\">\n\t\t\t\t\t<h2 class=\"elementor-heading-title elementor-size-default\">LUMO-skyddsomr\u00e5den<\/h2>\t\t\t\t<\/div>\n\t\t\t\t<\/div>\n\t\t\t\t<div class=\"elementor-element elementor-element-6d092fa elementor-widget elementor-widget-text-editor\" data-id=\"6d092fa\" data-element_type=\"widget\" data-e-type=\"widget\" data-widget_type=\"text-editor.default\">\n\t\t\t\t<div class=\"elementor-widget-container\">\n\t\t\t\t\t\t\t\t\t<p>P\u00e5 g\u00e5rden finns \u00e4ven LUMO-skyddsomr\u00e5den, som \u00e4r avsedda f\u00f6r biologisk m\u00e5ngfald. Dessa omr\u00e5den best\u00e5r av gamla igenvuxna betesmarker och f\u00e4ltr\u00e4nder, som har restaurerats genom r\u00f6jning och betesdrift. Dessa naturv\u00e5rds\u00e5krar, skyddszoner och LUMO-omr\u00e5den sk\u00f6ts p\u00e5 v\u00e5r g\u00e5rd huvudsakligen genom bete.  <\/p>\t\t\t\t\t\t\t\t<\/div>\n\t\t\t\t<\/div>\n\t\t\t\t\t<\/div>\n\t\t<\/div>\n\t\t\t\t\t<\/div>\n\t\t<\/section>\n\t\t\t\t<section class=\"elementor-section elementor-top-section elementor-element elementor-element-7455246a elementor-section-boxed elementor-section-height-default elementor-section-height-default\" data-id=\"7455246a\" data-element_type=\"section\" data-e-type=\"section\">\n\t\t\t\t\t\t<div class=\"elementor-container elementor-column-gap-default\">\n\t\t\t\t\t<div class=\"elementor-column elementor-col-100 elementor-top-column elementor-element elementor-element-7eeb99b\" data-id=\"7eeb99b\" data-element_type=\"column\" data-e-type=\"column\">\n\t\t\t<div class=\"elementor-widget-wrap elementor-element-populated\">\n\t\t\t\t\t\t<div class=\"elementor-element elementor-element-4e98756a elementor-widget elementor-widget-spacer\" data-id=\"4e98756a\" data-element_type=\"widget\" data-e-type=\"widget\" data-widget_type=\"spacer.default\">\n\t\t\t\t<div class=\"elementor-widget-container\">\n\t\t\t\t\t\t\t<div class=\"elementor-spacer\">\n\t\t\t<div class=\"elementor-spacer-inner\"><\/div>\n\t\t<\/div>\n\t\t\t\t\t\t<\/div>\n\t\t\t\t<\/div>\n\t\t\t\t\t<\/div>\n\t\t<\/div>\n\t\t\t\t\t<\/div>\n\t\t<\/section>\n\t\t\t\t<\/div>\n\t\t","protected":false},"excerpt":{"rendered":"<p>En g\u00e5rd i Egentliga Finlands spannm\u00e5lscentrum Sockerbetor, spannm\u00e5l och vallv\u00e4xter P\u00e5 Leipy\u00f6li g\u00e5rd str\u00e4var vi efter en effektiv och h\u00e5llbar v\u00e4xtodling utan att kompromissa med milj\u00f6n. V\u00e5ra huvudgr\u00f6dor \u00e4r sockerbetor, spannm\u00e5l och vallv\u00e4xter. Sockerbetor och spannm\u00e5l odlas genom kontraktsodling f\u00f6r sockerbruk och spannm\u00e5lsf\u00f6r\u00e4dling. Vallv\u00e4xter odlas f\u00f6r att f\u00f6rs\u00f6rja v\u00e5rt eget boskap. Genom en effektiv v\u00e4xtf\u00f6ljd &#8230; <\/p>\n<p class=\"read-more-container\"><a title=\"V\u00e4xtodling\" class=\"read-more button\" href=\"https:\/\/leipyoli.com\/sv\/garden\/vaxtodling\/#more-1761\" aria-label=\"L\u00e4s mer om V\u00e4xtodling\">Lue lis\u00e4\u00e4<\/a><\/p>\n","protected":false},"author":1,"featured_media":0,"parent":1722,"menu_order":0,"comment_status":"closed","ping_status":"closed","template":"","meta":{"inline_featured_image":false,"footnotes":""},"class_list":["post-1761","page","type-page","status-publish"],"yoast_head":"<!-- This site is optimized with the Yoast SEO plugin v27.4 - https:\/\/yoast.com\/product\/yoast-seo-wordpress\/ -->\n<title>Leipy\u00f6lin tila - V\u00e4xtodling<\/title>\n<meta name=\"description\" content=\"P\u00e5 Leipy\u00f6li g\u00e5rd str\u00e4var vi efter en effektiv och h\u00e5llbar v\u00e4xtodling utan att kompromissa med milj\u00f6n. V\u00e5ra huvudgr\u00f6dor \u00e4r sockerbetor, spannm\u00e5l och vallv\u00e4xter.\" \/>\n<meta name=\"robots\" content=\"index, follow, max-snippet:-1, max-image-preview:large, max-video-preview:-1\" \/>\n<link rel=\"canonical\" href=\"https:\/\/leipyoli.com\/sv\/garden\/vaxtodling\/\" \/>\n<meta property=\"og:locale\" content=\"sv_SE\" \/>\n<meta property=\"og:type\" content=\"article\" \/>\n<meta property=\"og:title\" content=\"Leipy\u00f6lin tila - V\u00e4xtodling\" \/>\n<meta property=\"og:description\" content=\"P\u00e5 Leipy\u00f6li g\u00e5rd str\u00e4var vi efter en effektiv och h\u00e5llbar v\u00e4xtodling utan att kompromissa med milj\u00f6n. V\u00e5ra huvudgr\u00f6dor \u00e4r sockerbetor, spannm\u00e5l och vallv\u00e4xter.\" \/>\n<meta property=\"og:url\" content=\"https:\/\/leipyoli.com\/sv\/garden\/vaxtodling\/\" \/>\n<meta property=\"og:site_name\" content=\"Leipy\u00f6lin tila\" \/>\n<meta property=\"article:publisher\" content=\"https:\/\/www.facebook.com\/leipyolintila\" \/>\n<meta property=\"article:modified_time\" content=\"2025-02-20T18:16:33+00:00\" \/>\n<meta property=\"og:image\" content=\"https:\/\/leipyoli.com\/wp-content\/uploads\/2018\/03\/leipyolin_tila-FB.jpg\" \/>\n\t<meta property=\"og:image:width\" content=\"1200\" \/>\n\t<meta property=\"og:image:height\" content=\"630\" \/>\n\t<meta property=\"og:image:type\" content=\"image\/jpeg\" \/>\n<meta name=\"twitter:card\" content=\"summary_large_image\" \/>\n<meta name=\"twitter:label1\" content=\"Ber\u00e4knad l\u00e4stid\" \/>\n\t<meta name=\"twitter:data1\" content=\"1 minut\" \/>\n<script type=\"application\/ld+json\" class=\"yoast-schema-graph\">{\"@context\":\"https:\\\/\\\/schema.org\",\"@graph\":[{\"@type\":\"WebPage\",\"@id\":\"https:\\\/\\\/leipyoli.com\\\/sv\\\/garden\\\/vaxtodling\\\/\",\"url\":\"https:\\\/\\\/leipyoli.com\\\/sv\\\/garden\\\/vaxtodling\\\/\",\"name\":\"Leipy\u00f6lin tila - V\u00e4xtodling\",\"isPartOf\":{\"@id\":\"https:\\\/\\\/leipyoli.com\\\/sv\\\/#website\"},\"datePublished\":\"2017-11-23T11:59:09+00:00\",\"dateModified\":\"2025-02-20T18:16:33+00:00\",\"description\":\"P\u00e5 Leipy\u00f6li g\u00e5rd str\u00e4var vi efter en effektiv och h\u00e5llbar v\u00e4xtodling utan att kompromissa med milj\u00f6n. V\u00e5ra huvudgr\u00f6dor \u00e4r sockerbetor, spannm\u00e5l och vallv\u00e4xter.\",\"breadcrumb\":{\"@id\":\"https:\\\/\\\/leipyoli.com\\\/sv\\\/garden\\\/vaxtodling\\\/#breadcrumb\"},\"inLanguage\":\"sv-SE\",\"potentialAction\":[{\"@type\":\"ReadAction\",\"target\":[\"https:\\\/\\\/leipyoli.com\\\/sv\\\/garden\\\/vaxtodling\\\/\"]}]},{\"@type\":\"BreadcrumbList\",\"@id\":\"https:\\\/\\\/leipyoli.com\\\/sv\\\/garden\\\/vaxtodling\\\/#breadcrumb\",\"itemListElement\":[{\"@type\":\"ListItem\",\"position\":1,\"name\":\"Home\",\"item\":\"https:\\\/\\\/leipyoli.com\\\/sv\\\/startsida\\\/\"},{\"@type\":\"ListItem\",\"position\":2,\"name\":\"G\u00e5rden\",\"item\":\"https:\\\/\\\/leipyoli.com\\\/sv\\\/garden\\\/\"},{\"@type\":\"ListItem\",\"position\":3,\"name\":\"V\u00e4xtodling\"}]},{\"@type\":\"WebSite\",\"@id\":\"https:\\\/\\\/leipyoli.com\\\/sv\\\/#website\",\"url\":\"https:\\\/\\\/leipyoli.com\\\/sv\\\/\",\"name\":\"Leipy\u00f6lin tila\",\"description\":\"Maanviljely\u00e4, yl\u00e4maankarjaa ja maatilamatkaulua Salossa!\",\"publisher\":{\"@id\":\"https:\\\/\\\/leipyoli.com\\\/sv\\\/#organization\"},\"potentialAction\":[{\"@type\":\"SearchAction\",\"target\":{\"@type\":\"EntryPoint\",\"urlTemplate\":\"https:\\\/\\\/leipyoli.com\\\/sv\\\/?s={search_term_string}\"},\"query-input\":{\"@type\":\"PropertyValueSpecification\",\"valueRequired\":true,\"valueName\":\"search_term_string\"}}],\"inLanguage\":\"sv-SE\"},{\"@type\":\"Organization\",\"@id\":\"https:\\\/\\\/leipyoli.com\\\/sv\\\/#organization\",\"name\":\"Leipy\u00f6lin tila\",\"url\":\"https:\\\/\\\/leipyoli.com\\\/sv\\\/\",\"logo\":{\"@type\":\"ImageObject\",\"inLanguage\":\"sv-SE\",\"@id\":\"https:\\\/\\\/leipyoli.com\\\/sv\\\/#\\\/schema\\\/logo\\\/image\\\/\",\"url\":\"https:\\\/\\\/leipyoli.com\\\/wp-content\\\/uploads\\\/2017\\\/11\\\/leipyoli-logo-nav.svg\",\"contentUrl\":\"https:\\\/\\\/leipyoli.com\\\/wp-content\\\/uploads\\\/2017\\\/11\\\/leipyoli-logo-nav.svg\",\"width\":1,\"height\":1,\"caption\":\"Leipy\u00f6lin tila\"},\"image\":{\"@id\":\"https:\\\/\\\/leipyoli.com\\\/sv\\\/#\\\/schema\\\/logo\\\/image\\\/\"},\"sameAs\":[\"https:\\\/\\\/www.facebook.com\\\/leipyolintila\"]}]}<\/script>\n<!-- \/ Yoast SEO plugin. -->","yoast_head_json":{"title":"Leipy\u00f6lin tila - V\u00e4xtodling","description":"P\u00e5 Leipy\u00f6li g\u00e5rd str\u00e4var vi efter en effektiv och h\u00e5llbar v\u00e4xtodling utan att kompromissa med milj\u00f6n. V\u00e5ra huvudgr\u00f6dor \u00e4r sockerbetor, spannm\u00e5l och vallv\u00e4xter.","robots":{"index":"index","follow":"follow","max-snippet":"max-snippet:-1","max-image-preview":"max-image-preview:large","max-video-preview":"max-video-preview:-1"},"canonical":"https:\/\/leipyoli.com\/sv\/garden\/vaxtodling\/","og_locale":"sv_SE","og_type":"article","og_title":"Leipy\u00f6lin tila - V\u00e4xtodling","og_description":"P\u00e5 Leipy\u00f6li g\u00e5rd str\u00e4var vi efter en effektiv och h\u00e5llbar v\u00e4xtodling utan att kompromissa med milj\u00f6n. V\u00e5ra huvudgr\u00f6dor \u00e4r sockerbetor, spannm\u00e5l och vallv\u00e4xter.","og_url":"https:\/\/leipyoli.com\/sv\/garden\/vaxtodling\/","og_site_name":"Leipy\u00f6lin tila","article_publisher":"https:\/\/www.facebook.com\/leipyolintila","article_modified_time":"2025-02-20T18:16:33+00:00","og_image":[{"width":1200,"height":630,"url":"https:\/\/leipyoli.com\/wp-content\/uploads\/2018\/03\/leipyolin_tila-FB.jpg","type":"image\/jpeg"}],"twitter_card":"summary_large_image","twitter_misc":{"Ber\u00e4knad l\u00e4stid":"1 minut"},"schema":{"@context":"https:\/\/schema.org","@graph":[{"@type":"WebPage","@id":"https:\/\/leipyoli.com\/sv\/garden\/vaxtodling\/","url":"https:\/\/leipyoli.com\/sv\/garden\/vaxtodling\/","name":"Leipy\u00f6lin tila - V\u00e4xtodling","isPartOf":{"@id":"https:\/\/leipyoli.com\/sv\/#website"},"datePublished":"2017-11-23T11:59:09+00:00","dateModified":"2025-02-20T18:16:33+00:00","description":"P\u00e5 Leipy\u00f6li g\u00e5rd str\u00e4var vi efter en effektiv och h\u00e5llbar v\u00e4xtodling utan att kompromissa med milj\u00f6n. V\u00e5ra huvudgr\u00f6dor \u00e4r sockerbetor, spannm\u00e5l och vallv\u00e4xter.","breadcrumb":{"@id":"https:\/\/leipyoli.com\/sv\/garden\/vaxtodling\/#breadcrumb"},"inLanguage":"sv-SE","potentialAction":[{"@type":"ReadAction","target":["https:\/\/leipyoli.com\/sv\/garden\/vaxtodling\/"]}]},{"@type":"BreadcrumbList","@id":"https:\/\/leipyoli.com\/sv\/garden\/vaxtodling\/#breadcrumb","itemListElement":[{"@type":"ListItem","position":1,"name":"Home","item":"https:\/\/leipyoli.com\/sv\/startsida\/"},{"@type":"ListItem","position":2,"name":"G\u00e5rden","item":"https:\/\/leipyoli.com\/sv\/garden\/"},{"@type":"ListItem","position":3,"name":"V\u00e4xtodling"}]},{"@type":"WebSite","@id":"https:\/\/leipyoli.com\/sv\/#website","url":"https:\/\/leipyoli.com\/sv\/","name":"Leipy\u00f6lin tila","description":"Maanviljely\u00e4, yl\u00e4maankarjaa ja maatilamatkaulua Salossa!","publisher":{"@id":"https:\/\/leipyoli.com\/sv\/#organization"},"potentialAction":[{"@type":"SearchAction","target":{"@type":"EntryPoint","urlTemplate":"https:\/\/leipyoli.com\/sv\/?s={search_term_string}"},"query-input":{"@type":"PropertyValueSpecification","valueRequired":true,"valueName":"search_term_string"}}],"inLanguage":"sv-SE"},{"@type":"Organization","@id":"https:\/\/leipyoli.com\/sv\/#organization","name":"Leipy\u00f6lin tila","url":"https:\/\/leipyoli.com\/sv\/","logo":{"@type":"ImageObject","inLanguage":"sv-SE","@id":"https:\/\/leipyoli.com\/sv\/#\/schema\/logo\/image\/","url":"https:\/\/leipyoli.com\/wp-content\/uploads\/2017\/11\/leipyoli-logo-nav.svg","contentUrl":"https:\/\/leipyoli.com\/wp-content\/uploads\/2017\/11\/leipyoli-logo-nav.svg","width":1,"height":1,"caption":"Leipy\u00f6lin tila"},"image":{"@id":"https:\/\/leipyoli.com\/sv\/#\/schema\/logo\/image\/"},"sameAs":["https:\/\/www.facebook.com\/leipyolintila"]}]}},"_links":{"self":[{"href":"https:\/\/leipyoli.com\/sv\/wp-json\/wp\/v2\/pages\/1761","targetHints":{"allow":["GET"]}}],"collection":[{"href":"https:\/\/leipyoli.com\/sv\/wp-json\/wp\/v2\/pages"}],"about":[{"href":"https:\/\/leipyoli.com\/sv\/wp-json\/wp\/v2\/types\/page"}],"author":[{"embeddable":true,"href":"https:\/\/leipyoli.com\/sv\/wp-json\/wp\/v2\/users\/1"}],"replies":[{"embeddable":true,"href":"https:\/\/leipyoli.com\/sv\/wp-json\/wp\/v2\/comments?post=1761"}],"version-history":[{"count":1,"href":"https:\/\/leipyoli.com\/sv\/wp-json\/wp\/v2\/pages\/1761\/revisions"}],"predecessor-version":[{"id":1762,"href":"https:\/\/leipyoli.com\/sv\/wp-json\/wp\/v2\/pages\/1761\/revisions\/1762"}],"up":[{"embeddable":true,"href":"https:\/\/leipyoli.com\/sv\/wp-json\/wp\/v2\/pages\/1722"}],"wp:attachment":[{"href":"https:\/\/leipyoli.com\/sv\/wp-json\/wp\/v2\/media?parent=1761"}],"curies":[{"name":"wp","href":"https:\/\/api.w.org\/{rel}","templated":true}]}}