{"id":1797,"date":"2017-11-20T15:24:39","date_gmt":"2017-11-20T13:24:39","guid":{"rendered":"https:\/\/leipyoli.com\/garden\/highland-cattle\/"},"modified":"2025-02-20T21:03:10","modified_gmt":"2025-02-20T19:03:10","slug":"highland-cattle","status":"publish","type":"page","link":"https:\/\/leipyoli.com\/sv\/garden\/highland-cattle\/","title":{"rendered":"Highland cattle"},"content":{"rendered":"\t\t<div data-elementor-type=\"wp-post\" data-elementor-id=\"1797\" class=\"elementor elementor-1797 elementor-133\" data-elementor-post-type=\"page\">\n\t\t\t\t\t\t<section class=\"elementor-section elementor-top-section elementor-element elementor-element-713ea7c4 elementor-section-height-min-height elementor-section-boxed elementor-section-height-default elementor-section-items-middle\" data-id=\"713ea7c4\" data-element_type=\"section\" data-e-type=\"section\" data-settings=\"{&quot;background_background&quot;:&quot;classic&quot;}\">\n\t\t\t\t\t\t\t<div class=\"elementor-background-overlay\"><\/div>\n\t\t\t\t\t\t\t<div class=\"elementor-container elementor-column-gap-default\">\n\t\t\t\t\t<div class=\"elementor-column elementor-col-100 elementor-top-column elementor-element elementor-element-47bd56b1\" data-id=\"47bd56b1\" data-element_type=\"column\" data-e-type=\"column\">\n\t\t\t<div class=\"elementor-widget-wrap elementor-element-populated\">\n\t\t\t\t\t\t<div class=\"elementor-element elementor-element-6a8040b6 elementor-widget elementor-widget-heading\" data-id=\"6a8040b6\" data-element_type=\"widget\" data-e-type=\"widget\" data-widget_type=\"heading.default\">\n\t\t\t\t<div class=\"elementor-widget-container\">\n\t\t\t\t\t<h1 class=\"elementor-heading-title elementor-size-default\">Highland cattle<\/h1>\t\t\t\t<\/div>\n\t\t\t\t<\/div>\n\t\t\t\t\t<\/div>\n\t\t<\/div>\n\t\t\t\t\t<\/div>\n\t\t<\/section>\n\t\t\t\t<section class=\"elementor-section elementor-top-section elementor-element elementor-element-8011a72 elementor-section-boxed elementor-section-height-default elementor-section-height-default\" data-id=\"8011a72\" data-element_type=\"section\" data-e-type=\"section\">\n\t\t\t\t\t\t<div class=\"elementor-container elementor-column-gap-default\">\n\t\t\t\t\t<div class=\"elementor-column elementor-col-100 elementor-top-column elementor-element elementor-element-8c4c2e6\" data-id=\"8c4c2e6\" data-element_type=\"column\" data-e-type=\"column\">\n\t\t\t<div class=\"elementor-widget-wrap elementor-element-populated\">\n\t\t\t\t\t\t<div class=\"elementor-element elementor-element-0264f58 elementor-widget elementor-widget-spacer\" data-id=\"0264f58\" data-element_type=\"widget\" data-e-type=\"widget\" data-widget_type=\"spacer.default\">\n\t\t\t\t<div class=\"elementor-widget-container\">\n\t\t\t\t\t\t\t<div class=\"elementor-spacer\">\n\t\t\t<div class=\"elementor-spacer-inner\"><\/div>\n\t\t<\/div>\n\t\t\t\t\t\t<\/div>\n\t\t\t\t<\/div>\n\t\t\t\t<div class=\"elementor-element elementor-element-73f1550 elementor-widget elementor-widget-heading\" data-id=\"73f1550\" data-element_type=\"widget\" data-e-type=\"widget\" data-widget_type=\"heading.default\">\n\t\t\t\t<div class=\"elementor-widget-container\">\n\t\t\t\t\t<h2 class=\"elementor-heading-title elementor-size-default\">V\u00e5ra djur betar fritt!<\/h2>\t\t\t\t<\/div>\n\t\t\t\t<\/div>\n\t\t\t\t<div class=\"elementor-element elementor-element-2d22e6d elementor-widget elementor-widget-text-editor\" data-id=\"2d22e6d\" data-element_type=\"widget\" data-e-type=\"widget\" data-widget_type=\"text-editor.default\">\n\t\t\t\t<div class=\"elementor-widget-container\">\n\t\t\t\t\t\t\t\t\t<p><span style=\"font-weight: 400;\">Highland cattle lever fritt \u00e5ret runt. Under sommaren betar de p\u00e5 v\u00e5ra traditionella biotopomr\u00e5den samt skyddszoner l\u00e4ngs med flodstr\u00e4nderna. P\u00e5 vintern h\u00e5lls de i vinterhagar, d\u00e4r de utfodras med ensilage sk\u00f6rdat under sommaren.   <\/span><\/p><p><span style=\"font-weight: 400;\">Highland cattle f\u00e5r varken spannm\u00e5l eller kraftfoder, vilket g\u00f6r att de v\u00e4xer l\u00e5ngsamt. Till skillnad fr\u00e5n andra k\u00f6ttraser slaktas tjurar f\u00f6rst vid cirka tre \u00e5rs \u00e5lder, och kvigor bet\u00e4cks vid 2\u20133 \u00e5rs \u00e5lder, beroende p\u00e5 deras tillv\u00e4xt. Highlandkor \u00e4r dock l\u00e5nglivade och kan forts\u00e4tta kalva upp till 15 \u00e5rs \u00e5lder.  <\/span><\/p>\t\t\t\t\t\t\t\t<\/div>\n\t\t\t\t<\/div>\n\t\t\t\t\t<\/div>\n\t\t<\/div>\n\t\t\t\t\t<\/div>\n\t\t<\/section>\n\t\t\t\t<section class=\"elementor-section elementor-top-section elementor-element elementor-element-72ee088 elementor-section-boxed elementor-section-height-default elementor-section-height-default\" data-id=\"72ee088\" data-element_type=\"section\" data-e-type=\"section\">\n\t\t\t\t\t\t<div class=\"elementor-container elementor-column-gap-default\">\n\t\t\t\t\t<div class=\"elementor-column elementor-col-100 elementor-top-column elementor-element elementor-element-ac28005\" data-id=\"ac28005\" data-element_type=\"column\" data-e-type=\"column\">\n\t\t\t<div class=\"elementor-widget-wrap elementor-element-populated\">\n\t\t\t\t\t\t<div class=\"elementor-element elementor-element-b650d3f elementor-widget elementor-widget-spacer\" data-id=\"b650d3f\" data-element_type=\"widget\" data-e-type=\"widget\" data-widget_type=\"spacer.default\">\n\t\t\t\t<div class=\"elementor-widget-container\">\n\t\t\t\t\t\t\t<div class=\"elementor-spacer\">\n\t\t\t<div class=\"elementor-spacer-inner\"><\/div>\n\t\t<\/div>\n\t\t\t\t\t\t<\/div>\n\t\t\t\t<\/div>\n\t\t\t\t<div class=\"elementor-element elementor-element-b6bf44f elementor-widget elementor-widget-heading\" data-id=\"b6bf44f\" data-element_type=\"widget\" data-e-type=\"widget\" data-widget_type=\"heading.default\">\n\t\t\t\t<div class=\"elementor-widget-container\">\n\t\t\t\t\t<h2 class=\"elementor-heading-title elementor-size-default\">Rasens historia<\/h2>\t\t\t\t<\/div>\n\t\t\t\t<\/div>\n\t\t\t\t<div class=\"elementor-element elementor-element-6c1f674 elementor-widget elementor-widget-text-editor\" data-id=\"6c1f674\" data-element_type=\"widget\" data-e-type=\"widget\" data-widget_type=\"text-editor.default\">\n\t\t\t\t<div class=\"elementor-widget-container\">\n\t\t\t\t\t\t\t\t\t<p><span style=\"font-weight: 400;\">Highland cattle, \u00e4ven kallad kyloe, \u00e4r en gammal boskapsras med en historia som \u00e4r f\u00f6rem\u00e5l f\u00f6r m\u00e5nga spekulationer. Enligt en legend ska kelterna ha f\u00f6rt dessa djur till Skottlands h\u00f6gl\u00e4nder och \u00f6ar n\u00e4r de flydde fr\u00e5n Romarriket.  <\/span><\/p><p><span style=\"font-weight: 400;\">Det finns ocks\u00e5 tecken p\u00e5 att vikingarna under sina korst\u00e5g och handelsresor transporterade boskap av highland-typ till Skandinavien. M\u00e5nga historiska reseskildringar visar att rasen funnits p\u00e5 Skottlands v\u00e4stkust, Hebriderna och i h\u00f6gl\u00e4nderna redan p\u00e5 1500-talet. <\/span><a href=\"http:\/\/www.scottishhighlandcattle.com.au\/\"><span style=\"font-weight: 400;\"> <\/span><\/a><span style=\"font-weight: 400;\">Oavsett den exakta ursprunget \u00e4r det s\u00e4kert att Highland cattle har anpassat sig perfekt till det karga och kyliga klimatet i h\u00f6gl\u00e4nderna. Med tiden utvecklades rasen naturligt f\u00f6r att \u00f6verleva p\u00e5 knappa naturresurser och fick en exceptionell f\u00f6rm\u00e5ga att ta upp n\u00e4ring effektivt.   <\/span><\/p><p><span style=\"font-weight: 400;\">F\u00f6r skotska arrendeb\u00f6nder var Highland-kor livsn\u00f6dv\u00e4ndiga. De klarade tuffa vintrar, producerade tillr\u00e4ckligt med mj\u00f6lk f\u00f6r b\u00e5de kalven och bondens familj, och deras blod tappades ibland f\u00f6r att komplettera kosten. Dessutom togs horn, p\u00e4ls och hudar tillvara f\u00f6r att tillverka verktyg och andra f\u00f6rem\u00e5l. Highland-kor var s\u00e5 v\u00e4rdefulla att de anv\u00e4ndes som valuta, vilket ofta ledde till konflikter och stridigheter mellan klaner.  <\/span><\/p><p><span style=\"font-weight: 400;\">K\u00e4lla: <\/span><a href=\"http:\/\/highlandcattle.fi\/\" target=\"_blank\" rel=\"noopener\"><span style=\"font-weight: 400;\">w<\/span><span style=\"font-weight: 400;\">ww.highland<\/span><span style=\"font-weight: 400;\">cattle.fi<\/span><\/a><\/p>\t\t\t\t\t\t\t\t<\/div>\n\t\t\t\t<\/div>\n\t\t\t\t\t<\/div>\n\t\t<\/div>\n\t\t\t\t\t<\/div>\n\t\t<\/section>\n\t\t\t\t<section class=\"elementor-section elementor-top-section elementor-element elementor-element-1d814221 elementor-section-boxed elementor-section-height-default elementor-section-height-default\" data-id=\"1d814221\" data-element_type=\"section\" data-e-type=\"section\" data-settings=\"{&quot;background_background&quot;:&quot;classic&quot;}\">\n\t\t\t\t\t\t<div class=\"elementor-container elementor-column-gap-default\">\n\t\t\t\t\t<div class=\"elementor-column elementor-col-100 elementor-top-column elementor-element elementor-element-6f6bcb0c\" data-id=\"6f6bcb0c\" data-element_type=\"column\" data-e-type=\"column\" data-settings=\"{&quot;background_background&quot;:&quot;classic&quot;}\">\n\t\t\t<div class=\"elementor-widget-wrap elementor-element-populated\">\n\t\t\t\t\t<div class=\"elementor-background-overlay\"><\/div>\n\t\t\t\t\t\t<div class=\"elementor-element elementor-element-a6dea16 elementor-view-stacked elementor-shape-circle elementor-widget elementor-widget-icon\" data-id=\"a6dea16\" data-element_type=\"widget\" data-e-type=\"widget\" data-widget_type=\"icon.default\">\n\t\t\t\t<div class=\"elementor-widget-container\">\n\t\t\t\t\t\t\t<div class=\"elementor-icon-wrapper\">\n\t\t\t<div class=\"elementor-icon\">\n\t\t\t\t\t\t\t<i class=\"fa fa-info\" aria-hidden=\"true\"><\/i>\n\t\t\t\t\t\t<\/div>\n\t\t<\/div>\n\t\t\t\t\t\t<\/div>\n\t\t\t\t<\/div>\n\t\t\t\t<div class=\"elementor-element elementor-element-2a2d011b elementor-widget elementor-widget-heading\" data-id=\"2a2d011b\" data-element_type=\"widget\" data-e-type=\"widget\" data-widget_type=\"heading.default\">\n\t\t\t\t<div class=\"elementor-widget-container\">\n\t\t\t\t\t<h2 class=\"elementor-heading-title elementor-size-default\">Lite fakta om Highland cattle<\/h2>\t\t\t\t<\/div>\n\t\t\t\t<\/div>\n\t\t\t\t<div class=\"elementor-element elementor-element-2b9150ac infolinkki elementor-widget elementor-widget-text-editor\" data-id=\"2b9150ac\" data-element_type=\"widget\" data-e-type=\"widget\" data-widget_type=\"text-editor.default\">\n\t\t\t\t<div class=\"elementor-widget-container\">\n\t\t\t\t\t\t\t\t\t<p><span style=\"font-weight: 400;\">Highland-kor har en hud som \u00e4r dubbelt s\u00e5 tjock som hos vanliga n\u00f6tkreatur. Deras p\u00e4ls best\u00e5r av tv\u00e5 lager: en varm, isolerande underull och ett grovt t\u00e4ckh\u00e5r, vilket g\u00f6r att de kan leva utomhus \u00e4ven p\u00e5 vintern. Rasen \u00e4r s\u00e4rskilt anpassad f\u00f6r betning p\u00e5 karga naturbeten, skogsmarker och \u00f6deomr\u00e5den. Highland cattle v\u00e4xer l\u00e5ngsamt, men de \u00e4r \u00e5 andra sidan extremt friska och l\u00e5nglivade.    <\/span><\/p><p>K\u00e4lla: <a href=\"https:\/\/fi.wikipedia.org\/wiki\/Yl%C3%A4maankarja\" target=\"_blank\" rel=\"noopener\">Wikipedia<\/a><\/p>\t\t\t\t\t\t\t\t<\/div>\n\t\t\t\t<\/div>\n\t\t\t\t\t<\/div>\n\t\t<\/div>\n\t\t\t\t\t<\/div>\n\t\t<\/section>\n\t\t\t\t<section class=\"elementor-section elementor-top-section elementor-element elementor-element-83af4f6 elementor-section-boxed elementor-section-height-default elementor-section-height-default\" data-id=\"83af4f6\" data-element_type=\"section\" data-e-type=\"section\">\n\t\t\t\t\t\t<div class=\"elementor-container elementor-column-gap-default\">\n\t\t\t\t\t<div class=\"elementor-column elementor-col-100 elementor-top-column elementor-element elementor-element-5c4c0e3\" data-id=\"5c4c0e3\" data-element_type=\"column\" data-e-type=\"column\">\n\t\t\t<div class=\"elementor-widget-wrap elementor-element-populated\">\n\t\t\t\t\t\t<div class=\"elementor-element elementor-element-8794c9f elementor-widget elementor-widget-spacer\" data-id=\"8794c9f\" data-element_type=\"widget\" data-e-type=\"widget\" data-widget_type=\"spacer.default\">\n\t\t\t\t<div class=\"elementor-widget-container\">\n\t\t\t\t\t\t\t<div class=\"elementor-spacer\">\n\t\t\t<div class=\"elementor-spacer-inner\"><\/div>\n\t\t<\/div>\n\t\t\t\t\t\t<\/div>\n\t\t\t\t<\/div>\n\t\t\t\t<div class=\"elementor-element elementor-element-fea5392 elementor-widget elementor-widget-heading\" data-id=\"fea5392\" data-element_type=\"widget\" data-e-type=\"widget\" data-widget_type=\"heading.default\">\n\t\t\t\t<div class=\"elementor-widget-container\">\n\t\t\t\t\t<h2 class=\"elementor-heading-title elementor-size-default\">F\u00f6rs\u00e4ljning av djur<\/h2>\t\t\t\t<\/div>\n\t\t\t\t<\/div>\n\t\t\t\t<div class=\"elementor-element elementor-element-0cc4ddd elementor-widget elementor-widget-text-editor\" data-id=\"0cc4ddd\" data-element_type=\"widget\" data-e-type=\"widget\" data-widget_type=\"text-editor.default\">\n\t\t\t\t<div class=\"elementor-widget-container\">\n\t\t\t\t\t\t\t\t\t<p>Vi s<span style=\"font-weight: 400;\">\u00e4ljer ibland <\/span>djur till <span style=\"font-weight: 400;\">andra g\u00e5rdar. I<\/span>nfor<span style=\"font-weight: 400;\">mation om tillg\u00e4ngliga <\/span>djur p<span style=\"font-weight: 400;\">ubliceras p\u00e5 v\u00e5r aktue<\/span>llt-sida.<\/p>\t\t\t\t\t\t\t\t<\/div>\n\t\t\t\t<\/div>\n\t\t\t\t\t<\/div>\n\t\t<\/div>\n\t\t\t\t\t<\/div>\n\t\t<\/section>\n\t\t\t\t<section class=\"elementor-section elementor-top-section elementor-element elementor-element-e0fbfc3 elementor-section-boxed elementor-section-height-default elementor-section-height-default\" data-id=\"e0fbfc3\" data-element_type=\"section\" data-e-type=\"section\">\n\t\t\t\t\t\t<div class=\"elementor-container elementor-column-gap-default\">\n\t\t\t\t\t<div class=\"elementor-column elementor-col-100 elementor-top-column elementor-element elementor-element-40f591f\" data-id=\"40f591f\" data-element_type=\"column\" data-e-type=\"column\">\n\t\t\t<div class=\"elementor-widget-wrap elementor-element-populated\">\n\t\t\t\t\t\t<div class=\"elementor-element elementor-element-1b52557 elementor-widget elementor-widget-spacer\" data-id=\"1b52557\" data-element_type=\"widget\" data-e-type=\"widget\" data-widget_type=\"spacer.default\">\n\t\t\t\t<div class=\"elementor-widget-container\">\n\t\t\t\t\t\t\t<div class=\"elementor-spacer\">\n\t\t\t<div class=\"elementor-spacer-inner\"><\/div>\n\t\t<\/div>\n\t\t\t\t\t\t<\/div>\n\t\t\t\t<\/div>\n\t\t\t\t\t<\/div>\n\t\t<\/div>\n\t\t\t\t\t<\/div>\n\t\t<\/section>\n\t\t\t\t<\/div>\n\t\t","protected":false},"excerpt":{"rendered":"<p>Highland cattle V\u00e5ra djur betar fritt! Highland cattle lever fritt \u00e5ret runt. Under sommaren betar de p\u00e5 v\u00e5ra traditionella biotopomr\u00e5den samt skyddszoner l\u00e4ngs med flodstr\u00e4nderna. P\u00e5 vintern h\u00e5lls de i vinterhagar, d\u00e4r de utfodras med ensilage sk\u00f6rdat under sommaren. Highland cattle f\u00e5r varken spannm\u00e5l eller kraftfoder, vilket g\u00f6r att de v\u00e4xer l\u00e5ngsamt. Till skillnad fr\u00e5n &#8230; <\/p>\n<p class=\"read-more-container\"><a title=\"Highland cattle\" class=\"read-more button\" href=\"https:\/\/leipyoli.com\/sv\/garden\/highland-cattle\/#more-1797\" aria-label=\"L\u00e4s mer om Highland cattle\">Lue lis\u00e4\u00e4<\/a><\/p>\n","protected":false},"author":1,"featured_media":0,"parent":1722,"menu_order":0,"comment_status":"closed","ping_status":"closed","template":"","meta":{"inline_featured_image":false,"footnotes":""},"class_list":["post-1797","page","type-page","status-publish"],"yoast_head":"<!-- This site is optimized with the Yoast SEO plugin v27.4 - https:\/\/yoast.com\/product\/yoast-seo-wordpress\/ -->\n<title>Leipy\u00f6lin tila - Highland cattle<\/title>\n<meta name=\"description\" content=\"V\u00e5ra Highland cattle betar fritt! P\u00e5 sommaren betar de p\u00e5 v\u00e5ra traditionella biotopomr\u00e5den och skyddszoner l\u00e4ngs floden. P\u00e5 vintern h\u00e5lls de i hagar och utfodras med ensilage sk\u00f6rdat under sommaren.\" \/>\n<meta name=\"robots\" content=\"index, follow, max-snippet:-1, max-image-preview:large, max-video-preview:-1\" \/>\n<link rel=\"canonical\" href=\"https:\/\/leipyoli.com\/sv\/garden\/highland-cattle\/\" \/>\n<meta property=\"og:locale\" content=\"sv_SE\" \/>\n<meta property=\"og:type\" content=\"article\" \/>\n<meta property=\"og:title\" content=\"Leipy\u00f6lin tila - Highland cattle\" \/>\n<meta property=\"og:description\" content=\"V\u00e5ra Highland cattle betar fritt! P\u00e5 sommaren betar de p\u00e5 v\u00e5ra traditionella biotopomr\u00e5den och skyddszoner l\u00e4ngs floden. P\u00e5 vintern h\u00e5lls de i hagar och utfodras med ensilage sk\u00f6rdat under sommaren.\" \/>\n<meta property=\"og:url\" content=\"https:\/\/leipyoli.com\/sv\/garden\/highland-cattle\/\" \/>\n<meta property=\"og:site_name\" content=\"Leipy\u00f6lin tila\" \/>\n<meta property=\"article:publisher\" content=\"https:\/\/www.facebook.com\/leipyolintila\" \/>\n<meta property=\"article:modified_time\" content=\"2025-02-20T19:03:10+00:00\" \/>\n<meta property=\"og:image\" content=\"https:\/\/leipyoli.com\/wp-content\/uploads\/2018\/03\/leipyolin_tila-FB.jpg\" \/>\n\t<meta property=\"og:image:width\" content=\"1200\" \/>\n\t<meta property=\"og:image:height\" content=\"630\" \/>\n\t<meta property=\"og:image:type\" content=\"image\/jpeg\" \/>\n<meta name=\"twitter:card\" content=\"summary_large_image\" \/>\n<meta name=\"twitter:label1\" content=\"Ber\u00e4knad l\u00e4stid\" \/>\n\t<meta name=\"twitter:data1\" content=\"2 minuter\" \/>\n<script type=\"application\/ld+json\" class=\"yoast-schema-graph\">{\"@context\":\"https:\\\/\\\/schema.org\",\"@graph\":[{\"@type\":\"WebPage\",\"@id\":\"https:\\\/\\\/leipyoli.com\\\/sv\\\/garden\\\/highland-cattle\\\/\",\"url\":\"https:\\\/\\\/leipyoli.com\\\/sv\\\/garden\\\/highland-cattle\\\/\",\"name\":\"Leipy\u00f6lin tila - Highland cattle\",\"isPartOf\":{\"@id\":\"https:\\\/\\\/leipyoli.com\\\/sv\\\/#website\"},\"datePublished\":\"2017-11-20T13:24:39+00:00\",\"dateModified\":\"2025-02-20T19:03:10+00:00\",\"description\":\"V\u00e5ra Highland cattle betar fritt! P\u00e5 sommaren betar de p\u00e5 v\u00e5ra traditionella biotopomr\u00e5den och skyddszoner l\u00e4ngs floden. P\u00e5 vintern h\u00e5lls de i hagar och utfodras med ensilage sk\u00f6rdat under sommaren.\",\"breadcrumb\":{\"@id\":\"https:\\\/\\\/leipyoli.com\\\/sv\\\/garden\\\/highland-cattle\\\/#breadcrumb\"},\"inLanguage\":\"sv-SE\",\"potentialAction\":[{\"@type\":\"ReadAction\",\"target\":[\"https:\\\/\\\/leipyoli.com\\\/sv\\\/garden\\\/highland-cattle\\\/\"]}]},{\"@type\":\"BreadcrumbList\",\"@id\":\"https:\\\/\\\/leipyoli.com\\\/sv\\\/garden\\\/highland-cattle\\\/#breadcrumb\",\"itemListElement\":[{\"@type\":\"ListItem\",\"position\":1,\"name\":\"Home\",\"item\":\"https:\\\/\\\/leipyoli.com\\\/sv\\\/startsida\\\/\"},{\"@type\":\"ListItem\",\"position\":2,\"name\":\"G\u00e5rden\",\"item\":\"https:\\\/\\\/leipyoli.com\\\/sv\\\/garden\\\/\"},{\"@type\":\"ListItem\",\"position\":3,\"name\":\"Highland cattle\"}]},{\"@type\":\"WebSite\",\"@id\":\"https:\\\/\\\/leipyoli.com\\\/sv\\\/#website\",\"url\":\"https:\\\/\\\/leipyoli.com\\\/sv\\\/\",\"name\":\"Leipy\u00f6lin tila\",\"description\":\"Maanviljely\u00e4, yl\u00e4maankarjaa ja maatilamatkaulua Salossa!\",\"publisher\":{\"@id\":\"https:\\\/\\\/leipyoli.com\\\/sv\\\/#organization\"},\"potentialAction\":[{\"@type\":\"SearchAction\",\"target\":{\"@type\":\"EntryPoint\",\"urlTemplate\":\"https:\\\/\\\/leipyoli.com\\\/sv\\\/?s={search_term_string}\"},\"query-input\":{\"@type\":\"PropertyValueSpecification\",\"valueRequired\":true,\"valueName\":\"search_term_string\"}}],\"inLanguage\":\"sv-SE\"},{\"@type\":\"Organization\",\"@id\":\"https:\\\/\\\/leipyoli.com\\\/sv\\\/#organization\",\"name\":\"Leipy\u00f6lin tila\",\"url\":\"https:\\\/\\\/leipyoli.com\\\/sv\\\/\",\"logo\":{\"@type\":\"ImageObject\",\"inLanguage\":\"sv-SE\",\"@id\":\"https:\\\/\\\/leipyoli.com\\\/sv\\\/#\\\/schema\\\/logo\\\/image\\\/\",\"url\":\"https:\\\/\\\/leipyoli.com\\\/wp-content\\\/uploads\\\/2017\\\/11\\\/leipyoli-logo-nav.svg\",\"contentUrl\":\"https:\\\/\\\/leipyoli.com\\\/wp-content\\\/uploads\\\/2017\\\/11\\\/leipyoli-logo-nav.svg\",\"width\":1,\"height\":1,\"caption\":\"Leipy\u00f6lin tila\"},\"image\":{\"@id\":\"https:\\\/\\\/leipyoli.com\\\/sv\\\/#\\\/schema\\\/logo\\\/image\\\/\"},\"sameAs\":[\"https:\\\/\\\/www.facebook.com\\\/leipyolintila\"]}]}<\/script>\n<!-- \/ Yoast SEO plugin. -->","yoast_head_json":{"title":"Leipy\u00f6lin tila - Highland cattle","description":"V\u00e5ra Highland cattle betar fritt! P\u00e5 sommaren betar de p\u00e5 v\u00e5ra traditionella biotopomr\u00e5den och skyddszoner l\u00e4ngs floden. P\u00e5 vintern h\u00e5lls de i hagar och utfodras med ensilage sk\u00f6rdat under sommaren.","robots":{"index":"index","follow":"follow","max-snippet":"max-snippet:-1","max-image-preview":"max-image-preview:large","max-video-preview":"max-video-preview:-1"},"canonical":"https:\/\/leipyoli.com\/sv\/garden\/highland-cattle\/","og_locale":"sv_SE","og_type":"article","og_title":"Leipy\u00f6lin tila - Highland cattle","og_description":"V\u00e5ra Highland cattle betar fritt! P\u00e5 sommaren betar de p\u00e5 v\u00e5ra traditionella biotopomr\u00e5den och skyddszoner l\u00e4ngs floden. P\u00e5 vintern h\u00e5lls de i hagar och utfodras med ensilage sk\u00f6rdat under sommaren.","og_url":"https:\/\/leipyoli.com\/sv\/garden\/highland-cattle\/","og_site_name":"Leipy\u00f6lin tila","article_publisher":"https:\/\/www.facebook.com\/leipyolintila","article_modified_time":"2025-02-20T19:03:10+00:00","og_image":[{"width":1200,"height":630,"url":"https:\/\/leipyoli.com\/wp-content\/uploads\/2018\/03\/leipyolin_tila-FB.jpg","type":"image\/jpeg"}],"twitter_card":"summary_large_image","twitter_misc":{"Ber\u00e4knad l\u00e4stid":"2 minuter"},"schema":{"@context":"https:\/\/schema.org","@graph":[{"@type":"WebPage","@id":"https:\/\/leipyoli.com\/sv\/garden\/highland-cattle\/","url":"https:\/\/leipyoli.com\/sv\/garden\/highland-cattle\/","name":"Leipy\u00f6lin tila - Highland cattle","isPartOf":{"@id":"https:\/\/leipyoli.com\/sv\/#website"},"datePublished":"2017-11-20T13:24:39+00:00","dateModified":"2025-02-20T19:03:10+00:00","description":"V\u00e5ra Highland cattle betar fritt! P\u00e5 sommaren betar de p\u00e5 v\u00e5ra traditionella biotopomr\u00e5den och skyddszoner l\u00e4ngs floden. P\u00e5 vintern h\u00e5lls de i hagar och utfodras med ensilage sk\u00f6rdat under sommaren.","breadcrumb":{"@id":"https:\/\/leipyoli.com\/sv\/garden\/highland-cattle\/#breadcrumb"},"inLanguage":"sv-SE","potentialAction":[{"@type":"ReadAction","target":["https:\/\/leipyoli.com\/sv\/garden\/highland-cattle\/"]}]},{"@type":"BreadcrumbList","@id":"https:\/\/leipyoli.com\/sv\/garden\/highland-cattle\/#breadcrumb","itemListElement":[{"@type":"ListItem","position":1,"name":"Home","item":"https:\/\/leipyoli.com\/sv\/startsida\/"},{"@type":"ListItem","position":2,"name":"G\u00e5rden","item":"https:\/\/leipyoli.com\/sv\/garden\/"},{"@type":"ListItem","position":3,"name":"Highland cattle"}]},{"@type":"WebSite","@id":"https:\/\/leipyoli.com\/sv\/#website","url":"https:\/\/leipyoli.com\/sv\/","name":"Leipy\u00f6lin tila","description":"Maanviljely\u00e4, yl\u00e4maankarjaa ja maatilamatkaulua Salossa!","publisher":{"@id":"https:\/\/leipyoli.com\/sv\/#organization"},"potentialAction":[{"@type":"SearchAction","target":{"@type":"EntryPoint","urlTemplate":"https:\/\/leipyoli.com\/sv\/?s={search_term_string}"},"query-input":{"@type":"PropertyValueSpecification","valueRequired":true,"valueName":"search_term_string"}}],"inLanguage":"sv-SE"},{"@type":"Organization","@id":"https:\/\/leipyoli.com\/sv\/#organization","name":"Leipy\u00f6lin tila","url":"https:\/\/leipyoli.com\/sv\/","logo":{"@type":"ImageObject","inLanguage":"sv-SE","@id":"https:\/\/leipyoli.com\/sv\/#\/schema\/logo\/image\/","url":"https:\/\/leipyoli.com\/wp-content\/uploads\/2017\/11\/leipyoli-logo-nav.svg","contentUrl":"https:\/\/leipyoli.com\/wp-content\/uploads\/2017\/11\/leipyoli-logo-nav.svg","width":1,"height":1,"caption":"Leipy\u00f6lin tila"},"image":{"@id":"https:\/\/leipyoli.com\/sv\/#\/schema\/logo\/image\/"},"sameAs":["https:\/\/www.facebook.com\/leipyolintila"]}]}},"_links":{"self":[{"href":"https:\/\/leipyoli.com\/sv\/wp-json\/wp\/v2\/pages\/1797","targetHints":{"allow":["GET"]}}],"collection":[{"href":"https:\/\/leipyoli.com\/sv\/wp-json\/wp\/v2\/pages"}],"about":[{"href":"https:\/\/leipyoli.com\/sv\/wp-json\/wp\/v2\/types\/page"}],"author":[{"embeddable":true,"href":"https:\/\/leipyoli.com\/sv\/wp-json\/wp\/v2\/users\/1"}],"replies":[{"embeddable":true,"href":"https:\/\/leipyoli.com\/sv\/wp-json\/wp\/v2\/comments?post=1797"}],"version-history":[{"count":1,"href":"https:\/\/leipyoli.com\/sv\/wp-json\/wp\/v2\/pages\/1797\/revisions"}],"predecessor-version":[{"id":1798,"href":"https:\/\/leipyoli.com\/sv\/wp-json\/wp\/v2\/pages\/1797\/revisions\/1798"}],"up":[{"embeddable":true,"href":"https:\/\/leipyoli.com\/sv\/wp-json\/wp\/v2\/pages\/1722"}],"wp:attachment":[{"href":"https:\/\/leipyoli.com\/sv\/wp-json\/wp\/v2\/media?parent=1797"}],"curies":[{"name":"wp","href":"https:\/\/api.w.org\/{rel}","templated":true}]}}