{"id":1829,"date":"2017-11-20T15:31:22","date_gmt":"2017-11-20T13:31:22","guid":{"rendered":"https:\/\/leipyoli.com\/gardsturism\/motestjanster\/"},"modified":"2025-02-21T13:03:48","modified_gmt":"2025-02-21T11:03:48","slug":"motestjanster","status":"publish","type":"page","link":"https:\/\/leipyoli.com\/sv\/gardsturism\/motestjanster\/","title":{"rendered":"M\u00f6testj\u00e4nster"},"content":{"rendered":"\t\t<div data-elementor-type=\"wp-post\" data-elementor-id=\"1829\" class=\"elementor elementor-1829 elementor-147 elementor-bc-flex-widget\" data-elementor-post-type=\"page\">\n\t\t\t\t\t\t<section class=\"elementor-section elementor-top-section elementor-element elementor-element-107756c9 elementor-section-height-min-height elementor-section-boxed elementor-section-height-default elementor-section-items-middle\" data-id=\"107756c9\" data-element_type=\"section\" data-e-type=\"section\" data-settings=\"{&quot;background_background&quot;:&quot;classic&quot;}\">\n\t\t\t\t\t\t\t<div class=\"elementor-background-overlay\"><\/div>\n\t\t\t\t\t\t\t<div class=\"elementor-container elementor-column-gap-default\">\n\t\t\t\t\t<div class=\"elementor-column elementor-col-100 elementor-top-column elementor-element elementor-element-1c3b7f26\" data-id=\"1c3b7f26\" data-element_type=\"column\" data-e-type=\"column\">\n\t\t\t<div class=\"elementor-widget-wrap elementor-element-populated\">\n\t\t\t\t\t\t<div class=\"elementor-element elementor-element-6469f695 elementor-widget elementor-widget-heading\" data-id=\"6469f695\" data-element_type=\"widget\" data-e-type=\"widget\" data-widget_type=\"heading.default\">\n\t\t\t\t<div class=\"elementor-widget-container\">\n\t\t\t\t\t<h1 class=\"elementor-heading-title elementor-size-default\">En lugn plats f\u00f6r ditt m\u00f6te<\/h1>\t\t\t\t<\/div>\n\t\t\t\t<\/div>\n\t\t\t\t\t<\/div>\n\t\t<\/div>\n\t\t\t\t\t<\/div>\n\t\t<\/section>\n\t\t\t\t<section class=\"elementor-section elementor-top-section elementor-element elementor-element-7ae621e2 elementor-section-boxed elementor-section-height-default elementor-section-height-default\" data-id=\"7ae621e2\" data-element_type=\"section\" data-e-type=\"section\">\n\t\t\t\t\t\t<div class=\"elementor-container elementor-column-gap-default\">\n\t\t\t\t\t<div class=\"elementor-column elementor-col-100 elementor-top-column elementor-element elementor-element-272f308\" data-id=\"272f308\" data-element_type=\"column\" data-e-type=\"column\">\n\t\t\t<div class=\"elementor-widget-wrap elementor-element-populated\">\n\t\t\t\t\t\t<div class=\"elementor-element elementor-element-45b5df8f elementor-widget elementor-widget-spacer\" data-id=\"45b5df8f\" data-element_type=\"widget\" data-e-type=\"widget\" data-widget_type=\"spacer.default\">\n\t\t\t\t<div class=\"elementor-widget-container\">\n\t\t\t\t\t\t\t<div class=\"elementor-spacer\">\n\t\t\t<div class=\"elementor-spacer-inner\"><\/div>\n\t\t<\/div>\n\t\t\t\t\t\t<\/div>\n\t\t\t\t<\/div>\n\t\t\t\t<div class=\"elementor-element elementor-element-294faddc elementor-widget elementor-widget-heading\" data-id=\"294faddc\" data-element_type=\"widget\" data-e-type=\"widget\" data-widget_type=\"heading.default\">\n\t\t\t\t<div class=\"elementor-widget-container\">\n\t\t\t\t\t<h2 class=\"elementor-heading-title elementor-size-default\">Lokal och utrustning<\/h2>\t\t\t\t<\/div>\n\t\t\t\t<\/div>\n\t\t\t\t<div class=\"elementor-element elementor-element-59ad39f elementor-widget elementor-widget-text-editor\" data-id=\"59ad39f\" data-element_type=\"widget\" data-e-type=\"widget\" data-widget_type=\"text-editor.default\">\n\t\t\t\t<div class=\"elementor-widget-container\">\n\t\t\t\t\t\t\t\t\t<p><span style=\"font-weight: 400;\">H\u00e5ll ditt m\u00f6te, utbildning, teamdag eller rekreationsdag p\u00e5 Leipy\u00f6li-g\u00e5rden \u2013 f\u00f6r en dag eller flera! Vi erbjuder en bekv\u00e4m och lugn m\u00f6teslokal f\u00f6r upp till 30 personer. M\u00f6tesrummet \u00e4r utrustat med tr\u00e5dl\u00f6st internet, projektor, duk, TV och bl\u00e4dderblock med pennor. Under m\u00f6tet finns det kaffe och andra drycker tillg\u00e4ngliga.   <\/span><\/p>\t\t\t\t\t\t\t\t<\/div>\n\t\t\t\t<\/div>\n\t\t\t\t\t<\/div>\n\t\t<\/div>\n\t\t\t\t\t<\/div>\n\t\t<\/section>\n\t\t\t\t<section class=\"elementor-section elementor-top-section elementor-element elementor-element-fb1f5c2 elementor-section-boxed elementor-section-height-default elementor-section-height-default\" data-id=\"fb1f5c2\" data-element_type=\"section\" data-e-type=\"section\" data-settings=\"{&quot;background_background&quot;:&quot;classic&quot;}\">\n\t\t\t\t\t\t<div class=\"elementor-container elementor-column-gap-default\">\n\t\t\t\t\t<div class=\"elementor-column elementor-col-100 elementor-top-column elementor-element elementor-element-861ab96\" data-id=\"861ab96\" data-element_type=\"column\" data-e-type=\"column\" data-settings=\"{&quot;background_background&quot;:&quot;classic&quot;}\">\n\t\t\t<div class=\"elementor-widget-wrap elementor-element-populated\">\n\t\t\t\t\t<div class=\"elementor-background-overlay\"><\/div>\n\t\t\t\t\t\t<div class=\"elementor-element elementor-element-69437403 elementor-view-stacked elementor-shape-circle elementor-widget elementor-widget-icon\" data-id=\"69437403\" data-element_type=\"widget\" data-e-type=\"widget\" data-widget_type=\"icon.default\">\n\t\t\t\t<div class=\"elementor-widget-container\">\n\t\t\t\t\t\t\t<div class=\"elementor-icon-wrapper\">\n\t\t\t<div class=\"elementor-icon\">\n\t\t\t\t\t\t\t<i class=\"fa fa-info\" aria-hidden=\"true\"><\/i>\n\t\t\t\t\t\t<\/div>\n\t\t<\/div>\n\t\t\t\t\t\t<\/div>\n\t\t\t\t<\/div>\n\t\t\t\t<div class=\"elementor-element elementor-element-1f6884f1 elementor-widget elementor-widget-heading\" data-id=\"1f6884f1\" data-element_type=\"widget\" data-e-type=\"widget\" data-widget_type=\"heading.default\">\n\t\t\t\t<div class=\"elementor-widget-container\">\n\t\t\t\t\t<h2 class=\"elementor-heading-title elementor-size-default\">Ett litet tips<\/h2>\t\t\t\t<\/div>\n\t\t\t\t<\/div>\n\t\t\t\t<div class=\"elementor-element elementor-element-2cf68c9b elementor-widget elementor-widget-text-editor\" data-id=\"2cf68c9b\" data-element_type=\"widget\" data-e-type=\"widget\" data-widget_type=\"text-editor.default\">\n\t\t\t\t<div class=\"elementor-widget-container\">\n\t\t\t\t\t\t\t\t\t<p><span style=\"font-weight: 400;\">Om v\u00e4dret till\u00e5ter kan en del av m\u00f6tet h\u00e5llas utomhus \u2013 exempelvis vid \u00e5kerkanten eller vid en mysig, knastrande brasa. Hos oss \u00e4r det fullt m\u00f6jligt! <\/span><\/p>\t\t\t\t\t\t\t\t<\/div>\n\t\t\t\t<\/div>\n\t\t\t\t\t<\/div>\n\t\t<\/div>\n\t\t\t\t\t<\/div>\n\t\t<\/section>\n\t\t\t\t<section class=\"elementor-section elementor-top-section elementor-element elementor-element-4fb1b1e1 elementor-section-boxed elementor-section-height-default elementor-section-height-default\" data-id=\"4fb1b1e1\" data-element_type=\"section\" data-e-type=\"section\">\n\t\t\t\t\t\t<div class=\"elementor-container elementor-column-gap-default\">\n\t\t\t\t\t<div class=\"elementor-column elementor-col-100 elementor-top-column elementor-element elementor-element-f1ed95c\" data-id=\"f1ed95c\" data-element_type=\"column\" data-e-type=\"column\">\n\t\t\t<div class=\"elementor-widget-wrap elementor-element-populated\">\n\t\t\t\t\t\t<div class=\"elementor-element elementor-element-120bd7b2 elementor-widget elementor-widget-spacer\" data-id=\"120bd7b2\" data-element_type=\"widget\" data-e-type=\"widget\" data-widget_type=\"spacer.default\">\n\t\t\t\t<div class=\"elementor-widget-container\">\n\t\t\t\t\t\t\t<div class=\"elementor-spacer\">\n\t\t\t<div class=\"elementor-spacer-inner\"><\/div>\n\t\t<\/div>\n\t\t\t\t\t\t<\/div>\n\t\t\t\t<\/div>\n\t\t\t\t<div class=\"elementor-element elementor-element-434319e elementor-widget elementor-widget-heading\" data-id=\"434319e\" data-element_type=\"widget\" data-e-type=\"widget\" data-widget_type=\"heading.default\">\n\t\t\t\t<div class=\"elementor-widget-container\">\n\t\t\t\t\t<h2 class=\"elementor-heading-title elementor-size-default\">Skr\u00e4ddarsydda m\u00f6jligheter<\/h2>\t\t\t\t<\/div>\n\t\t\t\t<\/div>\n\t\t\t\t<div class=\"elementor-element elementor-element-8047054 elementor-widget elementor-widget-text-editor\" data-id=\"8047054\" data-element_type=\"widget\" data-e-type=\"widget\" data-widget_type=\"text-editor.default\">\n\t\t\t\t<div class=\"elementor-widget-container\">\n\t\t\t\t\t\t\t\t\t<p><span style=\"font-weight: 400;\">M\u00f6tespaketen kan skr\u00e4ddarsys med m\u00e5ltider, \u00f6vernattning och olika aktiviteter. Tillg\u00e4ngliga m\u00e5ltidsalternativ inkluderar frukost eller morgonkaffe, lunch, eftermiddagskaffe och middag. Vid behov kan vi \u00e4ven ordna s\u00e4rskilda l\u00f6sningar s\u00e5som grillkv\u00e4llar eller traditionellt kokkaffe (&#8221;nokipannukahvi&#8221;) \u00f6ver \u00f6ppen eld.  <\/span><\/p><p><span style=\"font-weight: 400;\">Vi erbjuder m\u00e5nga aktiviteter. P\u00e5 g\u00e5rden finns m\u00f6jligheter f\u00f6r fiske, paddling, b\u00e5tturer, vandring, skogsgolf och bastubad. I samarbete med lokala entrepren\u00f6rer kan vi \u00e4ven ordna paintball, frisbeegolf eller g\u00e5rdst\u00e4vlingar. Om din grupp beh\u00f6ver boende, s\u00e5 ordnar vi sj\u00e4lvklart \u00e4ven det!   <\/span><\/p>\t\t\t\t\t\t\t\t<\/div>\n\t\t\t\t<\/div>\n\t\t\t\t\t<\/div>\n\t\t<\/div>\n\t\t\t\t\t<\/div>\n\t\t<\/section>\n\t\t\t\t<section class=\"elementor-section elementor-top-section elementor-element elementor-element-66ed84bf elementor-section-boxed elementor-section-height-default elementor-section-height-default\" data-id=\"66ed84bf\" data-element_type=\"section\" data-e-type=\"section\">\n\t\t\t\t\t\t<div class=\"elementor-container elementor-column-gap-default\">\n\t\t\t\t\t<div class=\"elementor-column elementor-col-100 elementor-top-column elementor-element elementor-element-23fab17a\" data-id=\"23fab17a\" data-element_type=\"column\" data-e-type=\"column\">\n\t\t\t<div class=\"elementor-widget-wrap elementor-element-populated\">\n\t\t\t\t\t\t<div class=\"elementor-element elementor-element-a762ed9 elementor-widget elementor-widget-spacer\" data-id=\"a762ed9\" data-element_type=\"widget\" data-e-type=\"widget\" data-widget_type=\"spacer.default\">\n\t\t\t\t<div class=\"elementor-widget-container\">\n\t\t\t\t\t\t\t<div class=\"elementor-spacer\">\n\t\t\t<div class=\"elementor-spacer-inner\"><\/div>\n\t\t<\/div>\n\t\t\t\t\t\t<\/div>\n\t\t\t\t<\/div>\n\t\t\t\t\t<\/div>\n\t\t<\/div>\n\t\t\t\t\t<\/div>\n\t\t<\/section>\n\t\t\t\t<\/div>\n\t\t","protected":false},"excerpt":{"rendered":"<p>En lugn plats f\u00f6r ditt m\u00f6te Lokal och utrustning H\u00e5ll ditt m\u00f6te, utbildning, teamdag eller rekreationsdag p\u00e5 Leipy\u00f6li-g\u00e5rden \u2013 f\u00f6r en dag eller flera! Vi erbjuder en bekv\u00e4m och lugn m\u00f6teslokal f\u00f6r upp till 30 personer. M\u00f6tesrummet \u00e4r utrustat med tr\u00e5dl\u00f6st internet, projektor, duk, TV och bl\u00e4dderblock med pennor. Under m\u00f6tet finns det kaffe och &#8230; <\/p>\n<p class=\"read-more-container\"><a title=\"M\u00f6testj\u00e4nster\" class=\"read-more button\" href=\"https:\/\/leipyoli.com\/sv\/gardsturism\/motestjanster\/#more-1829\" aria-label=\"L\u00e4s mer om M\u00f6testj\u00e4nster\">Lue lis\u00e4\u00e4<\/a><\/p>\n","protected":false},"author":1,"featured_media":0,"parent":1807,"menu_order":0,"comment_status":"closed","ping_status":"closed","template":"","meta":{"inline_featured_image":false,"footnotes":""},"class_list":["post-1829","page","type-page","status-publish"],"yoast_head":"<!-- This site is optimized with the Yoast SEO plugin v27.4 - https:\/\/yoast.com\/product\/yoast-seo-wordpress\/ -->\n<title>Leipy\u00f6lin tila - M\u00f6testj\u00e4nster<\/title>\n<meta name=\"description\" content=\"H\u00e5ll ditt m\u00f6te, utbildning, teamdag eller rekreationsdag p\u00e5 Leipy\u00f6li-g\u00e5rden \u2013 f\u00f6r en dag eller flera! Vi erbjuder en bekv\u00e4m och lugn m\u00f6teslokal f\u00f6r upp till 30 personer.\" \/>\n<meta name=\"robots\" content=\"index, follow, max-snippet:-1, max-image-preview:large, max-video-preview:-1\" \/>\n<link rel=\"canonical\" href=\"https:\/\/leipyoli.com\/sv\/gardsturism\/motestjanster\/\" \/>\n<meta property=\"og:locale\" content=\"sv_SE\" \/>\n<meta property=\"og:type\" content=\"article\" \/>\n<meta property=\"og:title\" content=\"Leipy\u00f6lin tila - M\u00f6testj\u00e4nster\" \/>\n<meta property=\"og:description\" content=\"H\u00e5ll ditt m\u00f6te, utbildning, teamdag eller rekreationsdag p\u00e5 Leipy\u00f6li-g\u00e5rden \u2013 f\u00f6r en dag eller flera! Vi erbjuder en bekv\u00e4m och lugn m\u00f6teslokal f\u00f6r upp till 30 personer.\" \/>\n<meta property=\"og:url\" content=\"https:\/\/leipyoli.com\/sv\/gardsturism\/motestjanster\/\" \/>\n<meta property=\"og:site_name\" content=\"Leipy\u00f6lin tila\" \/>\n<meta property=\"article:publisher\" content=\"https:\/\/www.facebook.com\/leipyolintila\" \/>\n<meta property=\"article:modified_time\" content=\"2025-02-21T11:03:48+00:00\" \/>\n<meta property=\"og:image\" content=\"https:\/\/leipyoli.com\/wp-content\/uploads\/2018\/03\/leipyolin_tila-FB.jpg\" \/>\n\t<meta property=\"og:image:width\" content=\"1200\" \/>\n\t<meta property=\"og:image:height\" content=\"630\" \/>\n\t<meta property=\"og:image:type\" content=\"image\/jpeg\" \/>\n<meta name=\"twitter:card\" content=\"summary_large_image\" \/>\n<meta name=\"twitter:label1\" content=\"Ber\u00e4knad l\u00e4stid\" \/>\n\t<meta name=\"twitter:data1\" content=\"1 minut\" \/>\n<script type=\"application\/ld+json\" class=\"yoast-schema-graph\">{\"@context\":\"https:\\\/\\\/schema.org\",\"@graph\":[{\"@type\":\"WebPage\",\"@id\":\"https:\\\/\\\/leipyoli.com\\\/sv\\\/gardsturism\\\/motestjanster\\\/\",\"url\":\"https:\\\/\\\/leipyoli.com\\\/sv\\\/gardsturism\\\/motestjanster\\\/\",\"name\":\"Leipy\u00f6lin tila - M\u00f6testj\u00e4nster\",\"isPartOf\":{\"@id\":\"https:\\\/\\\/leipyoli.com\\\/sv\\\/#website\"},\"datePublished\":\"2017-11-20T13:31:22+00:00\",\"dateModified\":\"2025-02-21T11:03:48+00:00\",\"description\":\"H\u00e5ll ditt m\u00f6te, utbildning, teamdag eller rekreationsdag p\u00e5 Leipy\u00f6li-g\u00e5rden \u2013 f\u00f6r en dag eller flera! Vi erbjuder en bekv\u00e4m och lugn m\u00f6teslokal f\u00f6r upp till 30 personer.\",\"breadcrumb\":{\"@id\":\"https:\\\/\\\/leipyoli.com\\\/sv\\\/gardsturism\\\/motestjanster\\\/#breadcrumb\"},\"inLanguage\":\"sv-SE\",\"potentialAction\":[{\"@type\":\"ReadAction\",\"target\":[\"https:\\\/\\\/leipyoli.com\\\/sv\\\/gardsturism\\\/motestjanster\\\/\"]}]},{\"@type\":\"BreadcrumbList\",\"@id\":\"https:\\\/\\\/leipyoli.com\\\/sv\\\/gardsturism\\\/motestjanster\\\/#breadcrumb\",\"itemListElement\":[{\"@type\":\"ListItem\",\"position\":1,\"name\":\"Home\",\"item\":\"https:\\\/\\\/leipyoli.com\\\/sv\\\/startsida\\\/\"},{\"@type\":\"ListItem\",\"position\":2,\"name\":\"G\u00e5rdsturism\",\"item\":\"https:\\\/\\\/leipyoli.com\\\/sv\\\/gardsturism\\\/\"},{\"@type\":\"ListItem\",\"position\":3,\"name\":\"M\u00f6testj\u00e4nster\"}]},{\"@type\":\"WebSite\",\"@id\":\"https:\\\/\\\/leipyoli.com\\\/sv\\\/#website\",\"url\":\"https:\\\/\\\/leipyoli.com\\\/sv\\\/\",\"name\":\"Leipy\u00f6lin tila\",\"description\":\"Maanviljely\u00e4, yl\u00e4maankarjaa ja maatilamatkaulua Salossa!\",\"publisher\":{\"@id\":\"https:\\\/\\\/leipyoli.com\\\/sv\\\/#organization\"},\"potentialAction\":[{\"@type\":\"SearchAction\",\"target\":{\"@type\":\"EntryPoint\",\"urlTemplate\":\"https:\\\/\\\/leipyoli.com\\\/sv\\\/?s={search_term_string}\"},\"query-input\":{\"@type\":\"PropertyValueSpecification\",\"valueRequired\":true,\"valueName\":\"search_term_string\"}}],\"inLanguage\":\"sv-SE\"},{\"@type\":\"Organization\",\"@id\":\"https:\\\/\\\/leipyoli.com\\\/sv\\\/#organization\",\"name\":\"Leipy\u00f6lin tila\",\"url\":\"https:\\\/\\\/leipyoli.com\\\/sv\\\/\",\"logo\":{\"@type\":\"ImageObject\",\"inLanguage\":\"sv-SE\",\"@id\":\"https:\\\/\\\/leipyoli.com\\\/sv\\\/#\\\/schema\\\/logo\\\/image\\\/\",\"url\":\"https:\\\/\\\/leipyoli.com\\\/wp-content\\\/uploads\\\/2017\\\/11\\\/leipyoli-logo-nav.svg\",\"contentUrl\":\"https:\\\/\\\/leipyoli.com\\\/wp-content\\\/uploads\\\/2017\\\/11\\\/leipyoli-logo-nav.svg\",\"width\":1,\"height\":1,\"caption\":\"Leipy\u00f6lin tila\"},\"image\":{\"@id\":\"https:\\\/\\\/leipyoli.com\\\/sv\\\/#\\\/schema\\\/logo\\\/image\\\/\"},\"sameAs\":[\"https:\\\/\\\/www.facebook.com\\\/leipyolintila\"]}]}<\/script>\n<!-- \/ Yoast SEO plugin. -->","yoast_head_json":{"title":"Leipy\u00f6lin tila - M\u00f6testj\u00e4nster","description":"H\u00e5ll ditt m\u00f6te, utbildning, teamdag eller rekreationsdag p\u00e5 Leipy\u00f6li-g\u00e5rden \u2013 f\u00f6r en dag eller flera! Vi erbjuder en bekv\u00e4m och lugn m\u00f6teslokal f\u00f6r upp till 30 personer.","robots":{"index":"index","follow":"follow","max-snippet":"max-snippet:-1","max-image-preview":"max-image-preview:large","max-video-preview":"max-video-preview:-1"},"canonical":"https:\/\/leipyoli.com\/sv\/gardsturism\/motestjanster\/","og_locale":"sv_SE","og_type":"article","og_title":"Leipy\u00f6lin tila - M\u00f6testj\u00e4nster","og_description":"H\u00e5ll ditt m\u00f6te, utbildning, teamdag eller rekreationsdag p\u00e5 Leipy\u00f6li-g\u00e5rden \u2013 f\u00f6r en dag eller flera! Vi erbjuder en bekv\u00e4m och lugn m\u00f6teslokal f\u00f6r upp till 30 personer.","og_url":"https:\/\/leipyoli.com\/sv\/gardsturism\/motestjanster\/","og_site_name":"Leipy\u00f6lin tila","article_publisher":"https:\/\/www.facebook.com\/leipyolintila","article_modified_time":"2025-02-21T11:03:48+00:00","og_image":[{"width":1200,"height":630,"url":"https:\/\/leipyoli.com\/wp-content\/uploads\/2018\/03\/leipyolin_tila-FB.jpg","type":"image\/jpeg"}],"twitter_card":"summary_large_image","twitter_misc":{"Ber\u00e4knad l\u00e4stid":"1 minut"},"schema":{"@context":"https:\/\/schema.org","@graph":[{"@type":"WebPage","@id":"https:\/\/leipyoli.com\/sv\/gardsturism\/motestjanster\/","url":"https:\/\/leipyoli.com\/sv\/gardsturism\/motestjanster\/","name":"Leipy\u00f6lin tila - M\u00f6testj\u00e4nster","isPartOf":{"@id":"https:\/\/leipyoli.com\/sv\/#website"},"datePublished":"2017-11-20T13:31:22+00:00","dateModified":"2025-02-21T11:03:48+00:00","description":"H\u00e5ll ditt m\u00f6te, utbildning, teamdag eller rekreationsdag p\u00e5 Leipy\u00f6li-g\u00e5rden \u2013 f\u00f6r en dag eller flera! Vi erbjuder en bekv\u00e4m och lugn m\u00f6teslokal f\u00f6r upp till 30 personer.","breadcrumb":{"@id":"https:\/\/leipyoli.com\/sv\/gardsturism\/motestjanster\/#breadcrumb"},"inLanguage":"sv-SE","potentialAction":[{"@type":"ReadAction","target":["https:\/\/leipyoli.com\/sv\/gardsturism\/motestjanster\/"]}]},{"@type":"BreadcrumbList","@id":"https:\/\/leipyoli.com\/sv\/gardsturism\/motestjanster\/#breadcrumb","itemListElement":[{"@type":"ListItem","position":1,"name":"Home","item":"https:\/\/leipyoli.com\/sv\/startsida\/"},{"@type":"ListItem","position":2,"name":"G\u00e5rdsturism","item":"https:\/\/leipyoli.com\/sv\/gardsturism\/"},{"@type":"ListItem","position":3,"name":"M\u00f6testj\u00e4nster"}]},{"@type":"WebSite","@id":"https:\/\/leipyoli.com\/sv\/#website","url":"https:\/\/leipyoli.com\/sv\/","name":"Leipy\u00f6lin tila","description":"Maanviljely\u00e4, yl\u00e4maankarjaa ja maatilamatkaulua Salossa!","publisher":{"@id":"https:\/\/leipyoli.com\/sv\/#organization"},"potentialAction":[{"@type":"SearchAction","target":{"@type":"EntryPoint","urlTemplate":"https:\/\/leipyoli.com\/sv\/?s={search_term_string}"},"query-input":{"@type":"PropertyValueSpecification","valueRequired":true,"valueName":"search_term_string"}}],"inLanguage":"sv-SE"},{"@type":"Organization","@id":"https:\/\/leipyoli.com\/sv\/#organization","name":"Leipy\u00f6lin tila","url":"https:\/\/leipyoli.com\/sv\/","logo":{"@type":"ImageObject","inLanguage":"sv-SE","@id":"https:\/\/leipyoli.com\/sv\/#\/schema\/logo\/image\/","url":"https:\/\/leipyoli.com\/wp-content\/uploads\/2017\/11\/leipyoli-logo-nav.svg","contentUrl":"https:\/\/leipyoli.com\/wp-content\/uploads\/2017\/11\/leipyoli-logo-nav.svg","width":1,"height":1,"caption":"Leipy\u00f6lin tila"},"image":{"@id":"https:\/\/leipyoli.com\/sv\/#\/schema\/logo\/image\/"},"sameAs":["https:\/\/www.facebook.com\/leipyolintila"]}]}},"_links":{"self":[{"href":"https:\/\/leipyoli.com\/sv\/wp-json\/wp\/v2\/pages\/1829","targetHints":{"allow":["GET"]}}],"collection":[{"href":"https:\/\/leipyoli.com\/sv\/wp-json\/wp\/v2\/pages"}],"about":[{"href":"https:\/\/leipyoli.com\/sv\/wp-json\/wp\/v2\/types\/page"}],"author":[{"embeddable":true,"href":"https:\/\/leipyoli.com\/sv\/wp-json\/wp\/v2\/users\/1"}],"replies":[{"embeddable":true,"href":"https:\/\/leipyoli.com\/sv\/wp-json\/wp\/v2\/comments?post=1829"}],"version-history":[{"count":1,"href":"https:\/\/leipyoli.com\/sv\/wp-json\/wp\/v2\/pages\/1829\/revisions"}],"predecessor-version":[{"id":1830,"href":"https:\/\/leipyoli.com\/sv\/wp-json\/wp\/v2\/pages\/1829\/revisions\/1830"}],"up":[{"embeddable":true,"href":"https:\/\/leipyoli.com\/sv\/wp-json\/wp\/v2\/pages\/1807"}],"wp:attachment":[{"href":"https:\/\/leipyoli.com\/sv\/wp-json\/wp\/v2\/media?parent=1829"}],"curies":[{"name":"wp","href":"https:\/\/api.w.org\/{rel}","templated":true}]}}